{"id":5140,"date":"2024-11-26T12:59:18","date_gmt":"2024-11-26T12:59:18","guid":{"rendered":"https:\/\/hamilton.global\/?page_id=5140"},"modified":"2024-11-26T13:04:10","modified_gmt":"2024-11-26T13:04:10","slug":"politica-de-redes-sociales","status":"publish","type":"page","link":"https:\/\/hamilton.global\/fr\/politica-de-redes-sociales\/","title":{"rendered":"Politique relative aux m\u00e9dias sociaux"},"content":{"rendered":"<p>[et_pb_section fb_built=\u00bb1\u2033 _builder_version=\u00bb4.7.5\u2033 _module_preset=\u00bbdefault\u00bb background_color=\u00bb#169ace\u00bb min_height=\u00bb400px\u00bb da_disable_devices=\u00bboff|off|off\u00bb da_is_popup=\u00bboff\u00bb da_exit_intent=\u00bboff\u00bb da_has_close=\u00bbon\u00bb da_alt_close=\u00bboff\u00bb da_dark_close=\u00bboff\u00bb da_not_modal=\u00bbon\u00bb da_is_singular=\u00bboff\u00bb da_with_loader=\u00bboff\u00bb da_has_shadow=\u00bbon\u00bb][et_pb_row _builder_version=\u00bb4.7.5\u2033 _module_preset=\u00bbdefault\u00bb positioning=\u00bbabsolute\u00bb position_origin_a=\u00bbcenter_center\u00bb][et_pb_column type=\u00bb4_4\u2033 _builder_version=\u00bb4.7.5\u2033 _module_preset=\u00bbdefault\u00bb][et_pb_text _builder_version=\u00bb4.7.6\u2033 _module_preset=\u00bbdefault\u00bb header_font_size=\u00bb5em\u00bb hover_enabled=\u00bb0\u2033 sticky_enabled=\u00bb0\u2033]<\/p>\n<h1>Politique de confidentialit\u00e9 des r\u00e9seaux sociaux<\/h1>\n<p>[\/et_pb_text][\/et_pb_column][\/et_pb_row][\/et_pb_section][et_pb_section fb_built=\u00bb1\u2033 _builder_version=\u00bb4.7.5\u2033 _module_preset=\u00bbdefault\u00bb da_disable_devices=\u00bboff|off|off\u00bb da_is_popup=\u00bboff\u00bb da_exit_intent=\u00bboff\u00bb da_has_close=\u00bbon\u00bb da_alt_close=\u00bboff\u00bb da_dark_close=\u00bboff\u00bb da_not_modal=\u00bbon\u00bb da_is_singular=\u00bboff\u00bb da_with_loader=\u00bboff\u00bb da_has_shadow=\u00bbon\u00bb][et_pb_row _builder_version=\u00bb4.7.5\u2033 _module_preset=\u00bbdefault\u00bb][et_pb_column type=\u201d4_4\u2033 _builder_version=\u00bb4.7.5\u2033 _module_preset=\u00bbdefault\u00bb][et_pb_text _builder_version=\u00bb4.7.6\u2033 _module_preset=\u00bbdefault\u00bb hover_enabled=\u00bb0\u2033 sticky_enabled=\u00bb0\u2033]<\/p>\n<h2>1. Informations \u00e0 l&#039;utilisateur<\/h2>\n<h3>Qui est responsable du traitement de vos donn\u00e9es personnelles ?<\/h3>\n<p>HAMILTON INVESTIGACI\u00d3N ESTRAT\u00c9GICA, SL sera responsable du traitement des donn\u00e9es personnelles des PERSONNES qui ont proc\u00e9d\u00e9 \u00e0 la cr\u00e9ation d&#039;un profil sur l&#039;un de ses r\u00e9seaux sociaux, et elles seront trait\u00e9es conform\u00e9ment aux dispositions du r\u00e8glement (UE) 2016\/679. , du 27 avril (RGPD), la loi organique 3\/2018 du 5 d\u00e9cembre (LOPDGDD) et la loi sur les services de la soci\u00e9t\u00e9 de l&#039;information. et commerce \u00e9lectronique (LSSI), fournissant les informations de traitement suivantes\u00a0:<\/p>\n<h3>Pourquoi traitons-nous vos donn\u00e9es personnelles ?<\/h3>\n<p><strong>But <\/strong><strong>du traitement<\/strong>: pour entretenir une relation entre l&#039;UTILISATEUR et <strong>HAMILTON STRATEGIC INVESTIGATION, SL <\/strong>(ci-apr\u00e8s le RESPONSABLE) qui peut comprendre les op\u00e9rations suivantes\u00a0:<\/p>\n<p>Traiter les demandes et les interrogations adress\u00e9es au responsable<\/p>\n<p>Informer sur les activit\u00e9s et \u00e9v\u00e9nements organis\u00e9s par le responsable Informer sur les produits ou services propos\u00e9s par le responsable<\/p>\n<p>Interagissez via les profils officiels<\/p>\n<p>Lorsque le RESPONSABLE collecte et traite des donn\u00e9es personnelles via ses r\u00e9seaux sociaux, les UTILISATEURS seront inform\u00e9s de la finalit\u00e9 de la collecte des donn\u00e9es, ainsi que de leurs droits relatifs \u00e0 leurs donn\u00e9es personnelles. Les donn\u00e9es personnelles seront utilis\u00e9es uniquement aux fins indiqu\u00e9es et seront conserv\u00e9es en toute s\u00e9curit\u00e9.<\/p>\n<p><strong>Base juridique du traitement\u00a0: <\/strong>le consentement explicite donn\u00e9 par l&#039;UTILISATEUR pour le traitement de ses donn\u00e9es personnelles pour une ou plusieurs finalit\u00e9s sp\u00e9cifiques (article 6.1.a RGPD).<\/p>\n<p>D&#039;autre part, l&#039;UTILISATEUR peut acc\u00e9der \u00e0 tout moment aux politiques de confidentialit\u00e9 du r\u00e9seau social lui-m\u00eame, ainsi que configurer son profil pour garantir sa confidentialit\u00e9.<\/p>\n<h3>Combien de temps conserverons-nous vos donn\u00e9es personnelles ?<\/h3>\n<p><strong>Crit\u00e8res de conservation des donn\u00e9es\u00a0: <\/strong>Elles seront conserv\u00e9es tant que l&#039;UTILISATEUR ne r\u00e9voque pas le consentement donn\u00e9 comme indiqu\u00e9 dans la pr\u00e9sente politique de confidentialit\u00e9.<\/p>\n<h3>\u00c0 qui fournissons-nous vos donn\u00e9es personnelles ?<\/h3>\n<p><strong>Communication de donn\u00e9es\u00a0: <\/strong>Les informations fournies par l&#039;UTILISATEUR \u00e0 travers les r\u00e9seaux sociaux du RESPONSABLE, y compris ses donn\u00e9es personnelles, pourront \u00eatre publi\u00e9es, toujours en fonction des services que l&#039;UTILISATEUR utilise, de sorte qu&#039;elles pourront \u00eatre rendues publiques \u00e0 d&#039;autres utilisateurs tiers des r\u00e9seaux sociaux. Depuis le profil de chaque r\u00e9seau social, l&#039;UTILISATEUR peut configurer les informations qu&#039;il souhaite rendre publiques dans chaque cas, voir les autorisations qui ont \u00e9t\u00e9 accord\u00e9es, les supprimer ou les d\u00e9sactiver, comme toute application tierce qu&#039;il ne souhaite plus utiliser. .<\/p>\n<p>Toutefois, aucune communication de donn\u00e9es personnelles \u00e0 des tiers en dehors du r\u00e9seau social n&#039;est pr\u00e9vue sauf, si elle est indispensable au d\u00e9veloppement et \u00e0 l&#039;ex\u00e9cution des finalit\u00e9s du traitement, \u00e0 nos prestataires de services li\u00e9s aux communications, aupr\u00e8s desquels le RESPONSABLE a souscrit le. contrats de confidentialit\u00e9 et de traitement des donn\u00e9es requis par les r\u00e9glementations en vigueur sur la confidentialit\u00e9.<\/p>\n<h3>Quels sont vos droits ?<\/h3>\n<p>Droits qui assistent l&#039;UTILISATEUR\u00a0: ils ne peuvent \u00eatre satisfaits que par rapport aux informations qui sont sous le contr\u00f4le du RESPONSABLE.<\/p>\n<p>Droit de retirer son consentement \u00e0 tout moment.<\/p>\n<p>Droit d&#039;acc\u00e8s, de rectification, de portabilit\u00e9 et de suppression de vos donn\u00e9es, et limitation ou opposition \u00e0 leur traitement.<\/p>\n<p>Droit de pr\u00e9senter <strong>un <\/strong>faites une r\u00e9clamation aupr\u00e8s de l&#039;autorit\u00e9 de contr\u00f4le (www.aepd.es) si vous consid\u00e9rez que le traitement n&#039;est pas conforme \u00e0 la r\u00e9glementation en vigueur.<\/p>\n<h3>Coordonn\u00e9es pour exercer vos droits<\/h3>\n<p>HAMILTON INVESTIGACI\u00d3N ESTRAT\u00c9GICA, SL Diagonal 593-595 7\u00ba 2\u00aa, 593-595 7 2 \u2013 08014 BARCELONE<\/p>\n<p>(Barcelone). E-mail: <a href=\"mailto:info@hamilton.global\">info@hamilton.global<\/a><\/p>\n<p>La politique de confidentialit\u00e9 compl\u00e8te est disponible sur hamilton.global<\/p>\n<h2>2. Utiliser le profil<\/h2>\n<p>Le CONTR\u00d4LEUR effectuera les actions suivantes : Acc\u00e8s aux informations du profil public.<\/p>\n<p>Publication sur le profil de l&#039;UTILISATEUR de toutes les informations d\u00e9j\u00e0 publi\u00e9es sur le r\u00e9seau social du RESPONSABLE.<\/p>\n<p>Envoyez des messages personnels et individuels via les r\u00e9seaux sociaux.<\/p>\n<p>Mises \u00e0 jour de l&#039;\u00e9tat de la page qui seront publi\u00e9es dans le profil de l&#039;UTILISATEUR.<\/p>\n<p>L&#039;UTILISATEUR peut \u00e0 tout moment contr\u00f4ler ses connexions, \u00e9liminer les contenus qui ne l&#039;int\u00e9ressent plus et restreindre les personnes avec lesquelles il partage ses connexions ; Pour ce faire, vous devez acc\u00e9der \u00e0 vos param\u00e8tres o\u00f9 vous trouverez diff\u00e9rentes possibilit\u00e9s de configuration en fonction du degr\u00e9 de confidentialit\u00e9 du profil utilisateur sur le r\u00e9seau social.<\/p>\n<h2>3. Publications<\/h2>\n<p>L&#039;objectif des r\u00e9seaux sociaux est de donner de la visibilit\u00e9 et de la diffusion des activit\u00e9s r\u00e9alis\u00e9es par le RESPONSABLE. Ces outils stockent des donn\u00e9es personnelles sur les serveurs des services respectifs et sont r\u00e9gis par leur propre politique de confidentialit\u00e9.<\/p>\n<p>L&#039;UTILISATEUR, une fois qu&#039;il est abonn\u00e9 ou qu&#039;il a rejoint le r\u00e9seau social du CONTR\u00d4LEUR, peut publier des commentaires, des liens, des images, des photographies ou tout autre type de contenu multim\u00e9dia pris en charge par celui-ci. L&#039;UTILISATEUR, dans tous les cas, doit \u00eatre propri\u00e9taire du contenu publi\u00e9, jouir des droits d&#039;auteur et de propri\u00e9t\u00e9 intellectuelle ou avoir le consentement des tiers concern\u00e9s.<\/p>\n<p>Toute publication sur le r\u00e9seau social, qu&#039;il s&#039;agisse de textes, graphiques, photographies, vid\u00e9os, etc., est express\u00e9ment interdite. qui portent atteinte ou sont susceptibles de porter atteinte \u00e0 la moralit\u00e9, \u00e0 l&#039;\u00e9thique, au bon go\u00fbt ou \u00e0 la biens\u00e9ance, et\/ou qui portent atteinte, portent atteinte ou violent les droits de propri\u00e9t\u00e9 intellectuelle ou industrielle, le droit \u00e0 l&#039;image ou la Loi. Ils ne seront pas tol\u00e9r\u00e9s. ou des commentaires ou contenus inappropri\u00e9s sur les profils d\u2019entreprise. La Soci\u00e9t\u00e9 se r\u00e9serve le droit de supprimer ces commentaires ou contenus et de bloquer les utilisateurs responsables.<\/p>\n<p>Dans ces cas, le RESPONSABLE se r\u00e9serve le droit de supprimer imm\u00e9diatement le contenu, sans communication pr\u00e9alable, et peut demander le blocage permanent de l&#039;UTILISATEUR.<\/p>\n<p>Le RESPONSABLE ne sera pas responsable du contenu librement publi\u00e9 par l&#039;UTILISATEUR.<\/p>\n<p>L&#039;UTILISATEUR doit garder \u00e0 l&#039;esprit que ses publications seront connues des autres utilisateurs, c&#039;est pourquoi il est lui-m\u00eame le premier responsable de sa vie priv\u00e9e.<\/p>\n<p>Les images qui pourraient \u00eatre publi\u00e9es sur le r\u00e9seau social ne seront stock\u00e9es dans aucun fichier par le RESPONSABLE, mais elles resteront sur le r\u00e9seau social.<\/p>\n<h2>4. Donn\u00e9es des mineurs ou des personnes ayant des capacit\u00e9s particuli\u00e8res<\/h2>\n<p>Il est recommand\u00e9 de consulter et de lire les conditions d&#039;utilisation et la politique de confidentialit\u00e9 de chaque r\u00e9seau social au moment de l&#039;inscription, en tenant compte des diff\u00e9rentes conditions d&#039;\u00e2ge pour l&#039;inscription.<\/p>\n<p>De m\u00eame, le RESPONSABLE sera express\u00e9ment exon\u00e9r\u00e9 de toute responsabilit\u00e9 pouvant d\u00e9couler de l&#039;utilisation des r\u00e9seaux sociaux par des mineurs ou des personnes ayant des capacit\u00e9s particuli\u00e8res et dont l&#039;acc\u00e8s devra s&#039;effectuer sous la surveillance et le contr\u00f4le de leurs repr\u00e9sentants l\u00e9gaux.<\/p>\n<p>Le RESPONSABLE se r\u00e9serve le droit de modifier cette politique \u00e0 tout moment. Les modifications seront communiqu\u00e9es via nos profils de r\u00e9seaux sociaux et\/ou notre site Web.<\/p>\n<p>[\/et_pb_text][\/et_pb_column][\/et_pb_row][\/et_pb_section]<\/p>\n<span class=\"et_bloom_bottom_trigger\"><\/span>","protected":false},"excerpt":{"rendered":"<p>[et_pb_section fb_built=\u00bb1\u2033 _builder_version=\u00bb4.7.5\u2033 _module_preset=\u00bbdefault\u00bb background_color=\u00bb#169ace\u00bb min_height=\u00bb400px\u00bb da_disable_devices=\u00bboff|off|off\u00bb da_is_popup=\u00bboff\u00bb da_exit_intent=\u00bboff\u00bb da_has_close=\u00bbon\u00bb da_alt_close=\u00bboff\u00bb da_dark_close=\u00bboff\u00bb da_not_modal=\u00bbon\u00bb da_is_singular=\u00bboff\u00bb da_with_loader=\u00bboff\u00bb da_has_shadow=\u00bbon\u00bb][et_pb_row _builder_version=\u00bb4.7.5\u2033 _module_preset=\u00bbdefault\u00bb positioning=\u00bbabsolute\u00bb position_origin_a=\u00bbcenter_center\u00bb][et_pb_column type=\u00bb4_4\u2033 _builder_version=\u00bb4.7.5\u2033 _module_preset=\u00bbdefault\u00bb][et_pb_text _builder_version=\u00bb4.7.6\u2033 _module_preset=\u00bbdefault\u00bb header_font_size=\u00bb5em\u00bb hover_enabled=\u00bb0\u2033 sticky_enabled=\u00bb0\u2033] Politique de confidentialit\u00e9 des r\u00e9seaux sociaux [\/et_pb_text][\/et_pb_column][\/et_pb_row][\/et_pb_section][et_pb_section fb_built=\u00bb1\u2033 _builder_version=\u00bb4.7.5\u2033 _module_preset=\u00bbdefault\u00bb da_disable_devices=\u00bboff|off|off\u00bb da_is_popup=\u00bboff\u00bb da_exit_intent=\u00bboff\u00bb da_has_close=\u00bbon\u00bb da_alt_close=\u00bboff\u00bb da_dark_close=\u201doff\u201d da_not_modal=\u201don\u201d da_is_singular=\u201doff\u201d da_with_loader=\u201doff\u201d da_has_shadow=\u201don\u201d][et_pb_row _builder_version=\u201d4.7.5\u2033 _module_preset=\u201ddefault\u201d][et_pb_column type=\u201d4_4\u2033 _builder_version=\u201d4.7.5\u2033 _module_preset=\u00bbdefault\u00bb][et_pb_text _builder_version=\u00bb4.7.6\u2033 _module_preset=\u00bbdefault\u00bb [\u2026]<\/p>","protected":false},"author":4,"featured_media":0,"parent":0,"menu_order":0,"comment_status":"closed","ping_status":"closed","template":"","meta":{"_et_pb_use_builder":"on","_et_pb_old_content":"","_et_gb_content_width":""},"yoast_head":"<!-- This site is optimized with the Yoast SEO plugin v21.5 - https:\/\/yoast.com\/wordpress\/plugins\/seo\/ -->\n<title>Pol\u00edtica de Redes Sociales | Hamilton Global<\/title>\n<meta name=\"robots\" content=\"index, follow, max-snippet:-1, max-image-preview:large, max-video-preview:-1\" \/>\n<link rel=\"canonical\" href=\"https:\/\/hamilton.global\/fr\/politica-de-redes-sociales\/\" \/>\n<meta property=\"og:locale\" content=\"fr_FR\" \/>\n<meta property=\"og:type\" content=\"article\" \/>\n<meta property=\"og:title\" content=\"Pol\u00edtica de Redes Sociales | Hamilton Global\" \/>\n<meta property=\"og:description\" content=\"[et_pb_section fb_built=\u00bb1&#8243; _builder_version=\u00bb4.7.5&#8243; _module_preset=\u00bbdefault\u00bb background_color=\u00bb#169ace\u00bb min_height=\u00bb400px\u00bb da_disable_devices=\u00bboff|off|off\u00bb da_is_popup=\u00bboff\u00bb da_exit_intent=\u00bboff\u00bb da_has_close=\u00bbon\u00bb da_alt_close=\u00bboff\u00bb da_dark_close=\u00bboff\u00bb da_not_modal=\u00bbon\u00bb da_is_singular=\u00bboff\u00bb da_with_loader=\u00bboff\u00bb da_has_shadow=\u00bbon\u00bb][et_pb_row _builder_version=\u00bb4.7.5&#8243; _module_preset=\u00bbdefault\u00bb positioning=\u00bbabsolute\u00bb position_origin_a=\u00bbcenter_center\u00bb][et_pb_column type=\u00bb4_4&#8243; _builder_version=\u00bb4.7.5&#8243; _module_preset=\u00bbdefault\u00bb][et_pb_text _builder_version=\u00bb4.7.6&#8243; _module_preset=\u00bbdefault\u00bb header_font_size=\u00bb5em\u00bb hover_enabled=\u00bb0&#8243; sticky_enabled=\u00bb0&#8243;] Pol\u00edtica de privacidad de Redes sociales [\/et_pb_text][\/et_pb_column][\/et_pb_row][\/et_pb_section][et_pb_section fb_built=\u00bb1&#8243; _builder_version=\u00bb4.7.5&#8243; _module_preset=\u00bbdefault\u00bb da_disable_devices=\u00bboff|off|off\u00bb da_is_popup=\u00bboff\u00bb da_exit_intent=\u00bboff\u00bb da_has_close=\u00bbon\u00bb da_alt_close=\u00bboff\u00bb da_dark_close=\u00bboff\u00bb da_not_modal=\u00bbon\u00bb da_is_singular=\u00bboff\u00bb da_with_loader=\u00bboff\u00bb da_has_shadow=\u00bbon\u00bb][et_pb_row _builder_version=\u00bb4.7.5&#8243; _module_preset=\u00bbdefault\u00bb][et_pb_column type=\u00bb4_4&#8243; _builder_version=\u00bb4.7.5&#8243; _module_preset=\u00bbdefault\u00bb][et_pb_text _builder_version=\u00bb4.7.6&#8243; _module_preset=\u00bbdefault\u00bb [&hellip;]\" \/>\n<meta property=\"og:url\" content=\"https:\/\/hamilton.global\/fr\/politica-de-redes-sociales\/\" \/>\n<meta property=\"og:site_name\" content=\"Hamilton\" \/>\n<meta property=\"article:modified_time\" content=\"2024-11-26T13:04:10+00:00\" \/>\n<meta name=\"twitter:card\" content=\"summary_large_image\" \/>\n<meta name=\"twitter:label1\" content=\"Dur\u00e9e de lecture estim\u00e9e\" \/>\n\t<meta name=\"twitter:data1\" content=\"6 minutes\" \/>\n<script type=\"application\/ld+json\" class=\"yoast-schema-graph\">{\"@context\":\"https:\/\/schema.org\",\"@graph\":[{\"@type\":\"WebPage\",\"@id\":\"https:\/\/hamilton.global\/politica-de-redes-sociales\/\",\"url\":\"https:\/\/hamilton.global\/politica-de-redes-sociales\/\",\"name\":\"Pol\u00edtica de Redes Sociales | Hamilton Global\",\"isPartOf\":{\"@id\":\"https:\/\/hamilton.global\/#website\"},\"datePublished\":\"2024-11-26T12:59:18+00:00\",\"dateModified\":\"2024-11-26T13:04:10+00:00\",\"breadcrumb\":{\"@id\":\"https:\/\/hamilton.global\/politica-de-redes-sociales\/#breadcrumb\"},\"inLanguage\":\"fr-FR\",\"potentialAction\":[{\"@type\":\"ReadAction\",\"target\":[\"https:\/\/hamilton.global\/politica-de-redes-sociales\/\"]}]},{\"@type\":\"BreadcrumbList\",\"@id\":\"https:\/\/hamilton.global\/politica-de-redes-sociales\/#breadcrumb\",\"itemListElement\":[{\"@type\":\"ListItem\",\"position\":1,\"name\":\"Home\",\"item\":\"https:\/\/hamilton.global\/\"},{\"@type\":\"ListItem\",\"position\":2,\"name\":\"Pol\u00edtica de Redes Sociales\"}]},{\"@type\":\"WebSite\",\"@id\":\"https:\/\/hamilton.global\/#website\",\"url\":\"https:\/\/hamilton.global\/\",\"name\":\"Hamilton Global\",\"description\":\"Market Intelligence Consulting Company\",\"potentialAction\":[{\"@type\":\"SearchAction\",\"target\":{\"@type\":\"EntryPoint\",\"urlTemplate\":\"https:\/\/hamilton.global\/?s={search_term_string}\"},\"query-input\":\"required name=search_term_string\"}],\"inLanguage\":\"fr-FR\"}]}<\/script>\n<!-- \/ Yoast SEO plugin. -->","yoast_head_json":{"title":"Pol\u00edtica de Redes Sociales | Hamilton Global","robots":{"index":"index","follow":"follow","max-snippet":"max-snippet:-1","max-image-preview":"max-image-preview:large","max-video-preview":"max-video-preview:-1"},"canonical":"https:\/\/hamilton.global\/fr\/politica-de-redes-sociales\/","og_locale":"fr_FR","og_type":"article","og_title":"Pol\u00edtica de Redes Sociales | Hamilton Global","og_description":"[et_pb_section fb_built=\u00bb1&#8243; _builder_version=\u00bb4.7.5&#8243; _module_preset=\u00bbdefault\u00bb background_color=\u00bb#169ace\u00bb min_height=\u00bb400px\u00bb da_disable_devices=\u00bboff|off|off\u00bb da_is_popup=\u00bboff\u00bb da_exit_intent=\u00bboff\u00bb da_has_close=\u00bbon\u00bb da_alt_close=\u00bboff\u00bb da_dark_close=\u00bboff\u00bb da_not_modal=\u00bbon\u00bb da_is_singular=\u00bboff\u00bb da_with_loader=\u00bboff\u00bb da_has_shadow=\u00bbon\u00bb][et_pb_row _builder_version=\u00bb4.7.5&#8243; _module_preset=\u00bbdefault\u00bb positioning=\u00bbabsolute\u00bb position_origin_a=\u00bbcenter_center\u00bb][et_pb_column type=\u00bb4_4&#8243; _builder_version=\u00bb4.7.5&#8243; _module_preset=\u00bbdefault\u00bb][et_pb_text _builder_version=\u00bb4.7.6&#8243; _module_preset=\u00bbdefault\u00bb header_font_size=\u00bb5em\u00bb hover_enabled=\u00bb0&#8243; sticky_enabled=\u00bb0&#8243;] Pol\u00edtica de privacidad de Redes sociales [\/et_pb_text][\/et_pb_column][\/et_pb_row][\/et_pb_section][et_pb_section fb_built=\u00bb1&#8243; _builder_version=\u00bb4.7.5&#8243; _module_preset=\u00bbdefault\u00bb da_disable_devices=\u00bboff|off|off\u00bb da_is_popup=\u00bboff\u00bb da_exit_intent=\u00bboff\u00bb da_has_close=\u00bbon\u00bb da_alt_close=\u00bboff\u00bb da_dark_close=\u00bboff\u00bb da_not_modal=\u00bbon\u00bb da_is_singular=\u00bboff\u00bb da_with_loader=\u00bboff\u00bb da_has_shadow=\u00bbon\u00bb][et_pb_row _builder_version=\u00bb4.7.5&#8243; _module_preset=\u00bbdefault\u00bb][et_pb_column type=\u00bb4_4&#8243; _builder_version=\u00bb4.7.5&#8243; _module_preset=\u00bbdefault\u00bb][et_pb_text _builder_version=\u00bb4.7.6&#8243; _module_preset=\u00bbdefault\u00bb [&hellip;]","og_url":"https:\/\/hamilton.global\/fr\/politica-de-redes-sociales\/","og_site_name":"Hamilton","article_modified_time":"2024-11-26T13:04:10+00:00","twitter_card":"summary_large_image","twitter_misc":{"Dur\u00e9e de lecture estim\u00e9e":"6 minutes"},"schema":{"@context":"https:\/\/schema.org","@graph":[{"@type":"WebPage","@id":"https:\/\/hamilton.global\/politica-de-redes-sociales\/","url":"https:\/\/hamilton.global\/politica-de-redes-sociales\/","name":"Pol\u00edtica de Redes Sociales | Hamilton Global","isPartOf":{"@id":"https:\/\/hamilton.global\/#website"},"datePublished":"2024-11-26T12:59:18+00:00","dateModified":"2024-11-26T13:04:10+00:00","breadcrumb":{"@id":"https:\/\/hamilton.global\/politica-de-redes-sociales\/#breadcrumb"},"inLanguage":"fr-FR","potentialAction":[{"@type":"ReadAction","target":["https:\/\/hamilton.global\/politica-de-redes-sociales\/"]}]},{"@type":"BreadcrumbList","@id":"https:\/\/hamilton.global\/politica-de-redes-sociales\/#breadcrumb","itemListElement":[{"@type":"ListItem","position":1,"name":"Home","item":"https:\/\/hamilton.global\/"},{"@type":"ListItem","position":2,"name":"Pol\u00edtica de Redes Sociales"}]},{"@type":"WebSite","@id":"https:\/\/hamilton.global\/#website","url":"https:\/\/hamilton.global\/","name":"Hamilton Global","description":"Market Intelligence Consulting Company","potentialAction":[{"@type":"SearchAction","target":{"@type":"EntryPoint","urlTemplate":"https:\/\/hamilton.global\/?s={search_term_string}"},"query-input":"required name=search_term_string"}],"inLanguage":"fr-FR"}]}},"_links":{"self":[{"href":"https:\/\/hamilton.global\/fr\/wp-json\/wp\/v2\/pages\/5140"}],"collection":[{"href":"https:\/\/hamilton.global\/fr\/wp-json\/wp\/v2\/pages"}],"about":[{"href":"https:\/\/hamilton.global\/fr\/wp-json\/wp\/v2\/types\/page"}],"author":[{"embeddable":true,"href":"https:\/\/hamilton.global\/fr\/wp-json\/wp\/v2\/users\/4"}],"replies":[{"embeddable":true,"href":"https:\/\/hamilton.global\/fr\/wp-json\/wp\/v2\/comments?post=5140"}],"version-history":[{"count":3,"href":"https:\/\/hamilton.global\/fr\/wp-json\/wp\/v2\/pages\/5140\/revisions"}],"predecessor-version":[{"id":5143,"href":"https:\/\/hamilton.global\/fr\/wp-json\/wp\/v2\/pages\/5140\/revisions\/5143"}],"wp:attachment":[{"href":"https:\/\/hamilton.global\/fr\/wp-json\/wp\/v2\/media?parent=5140"}],"curies":[{"name":"wp","href":"https:\/\/api.w.org\/{rel}","templated":true}]}}