{"id":3331,"date":"2020-12-16T11:42:38","date_gmt":"2020-12-16T11:42:38","guid":{"rendered":"http:\/\/hamilton.global\/?page_id=3331"},"modified":"2024-11-26T12:52:29","modified_gmt":"2024-11-26T12:52:29","slug":"aviso-legal","status":"publish","type":"page","link":"https:\/\/hamilton.global\/fr\/aviso-legal\/","title":{"rendered":"MENTIONS L\u00c9GALES"},"content":{"rendered":"<p>[et_pb_section fb_built=\u00bb1\u2033 _builder_version=\u00bb4.7.5\u2033 _module_preset=\u00bbdefault\u00bb background_color=\u00bb#169ace\u00bb min_height=\u00bb400px\u00bb da_disable_devices=\u00bboff|off|off\u00bb da_is_popup=\u00bboff\u00bb da_exit_intent=\u00bboff\u00bb da_has_close=\u00bbon\u00bb da_alt_close=\u00bboff\u00bb da_dark_close=\u00bboff\u00bb da_not_modal=\u00bbon\u00bb da_is_singular=\u00bboff\u00bb da_with_loader=\u00bboff\u00bb da_has_shadow=\u00bbon\u00bb][et_pb_row _builder_version=\u00bb4.7.5\u2033 _module_preset=\u00bbdefault\u00bb positioning=\u00bbabsolute\u00bb position_origin_a=\u00bbcenter_center\u00bb][et_pb_column type=\u00bb4_4\u2033 _builder_version=\u00bb4.7.5\u2033 _module_preset=\u00bbdefault\u00bb][et_pb_text _builder_version=\u00bb4.7.6\u2033 _module_preset=\u00bbdefault\u00bb header_font_size=\u00bb5em\u00bb]<\/p>\n<h1>Mentions l\u00e9gales<\/h1>\n<p>[\/et_pb_text][\/et_pb_column][\/et_pb_row][\/et_pb_section][et_pb_section fb_built=\u00bb1\u2033 _builder_version=\u00bb4.7.5\u2033 _module_preset=\u00bbdefault\u00bb da_disable_devices=\u00bboff|off|off\u00bb da_is_popup=\u00bboff\u00bb da_exit_intent=\u00bboff\u00bb da_has_close=\u00bbon\u00bb da_alt_close=\u00bboff\u00bb da_dark_close=\u00bboff\u00bb da_not_modal=\u00bbon\u00bb da_is_singular=\u00bboff\u00bb da_with_loader=\u00bboff\u00bb da_has_shadow=\u00bbon\u00bb][et_pb_row _builder_version=\u00bb4.7.5\u2033 _module_preset=\u00bbdefault\u00bb][et_pb_column type=\u201d4_4\u2033 _builder_version=\u00bb4.7.5\u2033 _module_preset=\u00bbdefault\u00bb][et_pb_text _builder_version=\u00bb4.7.6\u2033 _module_preset=\u00bbdefault\u00bb hover_enabled=\u00bb0\u2033 sticky_enabled=\u00bb0\u2033]<\/p>\n<h2 align=\"center\" style=\"margin-left: .05pt; text-align: center; text-indent: 0cm;\">LOI<span style=\"letter-spacing: -.05pt;\"> <\/span>DE<span style=\"letter-spacing: -.05pt;\"> <\/span>LE<span style=\"letter-spacing: -.05pt;\"> <\/span>SERVICES<span style=\"letter-spacing: -.05pt;\"> <\/span>LE<span style=\"letter-spacing: -.05pt;\"> <\/span>SOCI\u00c9T\u00c9<span style=\"letter-spacing: -.05pt;\"> <\/span>DE<span style=\"letter-spacing: -.05pt;\"> <\/span>LE<span style=\"letter-spacing: -.05pt;\"> <\/span>INFORMATION <span style=\"letter-spacing: -.1pt;\">(LSSI)<\/span><o:p><\/o:p><\/h2>\n<p><span style=\"font-weight: 400;\">\u00a0<\/span><\/p>\n<p>HAMILTON INVESTIGACI\u00d3N ESTRAT\u00c9GICA, SL, responsable du site Web, ci-apr\u00e8s RESPONSABLE, met \u00e0 la disposition des utilisateurs ce document, avec lequel elle entend respecter les obligations \u00e9nonc\u00e9es dans la loi 34\/2002 du 11 juillet sur les services de l&#039;information et de la soci\u00e9t\u00e9 de l&#039;information. Commerce \u00e9lectronique (LSSICE), BOE n\u00b0 166, ainsi que d&#039;informer tous les utilisateurs du site Internet des conditions de utiliser.<\/p>\n<p>Toute personne qui acc\u00e8de \u00e0 ce site Web assume le r\u00f4le d&#039;utilisateur, s&#039;engageant au strict respect et au respect des dispositions \u00e9nonc\u00e9es dans le pr\u00e9sent document, ainsi que de toute autre disposition l\u00e9gale applicable.<\/p>\n<p>HAMILTON INVESTIGACI\u00d3N ESTRAT\u00c9GICA, SL se r\u00e9serve le droit de modifier tout type d&#039;informations pouvant appara\u00eetre sur le site Web, sans qu&#039;il y ait aucune obligation de notifier ou d&#039;informer les utilisateurs de ces obligations, \u00e9tant entendu comme suffisant avec la publication sur le site Web de HAMILTON STRATEGIC INVESTIGATION. , SL.<\/p>\n<h2>1. Donn\u00e9es d&#039;identification<\/h2>\n<ul>\n<li><strong>Nom de domaine<\/strong>: hamilton.global<\/li>\n<li><strong>Nom commercial<\/strong>: Hamilton Global<\/li>\n<li><strong>Nom de l&#039;entreprise<\/strong>: HAMILTON STRATEGIC INVESTIGATION, SL<\/li>\n<li><strong>FNI<\/strong>:B61834024<\/li>\n<li><strong>Si\u00e8ge social<\/strong>: C\/ Majorque, 221 \u2013 08008 BARCELONE T\u00e9l\u00e9phone : 932370992<\/li>\n<li><strong>E-mail<\/strong>: <a href=\"mailto:info@hamilton.global\">info@hamilton.global<\/a><\/li>\n<li><strong>Inscrit au Registre (Commercial \/ Public)<\/strong>: Barcelone, Volume 31270, Folio 0111, Feuille Num\u00e9ro 192564<\/li>\n<\/ul>\n<h2>2. Droits de propri\u00e9t\u00e9 intellectuelle et industrielle<\/h2>\n<p>Le site Internet, y compris mais sans s&#039;y limiter, sa programmation, son \u00e9dition, sa compilation et autres \u00e9l\u00e9ments n\u00e9cessaires \u00e0 son fonctionnement, les designs, logos, textes et\/ou graphiques, sont la propri\u00e9t\u00e9 du RESPONSABLE ou, le cas \u00e9ch\u00e9ant, dispose d&#039;une licence ou autorisation expresse de les auteurs. Tous les contenus du site Web sont d\u00fbment prot\u00e9g\u00e9s par la r\u00e9glementation en mati\u00e8re de propri\u00e9t\u00e9 intellectuelle et industrielle, ainsi que enregistr\u00e9s dans les registres publics correspondants.<\/p>\n<p>Quelle que soit la finalit\u00e9 pour laquelle ils sont destin\u00e9s, la reproduction totale ou partielle, l&#039;utilisation, l&#039;exploitation, la distribution et la commercialisation n\u00e9cessitent dans tous les cas l&#039;autorisation \u00e9crite pr\u00e9alable du RESPONSABLE. Toute utilisation non pr\u00e9alablement autoris\u00e9e est consid\u00e9r\u00e9e comme une violation grave des droits de propri\u00e9t\u00e9 intellectuelle ou industrielle de l&#039;auteur.<\/p>\n<p>Les dessins, logos, textes et\/ou graphiques autres que ceux du RESPONSABLE et susceptibles d&#039;appara\u00eetre sur le site appartiennent \u00e0 leurs propri\u00e9taires respectifs, et ils sont eux-m\u00eames responsables de toute \u00e9ventuelle controverse qui pourrait surgir \u00e0 leur sujet. Le RESPONSABLE autorise express\u00e9ment les tiers \u00e0 rediriger directement vers le contenu sp\u00e9cifique du site Web, et en tout cas rediriger vers le site Web principal hamilton.global.<\/p>\n<p>Le RESPONSABLE reconna\u00eet en faveur de ses propri\u00e9taires les droits de propri\u00e9t\u00e9 intellectuelle et industrielle correspondants, sa simple mention ou apparition sur le site n&#039;impliquant l&#039;existence d&#039;aucun droit ou responsabilit\u00e9 sur ceux-ci, ni l&#039;approbation, le parrainage ou la recommandation de celui-ci.<\/p>\n<p>Pour faire tout type d&#039;observation concernant d&#039;\u00e9ventuelles violations des droits de propri\u00e9t\u00e9 intellectuelle ou industrielle, ainsi que sur tout contenu du site Web, vous pouvez le faire par courrier \u00e9lectronique. <a href=\"mailto:info@hamilton.global\">info@hamilton.global.<\/a><\/p>\n<h2>3. Avis de non-responsabilit\u00e9<\/h2>\n<p>Le RESPONSABLE est exon\u00e9r\u00e9 de tout type de responsabilit\u00e9 d\u00e9riv\u00e9e des informations publi\u00e9es sur son site Web chaque fois que ces informations ont \u00e9t\u00e9 manipul\u00e9es ou introduites par un tiers qui ne lui est pas li\u00e9.<\/p>\n<h3>Utilisation des cookies<\/h3>\n<p>Ce site Web peut utiliser des cookies techniques (petits fichiers d&#039;informations que le serveur envoie \u00e0 l&#039;ordinateur de la personne acc\u00e9dant \u00e0 la page) pour r\u00e9aliser certaines fonctions consid\u00e9r\u00e9es comme essentielles au bon fonctionnement et \u00e0 l&#039;affichage du site. Les cookies utilis\u00e9s sont, en tout \u00e9tat de cause, de nature temporaire, dans le seul but de rendre la navigation plus efficace et disparaissent \u00e0 la fin de la session de l&#039;utilisateur. En aucun cas ces cookies ne fournissent \u00e0 eux seuls des donn\u00e9es personnelles et ne serviront pas \u00e0 les collecter.<\/p>\n<p>Gr\u00e2ce \u00e0 l&#039;utilisation de cookies, il est \u00e9galement possible que le serveur sur lequel se trouve le site Web reconnaisse le navigateur utilis\u00e9 par l&#039;utilisateur afin de faciliter la navigation, en permettant, par exemple, l&#039;acc\u00e8s aux utilisateurs pr\u00e9alablement inscrits aux zones, services. , promotions ou concours qui leur sont r\u00e9serv\u00e9s exclusivement sans avoir \u00e0 s&#039;inscrire \u00e0 chaque visite. Ils peuvent \u00e9galement \u00eatre utilis\u00e9s pour mesurer l&#039;audience, les param\u00e8tres de trafic, contr\u00f4ler la progression et le nombre d&#039;entr\u00e9es, etc., dans ces cas les cookies \u00e9tant techniquement superflus, mais b\u00e9n\u00e9fiques pour l&#039;utilisateur. Ce site Web n&#039;installera pas de cookies inutiles sans le consentement pr\u00e9alable de l&#039;utilisateur.<\/p>\n<p>L&#039;utilisateur a la possibilit\u00e9 de configurer son navigateur pour \u00eatre alert\u00e9 de la r\u00e9ception de cookies et emp\u00eacher leur installation sur son ordinateur. Veuillez consulter les instructions de votre navigateur pour plus d&#039;informations.<\/p>\n<h3>Politique de lien<\/h3>\n<p>\u00c0 partir du site Web, vous pouvez \u00eatre redirig\u00e9 vers du contenu sur des sites Web tiers. \u00c9tant donn\u00e9 que le RESPONSABLE ne peut pas toujours contr\u00f4ler les contenus introduits par des tiers sur leurs sites Web respectifs, il n&#039;assume aucune responsabilit\u00e9 quant \u00e0 ces contenus. Dans tous les cas, il proc\u00e9dera au retrait imm\u00e9diat de tout contenu susceptible de contrevenir \u00e0 la l\u00e9gislation nationale ou internationale, aux bonnes m\u0153urs ou \u00e0 l&#039;ordre public, en proc\u00e9dant au retrait imm\u00e9diat de la redirection vers ledit site Web, en portant le contenu \u00e0 la connaissance des autorit\u00e9s comp\u00e9tentes. en question.<\/p>\n<p>Le RESPONSABLE n&#039;est pas responsable des informations et du contenu stock\u00e9s, \u00e0 titre d&#039;exemple, mais sans s&#039;y limiter, dans les forums, chats, g\u00e9n\u00e9rateurs de blogs, commentaires, r\u00e9seaux sociaux ou tout autre moyen permettant \u00e0 des tiers de publier du contenu de mani\u00e8re ind\u00e9pendante sur la page. site Internet du CONTR\u00d4LEUR. Cependant, et conform\u00e9ment aux dispositions des articles 11 et 16 de la LSSICE, il est mis \u00e0 la disposition de tous les utilisateurs, autorit\u00e9s et forces de s\u00e9curit\u00e9, collaborant activement au retrait ou, le cas \u00e9ch\u00e9ant, au blocage de tous les contenus susceptibles d&#039;affecter ou de contrevenir. la l\u00e9gislation nationale ou internationale, les droits des tiers ou encore les bonnes m\u0153urs et l&#039;ordre public. Si l&#039;utilisateur estime qu&#039;il existe un contenu sur le site Web susceptible d&#039;\u00eatre soumis \u00e0 cette classification, il est pri\u00e9 d&#039;en informer imm\u00e9diatement l&#039;administrateur du site Web.<\/p>\n<p>Ce site Web a \u00e9t\u00e9 examin\u00e9 et test\u00e9 pour fonctionner correctement. En principe, le bon fonctionnement peut \u00eatre garanti 365 jours par an, 24 heures sur 24. Cependant, le RESPONSABLE n&#039;exclut pas la possibilit\u00e9 que certaines erreurs de programmation se produisent, ou que des cas de force majeure, des catastrophes naturelles, des gr\u00e8ves ou des circonstances similaires puissent survenir rendant impossible l&#039;acc\u00e8s au site Web.<\/p>\n<h3>Adresses IP<\/h3>\n<p>Les serveurs du site Web peuvent d\u00e9tecter automatiquement l&#039;adresse IP et le nom de domaine utilis\u00e9s par l&#039;utilisateur. Une adresse IP est un num\u00e9ro automatiquement attribu\u00e9 \u00e0 un ordinateur lorsqu&#039;il se connecte \u00e0 Internet. Toutes ces informations sont enregistr\u00e9es dans un fichier d&#039;activit\u00e9 du serveur d\u00fbment enregistr\u00e9 qui permet le traitement ult\u00e9rieur des donn\u00e9es afin d&#039;obtenir uniquement des mesures statistiques permettant de conna\u00eetre le nombre d&#039;impressions de pages, le nombre de visites effectu\u00e9es sur les serveurs Web, l&#039;ordre des visites. , le point d&#039;acc\u00e8s, etc.<\/p>\n<h2>4. Loi applicable et juridiction<\/h2>\n<p>La loi applicable en cas de litige ou de conflit d&#039;interpr\u00e9tation des termes qui composent les textes juridiques, ainsi que pour toute question li\u00e9e aux services de ce site Web, sera la loi espagnole.<\/p>\n<p>&nbsp;<\/p>\n<p><em>Derni\u00e8re mise \u00e0 jour : 21\/11\/2024<\/em><\/p>\n<h2><\/h2>\n<p>&nbsp;<\/p>\n<p>[\/et_pb_text][\/et_pb_column][\/et_pb_row][\/et_pb_section]<\/p>\n<span class=\"et_bloom_bottom_trigger\"><\/span>","protected":false},"excerpt":{"rendered":"<p>[et_pb_section fb_built=\u00bb1\u2033 _builder_version=\u00bb4.7.5\u2033 _module_preset=\u00bbdefault\u00bb background_color=\u00bb#169ace\u00bb min_height=\u00bb400px\u00bb da_disable_devices=\u00bboff|off|off\u00bb da_is_popup=\u00bboff\u00bb da_exit_intent=\u00bboff\u00bb da_has_close=\u00bbon\u00bb da_alt_close=\u00bboff\u00bb da_dark_close=\u00bboff\u00bb da_not_modal=\u00bbon\u00bb da_is_singular=\u00bboff\u00bb da_with_loader=\u00bboff\u00bb da_has_shadow=\u00bbon\u00bb][et_pb_row _builder_version=\u00bb4.7.5\u2033 _module_preset=\u00bbdefault\u00bb positioning=\u00bbabsolute\u00bb position_origin_a=\u00bbcenter_center\u00bb][et_pb_column type=\u00bb4_4\u2033 _builder_version=\u00bb4.7.5\u2033 _module_preset=\u00bbdefault\u00bb][et_pb_text _builder_version=\u00bb4.7.6\u2033 _module_preset=\u00bbdefault\u00bb header_font_size=\u00bb5em\u00bb] Mentions l\u00e9gales [\/et_pb_text][\/et_pb_column][\/et_pb_row][\/et_pb_section][et_pb_section fb_built=\u00bb1\u2033 _builder_version=\u00bb4.7.5\u2033 _module_preset=\u00bbdefault\u00bb da_disable_devices=\u00bboff|off|off\u00bb da_is_popup=\u00bboff\u00bb da_exit_intent=\u00bboff\u00bb da_has_close=\u00bbon\u00bb da_alt_close=\u00bboff\u00bb da_dark_close=\u00bboff\u00bb da_not_modal=\u00bbon\u00bb da_is_singular=\u201doff\u201d da_with_loader=\u201doff\u201d da_has_shadow=\u201don\u201d][et_pb_row _builder_version=\u201d4.7.5\u2033 _module_preset=\u201ddefault\u201d][et_pb_column type=\u201d4_4\u2033 _builder_version=\u201d4.7.5\u2033 _module_preset=\u201ddefault\u201d][et_pb_text _builder_version=\u00bb4.7.6\u2033 _module_preset=\u00bbdefault\u00bb hover_enabled=\u00bb0\u2033 sticky_enabled=\u00bb0\u2033] LOI DES SERVICES [\u2026]<\/p>","protected":false},"author":2,"featured_media":0,"parent":0,"menu_order":0,"comment_status":"closed","ping_status":"closed","template":"","meta":{"_et_pb_use_builder":"on","_et_pb_old_content":"","_et_gb_content_width":""},"yoast_head":"<!-- This site is optimized with the Yoast SEO plugin v21.5 - https:\/\/yoast.com\/wordpress\/plugins\/seo\/ -->\n<title>AVISO LEGAL |<\/title>\n<meta name=\"robots\" content=\"index, follow, max-snippet:-1, max-image-preview:large, max-video-preview:-1\" \/>\n<link rel=\"canonical\" href=\"https:\/\/hamilton.global\/fr\/aviso-legal\/\" \/>\n<meta property=\"og:locale\" content=\"fr_FR\" \/>\n<meta property=\"og:type\" content=\"article\" \/>\n<meta property=\"og:title\" content=\"AVISO LEGAL |\" \/>\n<meta property=\"og:description\" content=\"[et_pb_section fb_built=\u00bb1&#8243; _builder_version=\u00bb4.7.5&#8243; _module_preset=\u00bbdefault\u00bb background_color=\u00bb#169ace\u00bb min_height=\u00bb400px\u00bb da_disable_devices=\u00bboff|off|off\u00bb da_is_popup=\u00bboff\u00bb da_exit_intent=\u00bboff\u00bb da_has_close=\u00bbon\u00bb da_alt_close=\u00bboff\u00bb da_dark_close=\u00bboff\u00bb da_not_modal=\u00bbon\u00bb da_is_singular=\u00bboff\u00bb da_with_loader=\u00bboff\u00bb da_has_shadow=\u00bbon\u00bb][et_pb_row _builder_version=\u00bb4.7.5&#8243; _module_preset=\u00bbdefault\u00bb positioning=\u00bbabsolute\u00bb position_origin_a=\u00bbcenter_center\u00bb][et_pb_column type=\u00bb4_4&#8243; _builder_version=\u00bb4.7.5&#8243; _module_preset=\u00bbdefault\u00bb][et_pb_text _builder_version=\u00bb4.7.6&#8243; _module_preset=\u00bbdefault\u00bb header_font_size=\u00bb5em\u00bb] Aviso Legal [\/et_pb_text][\/et_pb_column][\/et_pb_row][\/et_pb_section][et_pb_section fb_built=\u00bb1&#8243; _builder_version=\u00bb4.7.5&#8243; _module_preset=\u00bbdefault\u00bb da_disable_devices=\u00bboff|off|off\u00bb da_is_popup=\u00bboff\u00bb da_exit_intent=\u00bboff\u00bb da_has_close=\u00bbon\u00bb da_alt_close=\u00bboff\u00bb da_dark_close=\u00bboff\u00bb da_not_modal=\u00bbon\u00bb da_is_singular=\u00bboff\u00bb da_with_loader=\u00bboff\u00bb da_has_shadow=\u00bbon\u00bb][et_pb_row _builder_version=\u00bb4.7.5&#8243; _module_preset=\u00bbdefault\u00bb][et_pb_column type=\u00bb4_4&#8243; _builder_version=\u00bb4.7.5&#8243; _module_preset=\u00bbdefault\u00bb][et_pb_text _builder_version=\u00bb4.7.6&#8243; _module_preset=\u00bbdefault\u00bb hover_enabled=\u00bb0&#8243; sticky_enabled=\u00bb0&#8243;] LEY DE LOS SERVICIOS [&hellip;]\" \/>\n<meta property=\"og:url\" content=\"https:\/\/hamilton.global\/fr\/aviso-legal\/\" \/>\n<meta property=\"og:site_name\" content=\"Hamilton\" \/>\n<meta property=\"article:modified_time\" content=\"2024-11-26T12:52:29+00:00\" \/>\n<meta name=\"twitter:card\" content=\"summary_large_image\" \/>\n<meta name=\"twitter:label1\" content=\"Dur\u00e9e de lecture estim\u00e9e\" \/>\n\t<meta name=\"twitter:data1\" content=\"8 minutes\" \/>\n<script type=\"application\/ld+json\" class=\"yoast-schema-graph\">{\"@context\":\"https:\/\/schema.org\",\"@graph\":[{\"@type\":\"WebPage\",\"@id\":\"https:\/\/hamilton.global\/aviso-legal\/\",\"url\":\"https:\/\/hamilton.global\/aviso-legal\/\",\"name\":\"AVISO LEGAL |\",\"isPartOf\":{\"@id\":\"https:\/\/hamilton.global\/#website\"},\"datePublished\":\"2020-12-16T11:42:38+00:00\",\"dateModified\":\"2024-11-26T12:52:29+00:00\",\"breadcrumb\":{\"@id\":\"https:\/\/hamilton.global\/aviso-legal\/#breadcrumb\"},\"inLanguage\":\"fr-FR\",\"potentialAction\":[{\"@type\":\"ReadAction\",\"target\":[\"https:\/\/hamilton.global\/aviso-legal\/\"]}]},{\"@type\":\"BreadcrumbList\",\"@id\":\"https:\/\/hamilton.global\/aviso-legal\/#breadcrumb\",\"itemListElement\":[{\"@type\":\"ListItem\",\"position\":1,\"name\":\"Home\",\"item\":\"https:\/\/hamilton.global\/\"},{\"@type\":\"ListItem\",\"position\":2,\"name\":\"AVISO LEGAL\"}]},{\"@type\":\"WebSite\",\"@id\":\"https:\/\/hamilton.global\/#website\",\"url\":\"https:\/\/hamilton.global\/\",\"name\":\"Hamilton Global\",\"description\":\"Market Intelligence Consulting Company\",\"potentialAction\":[{\"@type\":\"SearchAction\",\"target\":{\"@type\":\"EntryPoint\",\"urlTemplate\":\"https:\/\/hamilton.global\/?s={search_term_string}\"},\"query-input\":\"required name=search_term_string\"}],\"inLanguage\":\"fr-FR\"}]}<\/script>\n<!-- \/ Yoast SEO plugin. -->","yoast_head_json":{"title":"AVISO LEGAL |","robots":{"index":"index","follow":"follow","max-snippet":"max-snippet:-1","max-image-preview":"max-image-preview:large","max-video-preview":"max-video-preview:-1"},"canonical":"https:\/\/hamilton.global\/fr\/aviso-legal\/","og_locale":"fr_FR","og_type":"article","og_title":"AVISO LEGAL |","og_description":"[et_pb_section fb_built=\u00bb1&#8243; _builder_version=\u00bb4.7.5&#8243; _module_preset=\u00bbdefault\u00bb background_color=\u00bb#169ace\u00bb min_height=\u00bb400px\u00bb da_disable_devices=\u00bboff|off|off\u00bb da_is_popup=\u00bboff\u00bb da_exit_intent=\u00bboff\u00bb da_has_close=\u00bbon\u00bb da_alt_close=\u00bboff\u00bb da_dark_close=\u00bboff\u00bb da_not_modal=\u00bbon\u00bb da_is_singular=\u00bboff\u00bb da_with_loader=\u00bboff\u00bb da_has_shadow=\u00bbon\u00bb][et_pb_row _builder_version=\u00bb4.7.5&#8243; _module_preset=\u00bbdefault\u00bb positioning=\u00bbabsolute\u00bb position_origin_a=\u00bbcenter_center\u00bb][et_pb_column type=\u00bb4_4&#8243; _builder_version=\u00bb4.7.5&#8243; _module_preset=\u00bbdefault\u00bb][et_pb_text _builder_version=\u00bb4.7.6&#8243; _module_preset=\u00bbdefault\u00bb header_font_size=\u00bb5em\u00bb] Aviso Legal [\/et_pb_text][\/et_pb_column][\/et_pb_row][\/et_pb_section][et_pb_section fb_built=\u00bb1&#8243; _builder_version=\u00bb4.7.5&#8243; _module_preset=\u00bbdefault\u00bb da_disable_devices=\u00bboff|off|off\u00bb da_is_popup=\u00bboff\u00bb da_exit_intent=\u00bboff\u00bb da_has_close=\u00bbon\u00bb da_alt_close=\u00bboff\u00bb da_dark_close=\u00bboff\u00bb da_not_modal=\u00bbon\u00bb da_is_singular=\u00bboff\u00bb da_with_loader=\u00bboff\u00bb da_has_shadow=\u00bbon\u00bb][et_pb_row _builder_version=\u00bb4.7.5&#8243; _module_preset=\u00bbdefault\u00bb][et_pb_column type=\u00bb4_4&#8243; _builder_version=\u00bb4.7.5&#8243; _module_preset=\u00bbdefault\u00bb][et_pb_text _builder_version=\u00bb4.7.6&#8243; _module_preset=\u00bbdefault\u00bb hover_enabled=\u00bb0&#8243; sticky_enabled=\u00bb0&#8243;] LEY DE LOS SERVICIOS [&hellip;]","og_url":"https:\/\/hamilton.global\/fr\/aviso-legal\/","og_site_name":"Hamilton","article_modified_time":"2024-11-26T12:52:29+00:00","twitter_card":"summary_large_image","twitter_misc":{"Dur\u00e9e de lecture estim\u00e9e":"8 minutes"},"schema":{"@context":"https:\/\/schema.org","@graph":[{"@type":"WebPage","@id":"https:\/\/hamilton.global\/aviso-legal\/","url":"https:\/\/hamilton.global\/aviso-legal\/","name":"AVISO LEGAL |","isPartOf":{"@id":"https:\/\/hamilton.global\/#website"},"datePublished":"2020-12-16T11:42:38+00:00","dateModified":"2024-11-26T12:52:29+00:00","breadcrumb":{"@id":"https:\/\/hamilton.global\/aviso-legal\/#breadcrumb"},"inLanguage":"fr-FR","potentialAction":[{"@type":"ReadAction","target":["https:\/\/hamilton.global\/aviso-legal\/"]}]},{"@type":"BreadcrumbList","@id":"https:\/\/hamilton.global\/aviso-legal\/#breadcrumb","itemListElement":[{"@type":"ListItem","position":1,"name":"Home","item":"https:\/\/hamilton.global\/"},{"@type":"ListItem","position":2,"name":"AVISO LEGAL"}]},{"@type":"WebSite","@id":"https:\/\/hamilton.global\/#website","url":"https:\/\/hamilton.global\/","name":"Hamilton Global","description":"Market Intelligence Consulting Company","potentialAction":[{"@type":"SearchAction","target":{"@type":"EntryPoint","urlTemplate":"https:\/\/hamilton.global\/?s={search_term_string}"},"query-input":"required name=search_term_string"}],"inLanguage":"fr-FR"}]}},"_links":{"self":[{"href":"https:\/\/hamilton.global\/fr\/wp-json\/wp\/v2\/pages\/3331"}],"collection":[{"href":"https:\/\/hamilton.global\/fr\/wp-json\/wp\/v2\/pages"}],"about":[{"href":"https:\/\/hamilton.global\/fr\/wp-json\/wp\/v2\/types\/page"}],"author":[{"embeddable":true,"href":"https:\/\/hamilton.global\/fr\/wp-json\/wp\/v2\/users\/2"}],"replies":[{"embeddable":true,"href":"https:\/\/hamilton.global\/fr\/wp-json\/wp\/v2\/comments?post=3331"}],"version-history":[{"count":2,"href":"https:\/\/hamilton.global\/fr\/wp-json\/wp\/v2\/pages\/3331\/revisions"}],"predecessor-version":[{"id":5136,"href":"https:\/\/hamilton.global\/fr\/wp-json\/wp\/v2\/pages\/3331\/revisions\/5136"}],"wp:attachment":[{"href":"https:\/\/hamilton.global\/fr\/wp-json\/wp\/v2\/media?parent=3331"}],"curies":[{"name":"wp","href":"https:\/\/api.w.org\/{rel}","templated":true}]}}