{"id":3317,"date":"2020-12-16T11:20:32","date_gmt":"2020-12-16T11:20:32","guid":{"rendered":"http:\/\/hamilton.global\/?page_id=3317"},"modified":"2023-11-08T07:46:09","modified_gmt":"2023-11-08T07:46:09","slug":"aviso-legal-2","status":"publish","type":"page","link":"https:\/\/hamilton.global\/fr\/aviso-legal-2\/","title":{"rendered":"Avis juridique"},"content":{"rendered":"<p>[et_pb_section fb_built=\u00bb1\u2033 _builder_version=\u00bb4.7.5\u2033 _module_preset=\u00bbdefault\u00bb background_color=\u00bb#169ace\u00bb min_height=\u00bb400px\u00bb][et_pb_row _builder_version=\u00bb4.7.5\u2033 _module_preset=\u00bbdefault\u00bb positionnement=\u00bbabsolute\u00bb position_origin_a =\u00bbcenter_center\u00bb][et_pb_column type=\u00bb4_4\u2033 _builder_version=\u00bb4.7.5\u2033 _module_preset=\u00bbdefault\u00bb][et_pb_text _builder_version=\u00bb4.7.6\u2033 _module_preset=\u00bbdefault\u00bb header_font_size=\u00bb5em\u00bb hover_enabled=\u00bb0\u2033 sticky_enabled =\u00bb0\u2033]<\/p>\n<h1>Avertissement l\u00e9gal<\/h1>\n<p>[\/et_pb_text][\/et_pb_column][\/et_pb_row][\/et_pb_section][et_pb_section fb_built=\u00bb1\u2033 _builder_version=\u00bb4.7.5\u2033 _module_preset=\u00bbpar d\u00e9faut\u00bb][et_pb_row _builder_version=\u00bb4.7.5\u2033 _module_preset=\u00bbpar d\u00e9faut\u00bb ][et_pb_column type=\u00bb4_4\u2033 _builder_version=\u00bb4.7.5\u2033 _module_preset=\u00bbdefault\u00bb][et_pb_text _builder_version=\u00bb4.7.6\u2033 _module_preset=\u00bbdefault\u00bb hover_enabled=\u00bb0\u2033 sticky_enabled=\u00bb0\u2033]<\/p>\n<h2><b>Acc\u00e9der au site Web :<\/b><\/h2>\n<p><span style=\"font-weight: 400;\"><br \/> <\/span>Cette clause de non-responsabilit\u00e9 r\u00e9git l&#039;acc\u00e8s et l&#039;utilisation du site Web par les utilisateurs afin de fournir des informations sur les services et produits de l&#039;institution et de permettre \u00e0 tous les internautes d&#039;y acc\u00e9der de mani\u00e8re g\u00e9n\u00e9rale.<\/p>\n<p>Les personnes acc\u00e9dant et\/ou utilisant le site Internet sont consid\u00e9r\u00e9es comme occupant la qualit\u00e9 d&#039;Utilisateurs et impliquent leur acceptation, sans r\u00e9serve d&#039;aucune sorte, de chacune et de l&#039;ensemble des pr\u00e9sentes conditions g\u00e9n\u00e9rales, ainsi que des autres conditions particuli\u00e8res, le cas \u00e9ch\u00e9ant. tous, qui r\u00e9gissent l\u2019utilisation du Portail et des services qui y sont associ\u00e9s.<\/p>\n<p>Les utilisateurs doivent lire attentivement la clause de non-responsabilit\u00e9 et les politiques de confidentialit\u00e9 et de cookies lorsqu&#039;ils envisagent d&#039;utiliser le site Web, car HAMILTON GLOBAL INTELLIGENCE se r\u00e9serve le droit, \u00e0 tout moment et sans pr\u00e9avis, d&#039;effectuer toute modification ou mise \u00e0 jour du contenu et services, les pr\u00e9sentes dispositions d&#039;acc\u00e8s et d&#039;utilisation et, d&#039;une mani\u00e8re g\u00e9n\u00e9rale, tout \u00e9l\u00e9ment entrant dans la conception et la configuration du site. Si les utilisateurs n&#039;acceptent pas les conditions d&#039;acc\u00e8s et d&#039;utilisation, ils doivent s&#039;abstenir d&#039;utiliser le site Internet et son contenu.<\/p>\n<p>&nbsp;<\/p>\n<h2><b>Utilisation du site Web\u00a0:<\/b><\/h2>\n<p><span style=\"font-weight: 400;\"><br \/> <\/span>Les utilisateurs doivent utiliser le site Internet avec prudence, ainsi que les informations li\u00e9es aux services et\/ou activit\u00e9s qui y sont propos\u00e9s, en \u00e9tant pleinement soumis \u00e0 la r\u00e9glementation applicable ainsi qu&#039;aux r\u00e8gles de bonne conduite morale et g\u00e9n\u00e9ralement accept\u00e9es et \u00e0 l&#039;ordre public, ainsi qu&#039;aux conditions d\u2019acc\u00e8s et d\u2019utilisation et toutes autres conditions g\u00e9n\u00e9rales incluses sur le site Web.<\/p>\n<p>En outre, les utilisateurs doivent s&#039;abstenir d&#039;utiliser tout contenu \u00e0 des fins ou objectifs ill\u00e9gaux interdits en vertu du pr\u00e9sent document et qui pourraient nuire aux droits et int\u00e9r\u00eats de tiers, ou pourraient endommager, d\u00e9sactiver, surcharger, nuire ou entraver l&#039;utilisation normale. du contenu du site, d&#039;autres Utilisateurs ou de tout autre Internaute (mat\u00e9riel et logiciel).<\/p>\n<p>&nbsp;<\/p>\n<h2><b> Fonctionnement du Site Internet :<\/b><\/h2>\n<p>&nbsp;<\/p>\n<p>Si l&#039;utilisateur ne respecte pas les termes et conditions de la pr\u00e9sente clause de non-responsabilit\u00e9 ou des politiques de confidentialit\u00e9 et de cookies, HAMILTON GLOBAL INTELLIGENCE se r\u00e9serve le droit de restreindre, suspendre et\/ou refuser l&#039;acc\u00e8s au site Web, en adoptant toutes les mesures techniques qui pourraient \u00eatre n\u00e9cessaires \u00e0 cet effet. but. HAMILTON GLOBAL INTELLIGENCE fera tous les efforts possibles pour maintenir le bon fonctionnement du site Web, en \u00e9vitant toute erreur ou en les r\u00e9parant, et pour maintenir le contenu \u00e0 jour. HAMILTON GLOBAL INTELLIGENCE ne garantit pas la disponibilit\u00e9 ou la continuit\u00e9 de l&#039;acc\u00e8s au site Internet ni l&#039;absence d&#039;erreurs dans le contenu de celui-ci.<\/p>\n<p>&nbsp;<\/p>\n<h2><strong>Responsabilit\u00e9:<\/strong><\/h2>\n<p>&nbsp;<\/p>\n<p>L&#039;utilisateur est seul responsable de l&#039;usage qu&#039;il pourrait faire des informations ou des m\u00e9canismes du site.<\/p>\n<p>HAMILTON GLOBAL INTELLIGENCE ne pourra \u00eatre tenu responsable de tout dommage caus\u00e9 au mat\u00e9riel et\/ou aux logiciels des utilisateurs caus\u00e9 par l&#039;acc\u00e8s ou l&#039;utilisation du site Web. De m\u00eame, il ne pourra \u00eatre tenu responsable des dommages qui pourraient \u00eatre caus\u00e9s \u00e0 raison de l&#039;acc\u00e8s et\/ou de l&#039;utilisation des informations pr\u00e9sentes sur le site et, notamment, ceux qui pourraient survenir dans les syst\u00e8mes informatiques ou provoqu\u00e9s par un virus et\/ou des cyberattaques. , plantages, interruptions, absence ou d\u00e9faut des syst\u00e8mes de communication et\/ou Internet.<\/p>\n<p>Les utilisateurs seront tenus responsables de tout dommage que HAMILTON GLOBAL INTELLIGENCE pourrait \u00eatre caus\u00e9 du fait du non-respect de l&#039;une des obligations assum\u00e9es en vertu de la pr\u00e9sente clause de non-responsabilit\u00e9, de la r\u00e9glementation applicable et des politiques de confidentialit\u00e9 et de cookies.<\/p>\n<p>&nbsp;<\/p>\n<h2><strong>Politique relative aux liens (site Web de liaison et site Web li\u00e9)\u00a0:<\/strong><\/h2>\n<p>&nbsp;<\/p>\n<p><strong>Lien vers un site Web<\/strong>:<br \/> Les tiers qui envisagent d&#039;ins\u00e9rer un lien vers ce site sur un autre site Internet doivent se conformer aux lois en vigueur et ne peuvent h\u00e9berger de contenus inappropri\u00e9s, ill\u00e9gaux, pornographiques, violents, etc.<br \/> En aucun cas, HAMILTON GLOBAL INTELLIGENCE ne peut \u00eatre tenu responsable du contenu du site Web et ne fait pas non plus la promotion, la garantie, le contr\u00f4le ou la recommandation du contenu de celui-ci.<br \/> Si le site Web reliant ne respecte pas l\u2019une des conditions g\u00e9n\u00e9rales mentionn\u00e9es ci-dessus, il doit supprimer le lien imm\u00e9diatement.<br \/> <strong><\/strong><\/p>\n<p><strong>Site Web li\u00e9<\/strong>:<br \/> Ce site Web peut inclure des liens vers des sites Web appartenant \u00e0 des tiers auxquels les utilisateurs sont autoris\u00e9s \u00e0 acc\u00e9der. Cependant, HAMILTON GLOBAL INTELLIGENCE ne sera pas tenu responsable du contenu de ces sites Web li\u00e9s, mais les utilisateurs seront responsables d&#039;accepter et de v\u00e9rifier le lien chaque fois qu&#039;ils y acc\u00e8dent.<br \/> La finalit\u00e9 de ces liens ou notifications n&#039;implique pas le soutien, l&#039;approbation, le marketing ou toute relation de quelque nature que ce soit entre HAMILTON GLOBAL INTELLIGENCE et les personnes ou institutions propri\u00e9taires des sites sur lesquels ils se trouvent.<\/p>\n<p>&nbsp;<\/p>\n<h2><strong>Droits de propri\u00e9t\u00e9 intellectuelle et industrielle sur les contenus\u00a0:<\/strong><\/h2>\n<p>&nbsp;<\/p>\n<p>HAMILTON GLOBAL INTELLIGENCE ou ses conc\u00e9dants de licence sont titulaires de tous les droits de propri\u00e9t\u00e9 intellectuelle relatifs au contenu du site Internet, ceci \u00e9tant r\u00e9put\u00e9 d\u00e9signer toutes les conceptions, bases de donn\u00e9es, programmes informatiques sous-jacents (y compris les codes sources), ainsi que les diff\u00e9rents \u00e9l\u00e9ments inclus sur le site Internet (textes, images, photos, couleurs, etc.), la structure, l&#039;ordre, etc. Les marques et noms commerciaux (\u00ab\u00a0signes distinctifs\u00a0\u00bb) sont la propri\u00e9t\u00e9 de HAMILTON GLOBAL INTELLIGENCE ou des conc\u00e9dants de licence.<\/p>\n<p>L&#039;utilisation du site Internet par les Utilisateurs n&#039;implique la cession d&#039;aucun droit de propri\u00e9t\u00e9 intellectuelle ou industrielle sur celui-ci. Il est cat\u00e9goriquement interdit \u00e0 l&#039;Utilisateur de reproduire, copier, distribuer, fournir ou, de toute autre mani\u00e8re, divulguer publiquement, convertir ou modifier les contenus ou les signes distinctifs, \u00e0 moins d&#039;avoir obtenu l&#039;autorisation du titulaire des droits correspondants, ou s&#039;il est l\u00e9galement autoris\u00e9.<\/p>\n<p>&nbsp;<\/p>\n<h2><strong>Publicit\u00e9:<\/strong><\/h2>\n<p>&nbsp;<\/p>\n<p>Le site Web peut h\u00e9berger des publicit\u00e9s ou des contenus sponsoris\u00e9s. Les annonceurs ou sponsors sont seuls responsables de garantir que le mat\u00e9riel soumis pour \u00eatre inclus sur le site Web respecte les lois qui peuvent \u00eatre applicables dans chaque cas.<\/p>\n<p>HAMILTON GLOBAL INTELLIGENCE ne pourra \u00eatre tenu responsable de toute erreur, inexactitude ou irr\u00e9gularit\u00e9 que pourraient contenir la publicit\u00e9 et les contenus sponsoris\u00e9s.<\/p>\n<p>&nbsp;<\/p>\n<h2><strong>Loi applicable:<\/strong><\/h2>\n<p>&nbsp;<\/p>\n<p>Cette clause de non-responsabilit\u00e9 sera r\u00e9gie et construite conform\u00e9ment \u00e0 la loi espagnole.<\/p>\n<p>Les parties conviennent de soumettre tout litige pouvant survenir relatif \u00e0 l&#039;acc\u00e8s au site Internet \u00e0 la comp\u00e9tence des cours et tribunaux comp\u00e9tents, conform\u00e9ment \u00e0 la r\u00e9glementation relative \u00e0 la consommation et aux utilisateurs.<\/p>\n<p>&nbsp;<\/p>\n<h2><strong>Contact:<\/strong><\/h2>\n<p>&nbsp;<\/p>\n<p><span>Les utilisateurs peuvent nous contacter via cette adresse e-mail\u00a0: <a href=\"mailto:info@hamilton-globa\u00f1\">info@hamilton.global\u00a0<\/a>\u00a0pour toute question ou commentaire concernant cette clause de non-responsabilit\u00e9.<\/span><\/p>\n<p>&nbsp;<\/p>\n<p>[\/et_pb_text][\/et_pb_column][\/et_pb_row][\/et_pb_section]<\/p>\n<span class=\"et_bloom_bottom_trigger\"><\/span>","protected":false},"excerpt":{"rendered":"<p>[et_pb_section fb_built=\u00bb1\u2033 _builder_version=\u00bb4.7.5\u2033 _module_preset=\u00bbdefault\u00bb background_color=\u00bb#169ace\u00bb min_height=\u00bb400px\u00bb][et_pb_row _builder_version=\u00bb4.7.5\u2033 _module_preset=\u00bbdefault\u00bb positionnement=\u00bbabsolute\u00bb position_origin_a =\u00bbcenter_center\u00bb][et_pb_column type=\u00bb4_4\u2033 _builder_version=\u00bb4.7.5\u2033 _module_preset=\u00bbdefault\u00bb][et_pb_text _builder_version=\u00bb4.7.6\u2033 _module_preset=\u00bbdefault\u00bb header_font_size=\u00bb5em\u00bb hover_enabled=\u00bb0\u2033 sticky_enabled =\u00bb0\u2033] Avertissement l\u00e9gal [\/et_pb_text][\/et_pb_column][\/et_pb_row][\/et_pb_section][et_pb_section fb_built=\u00bb1\u2033 _builder_version=\u00bb4.7.5\u2033 _module_preset=\u00bbdefault\u00bb][et_pb_row _builder_version=\u00bb4.7. 5\u2033 _module_preset=\u201ddefault\u201d][et_pb_column type=\u201d4_4\u2033 _builder_version=\u201d4.7.5\u2033 _module_preset=\u201ddefault\u201d][et_pb_text _builder_version=\u201d4.7.6\u2033 _module_preset=\u201ddefault\u201d hover_enabled=\u201d0\u2033 sticky_enabled=\u201d 0\u2033] Acc\u00e8s au site Web\u00a0: Cette clause de non-responsabilit\u00e9 r\u00e9git l&#039;acc\u00e8s et l&#039;utilisation du site Web par les utilisateurs afin de fournir des informations sur les services de l&#039;institution [\u2026]<\/p>","protected":false},"author":2,"featured_media":0,"parent":0,"menu_order":0,"comment_status":"closed","ping_status":"closed","template":"","meta":{"_et_pb_use_builder":"on","_et_pb_old_content":"","_et_gb_content_width":""},"yoast_head":"<!-- This site is optimized with the Yoast SEO plugin v21.5 - https:\/\/yoast.com\/wordpress\/plugins\/seo\/ -->\n<title>Aviso legal |<\/title>\n<meta name=\"robots\" content=\"index, follow, max-snippet:-1, max-image-preview:large, max-video-preview:-1\" \/>\n<link rel=\"canonical\" href=\"https:\/\/hamilton.global\/fr\/aviso-legal-2\/\" \/>\n<meta property=\"og:locale\" content=\"fr_FR\" \/>\n<meta property=\"og:type\" content=\"article\" \/>\n<meta property=\"og:title\" content=\"Aviso legal |\" \/>\n<meta property=\"og:description\" content=\"[et_pb_section fb_built=\u00bb1&#8243; _builder_version=\u00bb4.7.5&#8243; _module_preset=\u00bbdefault\u00bb background_color=\u00bb#169ace\u00bb min_height=\u00bb400px\u00bb][et_pb_row _builder_version=\u00bb4.7.5&#8243; _module_preset=\u00bbdefault\u00bb positioning=\u00bbabsolute\u00bb position_origin_a=\u00bbcenter_center\u00bb][et_pb_column type=\u00bb4_4&#8243; _builder_version=\u00bb4.7.5&#8243; _module_preset=\u00bbdefault\u00bb][et_pb_text _builder_version=\u00bb4.7.6&#8243; _module_preset=\u00bbdefault\u00bb header_font_size=\u00bb5em\u00bb hover_enabled=\u00bb0&#8243; sticky_enabled=\u00bb0&#8243;] Legal Warning [\/et_pb_text][\/et_pb_column][\/et_pb_row][\/et_pb_section][et_pb_section fb_built=\u00bb1&#8243; _builder_version=\u00bb4.7.5&#8243; _module_preset=\u00bbdefault\u00bb][et_pb_row _builder_version=\u00bb4.7.5&#8243; _module_preset=\u00bbdefault\u00bb][et_pb_column type=\u00bb4_4&#8243; _builder_version=\u00bb4.7.5&#8243; _module_preset=\u00bbdefault\u00bb][et_pb_text _builder_version=\u00bb4.7.6&#8243; _module_preset=\u00bbdefault\u00bb hover_enabled=\u00bb0&#8243; sticky_enabled=\u00bb0&#8243;] Accessing the website: This Disclaimer regulates Users\u2019 access and use of the website in order to provide information about the institution\u2019s services [&hellip;]\" \/>\n<meta property=\"og:url\" content=\"https:\/\/hamilton.global\/fr\/aviso-legal-2\/\" \/>\n<meta property=\"og:site_name\" content=\"Hamilton\" \/>\n<meta property=\"article:modified_time\" content=\"2023-11-08T07:46:09+00:00\" \/>\n<meta name=\"twitter:card\" content=\"summary_large_image\" \/>\n<meta name=\"twitter:label1\" content=\"Dur\u00e9e de lecture estim\u00e9e\" \/>\n\t<meta name=\"twitter:data1\" content=\"6 minutes\" \/>\n<script type=\"application\/ld+json\" class=\"yoast-schema-graph\">{\"@context\":\"https:\/\/schema.org\",\"@graph\":[{\"@type\":\"WebPage\",\"@id\":\"https:\/\/hamilton.global\/aviso-legal-2\/\",\"url\":\"https:\/\/hamilton.global\/aviso-legal-2\/\",\"name\":\"Aviso legal |\",\"isPartOf\":{\"@id\":\"https:\/\/hamilton.global\/#website\"},\"datePublished\":\"2020-12-16T11:20:32+00:00\",\"dateModified\":\"2023-11-08T07:46:09+00:00\",\"breadcrumb\":{\"@id\":\"https:\/\/hamilton.global\/aviso-legal-2\/#breadcrumb\"},\"inLanguage\":\"fr-FR\",\"potentialAction\":[{\"@type\":\"ReadAction\",\"target\":[\"https:\/\/hamilton.global\/aviso-legal-2\/\"]}]},{\"@type\":\"BreadcrumbList\",\"@id\":\"https:\/\/hamilton.global\/aviso-legal-2\/#breadcrumb\",\"itemListElement\":[{\"@type\":\"ListItem\",\"position\":1,\"name\":\"Home\",\"item\":\"https:\/\/hamilton.global\/\"},{\"@type\":\"ListItem\",\"position\":2,\"name\":\"Aviso legal\"}]},{\"@type\":\"WebSite\",\"@id\":\"https:\/\/hamilton.global\/#website\",\"url\":\"https:\/\/hamilton.global\/\",\"name\":\"Hamilton Global\",\"description\":\"Market Intelligence Consulting Company\",\"potentialAction\":[{\"@type\":\"SearchAction\",\"target\":{\"@type\":\"EntryPoint\",\"urlTemplate\":\"https:\/\/hamilton.global\/?s={search_term_string}\"},\"query-input\":\"required name=search_term_string\"}],\"inLanguage\":\"fr-FR\"}]}<\/script>\n<!-- \/ Yoast SEO plugin. -->","yoast_head_json":{"title":"Aviso legal |","robots":{"index":"index","follow":"follow","max-snippet":"max-snippet:-1","max-image-preview":"max-image-preview:large","max-video-preview":"max-video-preview:-1"},"canonical":"https:\/\/hamilton.global\/fr\/aviso-legal-2\/","og_locale":"fr_FR","og_type":"article","og_title":"Aviso legal |","og_description":"[et_pb_section fb_built=\u00bb1&#8243; _builder_version=\u00bb4.7.5&#8243; _module_preset=\u00bbdefault\u00bb background_color=\u00bb#169ace\u00bb min_height=\u00bb400px\u00bb][et_pb_row _builder_version=\u00bb4.7.5&#8243; _module_preset=\u00bbdefault\u00bb positioning=\u00bbabsolute\u00bb position_origin_a=\u00bbcenter_center\u00bb][et_pb_column type=\u00bb4_4&#8243; _builder_version=\u00bb4.7.5&#8243; _module_preset=\u00bbdefault\u00bb][et_pb_text _builder_version=\u00bb4.7.6&#8243; _module_preset=\u00bbdefault\u00bb header_font_size=\u00bb5em\u00bb hover_enabled=\u00bb0&#8243; sticky_enabled=\u00bb0&#8243;] Legal Warning [\/et_pb_text][\/et_pb_column][\/et_pb_row][\/et_pb_section][et_pb_section fb_built=\u00bb1&#8243; _builder_version=\u00bb4.7.5&#8243; _module_preset=\u00bbdefault\u00bb][et_pb_row _builder_version=\u00bb4.7.5&#8243; _module_preset=\u00bbdefault\u00bb][et_pb_column type=\u00bb4_4&#8243; _builder_version=\u00bb4.7.5&#8243; _module_preset=\u00bbdefault\u00bb][et_pb_text _builder_version=\u00bb4.7.6&#8243; _module_preset=\u00bbdefault\u00bb hover_enabled=\u00bb0&#8243; sticky_enabled=\u00bb0&#8243;] Accessing the website: This Disclaimer regulates Users\u2019 access and use of the website in order to provide information about the institution\u2019s services [&hellip;]","og_url":"https:\/\/hamilton.global\/fr\/aviso-legal-2\/","og_site_name":"Hamilton","article_modified_time":"2023-11-08T07:46:09+00:00","twitter_card":"summary_large_image","twitter_misc":{"Dur\u00e9e de lecture estim\u00e9e":"6 minutes"},"schema":{"@context":"https:\/\/schema.org","@graph":[{"@type":"WebPage","@id":"https:\/\/hamilton.global\/aviso-legal-2\/","url":"https:\/\/hamilton.global\/aviso-legal-2\/","name":"Aviso legal |","isPartOf":{"@id":"https:\/\/hamilton.global\/#website"},"datePublished":"2020-12-16T11:20:32+00:00","dateModified":"2023-11-08T07:46:09+00:00","breadcrumb":{"@id":"https:\/\/hamilton.global\/aviso-legal-2\/#breadcrumb"},"inLanguage":"fr-FR","potentialAction":[{"@type":"ReadAction","target":["https:\/\/hamilton.global\/aviso-legal-2\/"]}]},{"@type":"BreadcrumbList","@id":"https:\/\/hamilton.global\/aviso-legal-2\/#breadcrumb","itemListElement":[{"@type":"ListItem","position":1,"name":"Home","item":"https:\/\/hamilton.global\/"},{"@type":"ListItem","position":2,"name":"Aviso legal"}]},{"@type":"WebSite","@id":"https:\/\/hamilton.global\/#website","url":"https:\/\/hamilton.global\/","name":"Hamilton Global","description":"Market Intelligence Consulting Company","potentialAction":[{"@type":"SearchAction","target":{"@type":"EntryPoint","urlTemplate":"https:\/\/hamilton.global\/?s={search_term_string}"},"query-input":"required name=search_term_string"}],"inLanguage":"fr-FR"}]}},"_links":{"self":[{"href":"https:\/\/hamilton.global\/fr\/wp-json\/wp\/v2\/pages\/3317"}],"collection":[{"href":"https:\/\/hamilton.global\/fr\/wp-json\/wp\/v2\/pages"}],"about":[{"href":"https:\/\/hamilton.global\/fr\/wp-json\/wp\/v2\/types\/page"}],"author":[{"embeddable":true,"href":"https:\/\/hamilton.global\/fr\/wp-json\/wp\/v2\/users\/2"}],"replies":[{"embeddable":true,"href":"https:\/\/hamilton.global\/fr\/wp-json\/wp\/v2\/comments?post=3317"}],"version-history":[{"count":0,"href":"https:\/\/hamilton.global\/fr\/wp-json\/wp\/v2\/pages\/3317\/revisions"}],"wp:attachment":[{"href":"https:\/\/hamilton.global\/fr\/wp-json\/wp\/v2\/media?parent=3317"}],"curies":[{"name":"wp","href":"https:\/\/api.w.org\/{rel}","templated":true}]}}