{"id":3291,"date":"2020-12-12T13:36:46","date_gmt":"2020-12-12T13:36:46","guid":{"rendered":"http:\/\/hamilton.global\/?page_id=3291"},"modified":"2024-11-26T12:38:00","modified_gmt":"2024-11-26T12:38:00","slug":"politica-de-privacidad","status":"publish","type":"page","link":"https:\/\/hamilton.global\/fr\/politica-de-privacidad\/","title":{"rendered":"Politique de confidentialit\u00e9"},"content":{"rendered":"<p>[et_pb_section fb_built=\u00bb1\u2033 _builder_version=\u00bb4.7.5\u2033 _module_preset=\u00bbdefault\u00bb background_color=\u00bb#169ace\u00bb min_height=\u00bb400px\u00bb da_disable_devices=\u00bboff|off|off\u00bb da_is_popup=\u00bboff\u00bb da_exit_intent=\u00bboff\u00bb da_has_close=\u00bbon\u00bb da_alt_close=\u00bboff\u00bb da_dark_close=\u00bboff\u00bb da_not_modal=\u00bbon\u00bb da_is_singular=\u00bboff\u00bb da_with_loader=\u00bboff\u00bb da_has_shadow=\u00bbon\u00bb][et_pb_row _builder_version=\u00bb4.7.5\u2033 _module_preset=\u00bbdefault\u00bb positioning=\u00bbabsolute\u00bb position_origin_a=\u00bbcenter_center\u00bb][et_pb_column type=\u00bb4_4\u2033 _builder_version=\u00bb4.7.5\u2033 _module_preset=\u00bbdefault\u00bb][et_pb_text _builder_version=\u00bb4.7.6\u2033 _module_preset=\u00bbdefault\u00bb header_font_size=\u00bb5em\u00bb]<\/p>\n<h1>Politique de confidentialit\u00e9 Web<\/h1>\n<p>[\/et_pb_text][\/et_pb_column][\/et_pb_row][\/et_pb_section][et_pb_section fb_built=\u00bb1\u2033 _builder_version=\u00bb4.7.5\u2033 _module_preset=\u00bbdefault\u00bb da_disable_devices=\u00bboff|off|off\u00bb da_is_popup=\u00bboff\u00bb da_exit_intent=\u00bboff\u00bb da_has_close=\u00bbon\u00bb da_alt_close=\u00bboff\u00bb da_dark_close=\u00bboff\u00bb da_not_modal=\u00bbon\u00bb da_is_singular=\u00bboff\u00bb da_with_loader=\u00bboff\u00bb da_has_shadow=\u00bbon\u00bb][et_pb_row _builder_version=\u00bb4.7.5\u2033 _module_preset=\u00bbdefault\u00bb][et_pb_column type=\u201d4_4\u2033 _builder_version=\u00bb4.7.5\u2033 _module_preset=\u00bbdefault\u00bb][et_pb_text _builder_version=\u00bb4.7.6\u2033 _module_preset=\u00bbdefault\u00bb hover_enabled=\u00bb0\u2033 sticky_enabled=\u00bb0\u2033]<\/p>\n<h2><strong>Contr\u00f4leur de donn\u00e9es<\/strong><\/h2>\n<p>La soci\u00e9t\u00e9 responsable du traitement de vos donn\u00e9es dans le cadre de cette politique de confidentialit\u00e9 est\u00a0: HAMILTON INVESTIGACI\u00d3N ESTRAT\u00c9GICA, SL<\/p>\n<ul>\n<li><strong>FNI<\/strong>:B61834024<\/li>\n<li><strong>Maison<\/strong>: C\/ Majorque, 221 \u2013 08008 BARCELONE Adresse email : <a href=\"mailto:info@hamilton.global\">info@hamilton.global<\/a><\/li>\n<li><strong>la toile<\/strong>: hamilton.global<\/li>\n<li><strong>T\u00e9l\u00e9phone<\/strong>: 932370992<\/li>\n<li><strong>Inscrit au Registre du Commerce :<\/strong>\u00a0Barcelone, Volume 31270, Folio 0111, Feuille Num\u00e9ro 192564<\/li>\n<\/ul>\n<p>Chez HAMILTON INVESTIGACI\u00d3N ESTRAT\u00c9GICA, SL, nous reconnaissons l&#039;importance de prot\u00e9ger vos informations personnelles et nous nous engageons \u00e0 les traiter de mani\u00e8re responsable et conform\u00e9ment aux lois sur la protection des donn\u00e9es.<\/p>\n<p>Cette politique de confidentialit\u00e9 vise \u00e0 r\u00e9glementer tous les aspects li\u00e9s au traitement des donn\u00e9es des diff\u00e9rents utilisateurs qui naviguent ou fournissent leurs donn\u00e9es personnelles \u00e0 travers les diff\u00e9rents formulaires situ\u00e9s sur le site.<\/p>\n<h2><strong>Informations personnelles<\/strong><\/h2>\n<p>Les donn\u00e9es personnelles sont des informations qui vous identifient ou vous rendent identifiable. A travers le site Internet, dans les cases pr\u00e9vues \u00e0 cet effet, nous collectons les donn\u00e9es personnelles que l&#039;utilisateur nous communique : nom, pr\u00e9nom, email, t\u00e9l\u00e9phone, adresse postale, ville, etc., ainsi que toutes les donn\u00e9es que l&#039;utilisateur a volontairement nous fournit \u00e0 travers l&#039;un des r\u00e9seaux sociaux pour lesquels l&#039;utilisateur est inscrit. Dans ce cas, la confidentialit\u00e9 d\u00e9pendra des param\u00e8tres \u00e9tablis par l\u2019utilisateur ainsi que des termes et conditions du r\u00e9seau social lui-m\u00eame.<\/p>\n<p>La visite de l&#039;utilisateur sur le site n&#039;implique pas qu&#039;il doive fournir des informations sur ses donn\u00e9es personnelles. Cependant, si elles sont fournies, les donn\u00e9es seront trait\u00e9es licitement sous r\u00e9serve \u00e0 tout moment des principes et droits contenus dans le RGPD 2016\/679 du 27 avril 2016 et le LOPDGDD 3\/2018 du 5 d\u00e9cembre.<\/p>\n<h2><strong>Objectif, dur\u00e9e et l\u00e9gitimit\u00e9 du traitement<\/strong><\/h2>\n<p>Nous traiterons les donn\u00e9es que l&#039;utilisateur nous fournit aux fins suivantes :<\/p>\n<p>R\u00e9pondre \u00e0 la demande ou \u00e0 la demande formul\u00e9e par l&#039;utilisateur via le <strong>Formulaire de contact <\/strong>situ\u00e9 sur le web. Nous collectons et traitons les donn\u00e9es personnelles de l&#039;utilisateur pour pouvoir traiter et g\u00e9rer votre demande, une requ\u00eate ou toute demande que vous formulez via ledit formulaire. Nous conserverons ces donn\u00e9es pendant le temps n\u00e9cessaire pour r\u00e9pondre \u00e0 votre demande et pendant la dur\u00e9e fix\u00e9e par la loi avec une dur\u00e9e minimale de 3 ans.<\/p>\n<p>La base de l\u00e9gitimation du traitement des donn\u00e9es sera le consentement donn\u00e9 par l&#039;utilisateur en cochant la case d&#039;acceptation de notre politique de confidentialit\u00e9 avant d&#039;envoyer la demande. L&#039;utilisateur a le droit de r\u00e9voquer son consentement \u00e0 tout moment sans affecter la l\u00e9galit\u00e9 du traitement bas\u00e9 sur le consentement pr\u00e9alable \u00e0 son retrait.<\/p>\n<p>Am\u00e9liorez votre exp\u00e9rience de navigation sur le Web. Nous conserverons ces donn\u00e9es aussi longtemps que l&#039;utilisateur ne r\u00e9voque pas son consentement \u00e0 leur traitement en supprimant les cookies et pendant la dur\u00e9e fix\u00e9e par la loi avec une dur\u00e9e minimale de 3 ans.<\/p>\n<p>La base de la l\u00e9gitimit\u00e9 pour am\u00e9liorer votre exp\u00e9rience lors de la navigation sur le site Web est le consentement donn\u00e9 par l&#039;utilisateur en acceptant les cookies. L&#039;utilisateur a le droit de r\u00e9voquer son consentement \u00e0 tout moment sans affecter la l\u00e9galit\u00e9 du traitement bas\u00e9 sur le consentement pr\u00e9alable \u00e0 son retrait.<\/p>\n<p>G\u00e9rer notre <strong>r\u00e9seaux sociaux <\/strong>et vous envoyer des informations sur nos activit\u00e9s et nos produits. Nous conserverons ces donn\u00e9es aussi longtemps que l&#039;utilisateur ne r\u00e9voque pas son consentement \u00e0 leur traitement et pendant la dur\u00e9e fix\u00e9e par la loi avec une dur\u00e9e minimale de 3 ans.<\/p>\n<p>La base l\u00e9gitime pour g\u00e9rer nos r\u00e9seaux sociaux et vous envoyer nos activit\u00e9s et actualit\u00e9s est le consentement que vous nous donnez \u00e0 cet effet. L&#039;utilisateur a le droit de r\u00e9voquer son consentement \u00e0 tout moment sans affecter la l\u00e9galit\u00e9 du traitement bas\u00e9 sur le consentement pr\u00e9alable \u00e0 son retrait.<\/p>\n<p>Envoyer <strong>communications, bulletins ou newsletters <\/strong>\u00e0 propos des produits HAMILTON INVESTIGACI\u00d3N ESTRAT\u00c9GICA, SL. Sous le consentement de l&#039;utilisateur, nous collectons et traitons vos donn\u00e9es personnelles pour pouvoir vous envoyer des informations sur nos produits et services. Nous conserverons ces donn\u00e9es aussi longtemps que l&#039;utilisateur ne r\u00e9voque pas son consentement \u00e0 leur traitement et pendant la dur\u00e9e fix\u00e9e par la loi avec une dur\u00e9e minimale de 3 ans.<\/p>\n<p>La base pour l\u00e9gitimer le traitement des donn\u00e9es sera le consentement donn\u00e9 par l&#039;utilisateur en cochant la case d&#039;acceptation de notre politique de confidentialit\u00e9 avant de s&#039;abonner \u00e0 la newsletter dans le formulaire pr\u00e9vu \u00e0 cet effet sur le site Internet. L&#039;utilisateur a le droit de r\u00e9voquer son consentement \u00e0 tout moment sans affecter la l\u00e9galit\u00e9 du traitement bas\u00e9 sur le consentement pr\u00e9alable \u00e0 son retrait.<\/p>\n<h2><strong>Transfert ou communication de donn\u00e9es personnelles et transferts internationaux<\/strong><\/h2>\n<p>Vos donn\u00e9es ne seront pas communiqu\u00e9es ou transf\u00e9r\u00e9es \u00e0 des tiers, sauf en cas d&#039;obligation l\u00e9gale ou de prestataires li\u00e9s au responsable du traitement qui agissent en tant que sous-traitants.<\/p>\n<p>Nos serveurs sont situ\u00e9s dans l&#039;Union europ\u00e9enne et, en g\u00e9n\u00e9ral, nous faisons appel \u00e0 des prestataires de services \u00e9galement situ\u00e9s dans l&#039;Espace \u00e9conomique europ\u00e9en ou dans des pays d\u00e9clar\u00e9s avec un niveau de protection ad\u00e9quat.<\/p>\n<p>Si nous devons faire appel \u00e0 des prestataires tiers n\u00e9cessitant la transmission de donn\u00e9es personnelles en dehors de l&#039;Union europ\u00e9enne ou dans des pays qui n&#039;ont pas \u00e9t\u00e9 d\u00e9clar\u00e9s disposer d&#039;un niveau de protection ad\u00e9quat, nous garantirons la s\u00e9curit\u00e9 et la l\u00e9gitimit\u00e9 du traitement de vos donn\u00e9es. par des d\u00e9cisions d&#039;ad\u00e9quation, des clauses types, des r\u00e8gles d&#039;entreprise contraignantes, des exceptions ou tout autre instrument approuv\u00e9 par l&#039;autorit\u00e9 de contr\u00f4le offrant des garanties ad\u00e9quates pour la r\u00e9alisation du transfert international de donn\u00e9es.<\/p>\n<h2><strong>Mise \u00e0 jour des donn\u00e9es<\/strong><\/h2>\n<p>Il est important que pour que nous puissions maintenir \u00e0 jour les donn\u00e9es personnelles, l&#039;utilisateur nous informe toujours de toute modification de celles-ci, sinon nous ne sommes pas responsables de leur v\u00e9racit\u00e9.<\/p>\n<p>L&#039;utilisateur garantit que les donn\u00e9es personnelles fournies sont v\u00e9ridiques, garantissant que toutes les informations fournies correspondent \u00e0 la situation r\u00e9elle, qu&#039;elles sont mises \u00e0 jour et exactes, et est tenu de communiquer toute modification.<\/p>\n<h2><strong>Donn\u00e9es de tiers<\/strong><\/h2>\n<p>Si l&#039;utilisateur fournit des donn\u00e9es provenant de tiers \u00e0 quelque fin que ce soit \u00e0 HAMILTON INVESTIGACI\u00d3N ESTRAT\u00c9GICA, SL, il garantit qu&#039;il a obtenu ces donn\u00e9es de mani\u00e8re licite, qu&#039;il a pr\u00e9alablement inform\u00e9 les personnes concern\u00e9es, en obtenant leur consentement pour les communiquer et que les informations fournies sont exactes et v\u00e9ridique. .<\/p>\n<h2><strong>Caract\u00e8re obligatoire des informations demand\u00e9es<\/strong><\/h2>\n<p>Tous nos formulaires comportent un ast\u00e9risque (*) dans les donn\u00e9es obligatoires. Si l&#039;utilisateur ne fournit pas ces champs, ou ne coche pas la case pour accepter la politique de confidentialit\u00e9, l&#039;envoi des informations ne sera pas autoris\u00e9.<\/p>\n<h2><strong>Droits des parties int\u00e9ress\u00e9es<\/strong><\/h2>\n<p>Vous avez le droit d&#039;acc\u00e9der \u00e0 vos donn\u00e9es et d&#039;obtenir la confirmation de leur traitement, ainsi qu&#039;une copie des donn\u00e9es personnelles faisant l&#039;objet du traitement. Vous avez le droit de les mettre \u00e0 jour et de demander la rectification des donn\u00e9es inexactes ou de demander leur suppression lorsque les donn\u00e9es ne sont pas n\u00e9cessaires aux finalit\u00e9s pour lesquelles elles ont \u00e9t\u00e9 collect\u00e9es. Vous pouvez demander la limitation du traitement de vos donn\u00e9es et vous opposer \u00e0 leur traitement en r\u00e9voquant votre consentement, ainsi qu&#039;exercer le droit \u00e0 la portabilit\u00e9 des donn\u00e9es. De m\u00eame, vous avez le droit de ne pas faire l\u2019objet de d\u00e9cisions fond\u00e9es uniquement sur le traitement automatis\u00e9 de vos donn\u00e9es personnelles. Vous pouvez exercer vos droits en nous contactant <a href=\"mailto:info@hamilton.global\">info@hamilton.global<\/a><\/p>\n<p>Si vous estimez que vos droits n&#039;ont pas \u00e9t\u00e9 d\u00fbment respect\u00e9s, vous avez le droit de d\u00e9poser une plainte aupr\u00e8s de l&#039;autorit\u00e9 de contr\u00f4le de <a href=\"http:\/\/www.aepd.es\/\">www.aepd.es.<\/a><\/p>\n<h2><strong>Traitement des donn\u00e9es des mineurs<\/strong><\/h2>\n<p>Celui qui fournit les donn\u00e9es \u00e0 travers les formulaires de ce site et accepte leur traitement d\u00e9clare avoir plus de 14 ans, et l&#039;acc\u00e8s et l&#039;utilisation du portail sont interdits aux mineurs de moins de 14 ans. Si, \u00e0 tout moment, le responsable du traitement d\u00e9tecte qu&#039;un mineur de moins de 14 ans a fourni des donn\u00e9es personnelles, nous proc\u00e9derons \u00e0 leur annulation. De m\u00eame, les parents ou tuteurs peuvent dans tous les cas contacter HAMILTON INVESTIGACI\u00d3N ESTRAT\u00c9GICA, SL pour bloquer le compte d&#039;acc\u00e8s des mineurs dont ils ont la charge et qui se sont inscrits en falsifiant leur identit\u00e9.<\/p>\n<p><strong>R\u00e9seaux sociaux<\/strong><\/p>\n<p>Le but des outils comme Facebook, Twitter, Instagram, etc. ou d&#039;autres r\u00e9seaux sociaux est de donner de la visibilit\u00e9 et de la diffusion aux activit\u00e9s men\u00e9es par notre organisation. Ces outils stockent des donn\u00e9es personnelles sur les serveurs des services respectifs et sont r\u00e9gis par leur propre politique de confidentialit\u00e9. Il est recommand\u00e9 de consulter et de lire les conditions d&#039;utilisation et la politique de confidentialit\u00e9 du r\u00e9seau social au moment de l&#039;inscription, en tenant compte des diff\u00e9rentes possibilit\u00e9s de configuration en fonction du degr\u00e9 de confidentialit\u00e9 du profil de l&#039;utilisateur sur le r\u00e9seau social.<\/p>\n<p>De m\u00eame, le Responsable du traitement se r\u00e9serve le droit d&#039;\u00e9liminer de ses r\u00e9seaux sociaux toute information publi\u00e9e par des tiers qui viole la loi, les incite \u00e0 le faire ou contient des messages portant atteinte \u00e0 la dignit\u00e9 des personnes ou des institutions. Ainsi que le droit de bloquer ou de signaler le profil auteur de ces messages.<\/p>\n<p><strong>Traitement des cookies<\/strong><\/p>\n<p>Un cookie est un petit fichier t\u00e9l\u00e9charg\u00e9 et stock\u00e9 sur l&#039;ordinateur de l&#039;utilisateur lorsque celui-ci acc\u00e8de \u00e0 une page Web. Les cookies permettent, entre autres, au site Web de stocker et de r\u00e9cup\u00e9rer des informations sur les habitudes de navigation de l&#039;utilisateur ou de son \u00e9quipement et, en fonction des informations qu&#039;ils contiennent et de la mani\u00e8re dont il utilise son \u00e9quipement, ils peuvent \u00eatre utilis\u00e9s pour reconna\u00eetre l&#039;utilisateur. . .<\/p>\n<p>L&#039;utilisateur a la possibilit\u00e9 d&#039;emp\u00eacher la g\u00e9n\u00e9ration de cookies en s\u00e9lectionnant l&#039;option correspondante dans son programme de navigation. Vous pouvez en apprendre davantage en lisant notre <a href=\"https:\/\/hamilton.global\/fr\/politica-de-cookies\/\" target=\"_blank\" rel=\"noopener noreferrer\" style=\"color: #000!important;\"><u>Politique de cookies<\/u><\/a>.[\/et_pb_text][\/et_pb_column][\/et_pb_row][\/et_pb_section]<\/p>\n<span class=\"et_bloom_bottom_trigger\"><\/span>","protected":false},"excerpt":{"rendered":"<p>[et_pb_section fb_built=\u00bb1\u2033 _builder_version=\u00bb4.7.5\u2033 _module_preset=\u00bbdefault\u00bb background_color=\u00bb#169ace\u00bb min_height=\u00bb400px\u00bb da_disable_devices=\u00bboff|off|off\u00bb da_is_popup=\u00bboff\u00bb da_exit_intent=\u00bboff\u00bb da_has_close=\u00bbon\u00bb da_alt_close=\u00bboff\u00bb da_dark_close=\u00bboff\u00bb da_not_modal=\u00bbon\u00bb da_is_singular=\u00bboff\u00bb da_with_loader=\u00bboff\u00bb da_has_shadow=\u00bbon\u00bb][et_pb_row _builder_version=\u00bb4.7.5\u2033 _module_preset=\u00bbdefault\u00bb positioning=\u00bbabsolute\u00bb position_origin_a=\u00bbcenter_center\u00bb][et_pb_column type=\u00bb4_4\u2033 _builder_version=\u00bb4.7.5\u2033 _module_preset=\u00bbdefault\u00bb][et_pb_text _builder_version=\u00bb4.7.6\u2033 _module_preset=\u00bbdefault\u00bb header_font_size=\u00bb5em\u00bb] Politique de confidentialit\u00e9 Web [\/et_pb_text][\/et_pb_column][\/et_pb_row][\/et_pb_section][et_pb_section fb_built=\u00bb1\u2033 _builder_version=\u00bb4.7.5\u2033 _module_preset=\u00bbdefault\u00bb da_disable_devices=\u00bboff|off|off\u00bb da_is_popup=\u00bboff\u00bb da_exit_intent=\u00bboff\u00bb da_has_close=\u00bbon\u00bb da_alt_close=\u00bboff\u00bb da_dark_close=\u00bboff\u00bb da_not_modal=\u00bbon\u00bb da_is_singular=\u201doff\u201d da_with_loader=\u201doff\u201d da_has_shadow=\u201don\u201d][et_pb_row _builder_version=\u201d4.7.5\u2033 _module_preset=\u201ddefault\u201d][et_pb_column type=\u201d4_4\u2033 _builder_version=\u201d4.7.5\u2033 _module_preset=\u201ddefault\u201d][et_pb_text _builder_version=\u00bb4.7.6\u2033 _module_preset=\u00bbdefault\u00bb hover_enabled=\u00bb0\u2033 sticky_enabled=\u00bb0\u2033] Responsable de la [\u2026]<\/p>","protected":false},"author":1,"featured_media":0,"parent":0,"menu_order":0,"comment_status":"closed","ping_status":"closed","template":"","meta":{"_et_pb_use_builder":"on","_et_pb_old_content":"","_et_gb_content_width":""},"yoast_head":"<!-- This site is optimized with the Yoast SEO plugin v21.5 - https:\/\/yoast.com\/wordpress\/plugins\/seo\/ -->\n<title>Pol\u00edtica de Privacidad |<\/title>\n<meta name=\"robots\" content=\"index, follow, max-snippet:-1, max-image-preview:large, max-video-preview:-1\" \/>\n<link rel=\"canonical\" href=\"https:\/\/hamilton.global\/fr\/politica-de-privacidad\/\" \/>\n<meta property=\"og:locale\" content=\"fr_FR\" \/>\n<meta property=\"og:type\" content=\"article\" \/>\n<meta property=\"og:title\" content=\"Pol\u00edtica de Privacidad |\" \/>\n<meta property=\"og:description\" content=\"[et_pb_section fb_built=\u00bb1&#8243; _builder_version=\u00bb4.7.5&#8243; _module_preset=\u00bbdefault\u00bb background_color=\u00bb#169ace\u00bb min_height=\u00bb400px\u00bb da_disable_devices=\u00bboff|off|off\u00bb da_is_popup=\u00bboff\u00bb da_exit_intent=\u00bboff\u00bb da_has_close=\u00bbon\u00bb da_alt_close=\u00bboff\u00bb da_dark_close=\u00bboff\u00bb da_not_modal=\u00bbon\u00bb da_is_singular=\u00bboff\u00bb da_with_loader=\u00bboff\u00bb da_has_shadow=\u00bbon\u00bb][et_pb_row _builder_version=\u00bb4.7.5&#8243; _module_preset=\u00bbdefault\u00bb positioning=\u00bbabsolute\u00bb position_origin_a=\u00bbcenter_center\u00bb][et_pb_column type=\u00bb4_4&#8243; _builder_version=\u00bb4.7.5&#8243; _module_preset=\u00bbdefault\u00bb][et_pb_text _builder_version=\u00bb4.7.6&#8243; _module_preset=\u00bbdefault\u00bb header_font_size=\u00bb5em\u00bb] Pol\u00edtica de privacidad Web [\/et_pb_text][\/et_pb_column][\/et_pb_row][\/et_pb_section][et_pb_section fb_built=\u00bb1&#8243; _builder_version=\u00bb4.7.5&#8243; _module_preset=\u00bbdefault\u00bb da_disable_devices=\u00bboff|off|off\u00bb da_is_popup=\u00bboff\u00bb da_exit_intent=\u00bboff\u00bb da_has_close=\u00bbon\u00bb da_alt_close=\u00bboff\u00bb da_dark_close=\u00bboff\u00bb da_not_modal=\u00bbon\u00bb da_is_singular=\u00bboff\u00bb da_with_loader=\u00bboff\u00bb da_has_shadow=\u00bbon\u00bb][et_pb_row _builder_version=\u00bb4.7.5&#8243; _module_preset=\u00bbdefault\u00bb][et_pb_column type=\u00bb4_4&#8243; _builder_version=\u00bb4.7.5&#8243; _module_preset=\u00bbdefault\u00bb][et_pb_text _builder_version=\u00bb4.7.6&#8243; _module_preset=\u00bbdefault\u00bb hover_enabled=\u00bb0&#8243; sticky_enabled=\u00bb0&#8243;] Responsable del [&hellip;]\" \/>\n<meta property=\"og:url\" content=\"https:\/\/hamilton.global\/fr\/politica-de-privacidad\/\" \/>\n<meta property=\"og:site_name\" content=\"Hamilton\" \/>\n<meta property=\"article:modified_time\" content=\"2024-11-26T12:38:00+00:00\" \/>\n<meta name=\"twitter:card\" content=\"summary_large_image\" \/>\n<meta name=\"twitter:label1\" content=\"Dur\u00e9e de lecture estim\u00e9e\" \/>\n\t<meta name=\"twitter:data1\" content=\"9 minutes\" \/>\n<script type=\"application\/ld+json\" class=\"yoast-schema-graph\">{\"@context\":\"https:\/\/schema.org\",\"@graph\":[{\"@type\":\"WebPage\",\"@id\":\"https:\/\/hamilton.global\/politica-de-privacidad\/\",\"url\":\"https:\/\/hamilton.global\/politica-de-privacidad\/\",\"name\":\"Pol\u00edtica de Privacidad |\",\"isPartOf\":{\"@id\":\"https:\/\/hamilton.global\/#website\"},\"datePublished\":\"2020-12-12T13:36:46+00:00\",\"dateModified\":\"2024-11-26T12:38:00+00:00\",\"breadcrumb\":{\"@id\":\"https:\/\/hamilton.global\/politica-de-privacidad\/#breadcrumb\"},\"inLanguage\":\"fr-FR\",\"potentialAction\":[{\"@type\":\"ReadAction\",\"target\":[\"https:\/\/hamilton.global\/politica-de-privacidad\/\"]}]},{\"@type\":\"BreadcrumbList\",\"@id\":\"https:\/\/hamilton.global\/politica-de-privacidad\/#breadcrumb\",\"itemListElement\":[{\"@type\":\"ListItem\",\"position\":1,\"name\":\"Home\",\"item\":\"https:\/\/hamilton.global\/\"},{\"@type\":\"ListItem\",\"position\":2,\"name\":\"Pol\u00edtica de Privacidad\"}]},{\"@type\":\"WebSite\",\"@id\":\"https:\/\/hamilton.global\/#website\",\"url\":\"https:\/\/hamilton.global\/\",\"name\":\"Hamilton Global\",\"description\":\"Market Intelligence Consulting Company\",\"potentialAction\":[{\"@type\":\"SearchAction\",\"target\":{\"@type\":\"EntryPoint\",\"urlTemplate\":\"https:\/\/hamilton.global\/?s={search_term_string}\"},\"query-input\":\"required name=search_term_string\"}],\"inLanguage\":\"fr-FR\"}]}<\/script>\n<!-- \/ Yoast SEO plugin. -->","yoast_head_json":{"title":"Pol\u00edtica de Privacidad |","robots":{"index":"index","follow":"follow","max-snippet":"max-snippet:-1","max-image-preview":"max-image-preview:large","max-video-preview":"max-video-preview:-1"},"canonical":"https:\/\/hamilton.global\/fr\/politica-de-privacidad\/","og_locale":"fr_FR","og_type":"article","og_title":"Pol\u00edtica de Privacidad |","og_description":"[et_pb_section fb_built=\u00bb1&#8243; _builder_version=\u00bb4.7.5&#8243; _module_preset=\u00bbdefault\u00bb background_color=\u00bb#169ace\u00bb min_height=\u00bb400px\u00bb da_disable_devices=\u00bboff|off|off\u00bb da_is_popup=\u00bboff\u00bb da_exit_intent=\u00bboff\u00bb da_has_close=\u00bbon\u00bb da_alt_close=\u00bboff\u00bb da_dark_close=\u00bboff\u00bb da_not_modal=\u00bbon\u00bb da_is_singular=\u00bboff\u00bb da_with_loader=\u00bboff\u00bb da_has_shadow=\u00bbon\u00bb][et_pb_row _builder_version=\u00bb4.7.5&#8243; _module_preset=\u00bbdefault\u00bb positioning=\u00bbabsolute\u00bb position_origin_a=\u00bbcenter_center\u00bb][et_pb_column type=\u00bb4_4&#8243; _builder_version=\u00bb4.7.5&#8243; _module_preset=\u00bbdefault\u00bb][et_pb_text _builder_version=\u00bb4.7.6&#8243; _module_preset=\u00bbdefault\u00bb header_font_size=\u00bb5em\u00bb] Pol\u00edtica de privacidad Web [\/et_pb_text][\/et_pb_column][\/et_pb_row][\/et_pb_section][et_pb_section fb_built=\u00bb1&#8243; _builder_version=\u00bb4.7.5&#8243; _module_preset=\u00bbdefault\u00bb da_disable_devices=\u00bboff|off|off\u00bb da_is_popup=\u00bboff\u00bb da_exit_intent=\u00bboff\u00bb da_has_close=\u00bbon\u00bb da_alt_close=\u00bboff\u00bb da_dark_close=\u00bboff\u00bb da_not_modal=\u00bbon\u00bb da_is_singular=\u00bboff\u00bb da_with_loader=\u00bboff\u00bb da_has_shadow=\u00bbon\u00bb][et_pb_row _builder_version=\u00bb4.7.5&#8243; _module_preset=\u00bbdefault\u00bb][et_pb_column type=\u00bb4_4&#8243; _builder_version=\u00bb4.7.5&#8243; _module_preset=\u00bbdefault\u00bb][et_pb_text _builder_version=\u00bb4.7.6&#8243; _module_preset=\u00bbdefault\u00bb hover_enabled=\u00bb0&#8243; sticky_enabled=\u00bb0&#8243;] Responsable del [&hellip;]","og_url":"https:\/\/hamilton.global\/fr\/politica-de-privacidad\/","og_site_name":"Hamilton","article_modified_time":"2024-11-26T12:38:00+00:00","twitter_card":"summary_large_image","twitter_misc":{"Dur\u00e9e de lecture estim\u00e9e":"9 minutes"},"schema":{"@context":"https:\/\/schema.org","@graph":[{"@type":"WebPage","@id":"https:\/\/hamilton.global\/politica-de-privacidad\/","url":"https:\/\/hamilton.global\/politica-de-privacidad\/","name":"Pol\u00edtica de Privacidad |","isPartOf":{"@id":"https:\/\/hamilton.global\/#website"},"datePublished":"2020-12-12T13:36:46+00:00","dateModified":"2024-11-26T12:38:00+00:00","breadcrumb":{"@id":"https:\/\/hamilton.global\/politica-de-privacidad\/#breadcrumb"},"inLanguage":"fr-FR","potentialAction":[{"@type":"ReadAction","target":["https:\/\/hamilton.global\/politica-de-privacidad\/"]}]},{"@type":"BreadcrumbList","@id":"https:\/\/hamilton.global\/politica-de-privacidad\/#breadcrumb","itemListElement":[{"@type":"ListItem","position":1,"name":"Home","item":"https:\/\/hamilton.global\/"},{"@type":"ListItem","position":2,"name":"Pol\u00edtica de Privacidad"}]},{"@type":"WebSite","@id":"https:\/\/hamilton.global\/#website","url":"https:\/\/hamilton.global\/","name":"Hamilton Global","description":"Market Intelligence Consulting Company","potentialAction":[{"@type":"SearchAction","target":{"@type":"EntryPoint","urlTemplate":"https:\/\/hamilton.global\/?s={search_term_string}"},"query-input":"required name=search_term_string"}],"inLanguage":"fr-FR"}]}},"_links":{"self":[{"href":"https:\/\/hamilton.global\/fr\/wp-json\/wp\/v2\/pages\/3291"}],"collection":[{"href":"https:\/\/hamilton.global\/fr\/wp-json\/wp\/v2\/pages"}],"about":[{"href":"https:\/\/hamilton.global\/fr\/wp-json\/wp\/v2\/types\/page"}],"author":[{"embeddable":true,"href":"https:\/\/hamilton.global\/fr\/wp-json\/wp\/v2\/users\/1"}],"replies":[{"embeddable":true,"href":"https:\/\/hamilton.global\/fr\/wp-json\/wp\/v2\/comments?post=3291"}],"version-history":[{"count":4,"href":"https:\/\/hamilton.global\/fr\/wp-json\/wp\/v2\/pages\/3291\/revisions"}],"predecessor-version":[{"id":5130,"href":"https:\/\/hamilton.global\/fr\/wp-json\/wp\/v2\/pages\/3291\/revisions\/5130"}],"wp:attachment":[{"href":"https:\/\/hamilton.global\/fr\/wp-json\/wp\/v2\/media?parent=3291"}],"curies":[{"name":"wp","href":"https:\/\/api.w.org\/{rel}","templated":true}]}}