{"id":5140,"date":"2024-11-26T12:59:18","date_gmt":"2024-11-26T12:59:18","guid":{"rendered":"https:\/\/hamilton.global\/?page_id=5140"},"modified":"2024-11-26T13:04:10","modified_gmt":"2024-11-26T13:04:10","slug":"politica-de-redes-sociales","status":"publish","type":"page","link":"https:\/\/hamilton.global\/ca\/politica-de-redes-sociales\/","title":{"rendered":"Pol\u00edtica de Xarxes Socials"},"content":{"rendered":"<p>[et_pb_section fb_built=&quot;1&quot; _builder_version=&quot;4.7.5&quot; _module_preset=&quot;default&quot; background_color=&quot;#169ace&quot; min_height=&quot;400px&quot; da_disable_devices=&quot;off|off|off&quot; da_is_pop= da_has_close=&quot;on&quot; da_alt_close=&quot;off&quot; da_dark_close=&quot;off&quot; da_not_modal=&quot;on&quot; da_is_singular=&quot;off&quot; da_with_loader=&quot;off&quot; da_has_shadow=&quot;on&quot;][et_pb_row _4_builder. _module_preset=&quot;default&quot; positioning=&quot;absolute&quot; position_origin_a=&quot;center_center&quot;][et_pb_column type=&quot;4_4&quot; _builder_version=&quot;4.7.5&quot; _module_preset=&quot;default&quot;][et_pb_text _builder. _module_preset=\u00bbdefault\u00bb header_font_size=\u00bb5em\u00bb hover_enabled=\u00bb0\u2033 sticky_enabled=\u00bb0\u2033]<\/p>\n<h1>Pol\u00edtica de privadesa de Xarxes socials<\/h1>\n<p>[\/et_pb_text][\/et_pb_column][\/et_pb_row][\/et_pb_section][et_pb_section fb_built=&quot;1&quot; _builder_version=&quot;4.7.5&quot; _module_preset=&quot;default&quot; off_disable_devices=&quot;off|off| da_exit_intent=&quot;off&quot; da_has_close=&quot;on&quot; da_alt_close=&quot;off&quot; da_dark_close=&quot;off&quot; da_not_modal=&quot;on&quot; da_is_singular=&quot;off&quot; da_with_loader=&quot;off&quot; da_has_shadow=\u00bbon\u00bb _builder_version=&quot;4.7.5&quot; _module_preset=&quot;default&quot;][et_pb_column type=&quot;4_4&quot; _builder_version=&quot;4.7.5&quot; _module_preset=&quot;default&quot;][et_pb_text _builder_version=&quot;4.7.6&quot; _ sticky_enabled=\u00bb0\u2033]<\/p>\n<h2>1. Informaci\u00f3 a la persona usu\u00e0ria<\/h2>\n<h3>Qui \u00e9s el responsable del tractament de les vostres dades personals?<\/h3>\n<p>HAMILTON INVESTIGACI\u00d3N ESTRAT\u00c8GICA, SL ser\u00e0 el responsable del tractament de les dades personals d&#039;aquelles PERSONES que han creat un perfil a qualsevol de les seves xarxes socials, i aquests seran tractats de conformitat amb el que disposa el Reglament (UE) 2016\/679 , de 27 d&#039;abril (GDPR), la Llei Org\u00e0nica 3\/2018, de 5 de desembre (LOPDGDD), i la Llei de Serveis de la Societat de la Informaci\u00f3 i Comer\u00e7 Electr\u00f2nic (LSSI), facilitant la informaci\u00f3 seg\u00fcent del tractament:<\/p>\n<h3>Per qu\u00e8 tractem les vostres dades personals?<\/h3>\n<p><strong>Finalitat <\/strong><strong>del tractament<\/strong>: per mantenir una relaci\u00f3 entre la PERSONA USU\u00c0RIA i <strong>HAMILTON INVESTIGACI\u00d3 ESTRAT\u00c8GICA, SL <\/strong>(d&#039;ara endavant el RESPONSABLE) que pot incloure les operacions seg\u00fcents:<\/p>\n<p>Tramitar sol\u00b7licituds i consultes plantejades al responsable<\/p>\n<p>Informar sobre activitats i esdeveniments organitzats pel responsable Informar sobre productes o serveis oferts pel responsable<\/p>\n<p>Interactuar a trav\u00e9s dels perfils oficials<\/p>\n<p>Quan el RESPONSABLE recopili i tracti dades personals a trav\u00e9s de les seves xarxes socials, les PERSONES USU\u00c0RIES seran informades sobre la finalitat de la recopilaci\u00f3 de dades, aix\u00ed com sobre els seus drets en relaci\u00f3 amb les dades personals. Les dades personals s&#039;utilitzaran \u00fanicament per a les finalitats indicades i es mantindran de manera segura.<\/p>\n<p><strong>Base Jur\u00eddica del Tractament: <\/strong>el consentiment expl\u00edcit atorgat per la PERSONA USU\u00c0RIA per al tractament de les seves dades personals per a un o diversos fins espec\u00edfics (article 6.1.a GDPR).<\/p>\n<p>D&#039;altra banda, la PERSONA USU\u00c0RIA pot accedir en tot moment a les pol\u00edtiques de privadesa de la pr\u00f2pia xarxa social, aix\u00ed com configurar el seu perfil per garantir-ne la privadesa.<\/p>\n<h3>\u00bf Durant quant de temps guardarem les vostres dades personals?<\/h3>\n<p><strong>Criteris de conservaci\u00f3 de les dades: <\/strong>es conservaran mentre la PERSONA USU\u00c0RIA no revoqui el consentiment prestat tal com s&#039;indica en aquesta pol\u00edtica de privadesa.<\/p>\n<h3>A qui facilitem les vostres dades personals?<\/h3>\n<p><strong>Comunicaci\u00f3 de les dades: <\/strong>la informaci\u00f3 facilitada per la PERSONA USU\u00c0RIA a trav\u00e9s de les xarxes socials del RESPONSABLE, incloses les seves dades personals, pot ser publicada, sempre en funci\u00f3 dels serveis que la PERSONA USU\u00c0RIA utilitzi, per la qual cosa podr\u00e0 quedar a disposici\u00f3 p\u00fablica d&#039;altres tercers usuaris de les xarxes socials. Des del perfil de cada xarxa social, la PERSONA USU\u00c0RIA pot configurar quina informaci\u00f3 vol fer p\u00fablica en cada cas, veure els permisos que s&#039;han concedit, eliminar-los o desactivar-los, com qualsevol aplicaci\u00f3 d&#039;un tercer que ja no es vol utilitzar.<\/p>\n<p>Aix\u00f2 no obstant, no est\u00e0 prevista cap comunicaci\u00f3 de dades personals a tercers fora de la xarxa social excepte, si fos imprescindible per al desenvolupament i execuci\u00f3 de les finalitats del tractament, als nostres prove\u00efdors de serveis relacionats amb comunicacions, amb els quals el RESPONSABLE t\u00e9 subscrits els contractes de confidencialitat i encarregat de tractament exigits per la normativa vigent de privadesa.<\/p>\n<h3>Quins s\u00f3n els vostres drets?<\/h3>\n<p>Drets que assisteixen a la PERSONA USU\u00c0RIA: nom\u00e9s es podran satisfer en relaci\u00f3 amb aquella informaci\u00f3 que es trobe sota el control del RESPONSABLE.<\/p>\n<p>Dret a retirar el consentiment en qualsevol moment.<\/p>\n<p>Dret d&#039;acc\u00e9s, rectificaci\u00f3, portabilitat i supressi\u00f3 de les vostres dades, i de limitaci\u00f3 o oposici\u00f3 al tractament.<\/p>\n<p>Dret a presentar <strong>una <\/strong>reclamaci\u00f3 davant de l&#039;autoritat de control (www.aepd.es) si considera que el tractament no s&#039;ajusta a la normativa vigent.<\/p>\n<h3>Dades de contacte per exercir els vostres drets<\/h3>\n<p>HAMILTON INVESTIGACI\u00d3 ESTRAT\u00c8GICA, SL Diagonal 593-595 7\u00e8 2a, 593-595 7 2 \u2013 08014 BARCELONA<\/p>\n<p>(Barcelona). E-mail: <a href=\"mailto:info@hamilton.global\">info@hamilton.global<\/a><\/p>\n<p>La pol\u00edtica de privadesa completa est\u00e0 disponible a hamilton.global<\/p>\n<h2>2. Utilitzaci\u00f3 del perfil<\/h2>\n<p>El RESPONSABLE realitzar\u00e0 les actuacions seg\u00fcents: Acc\u00e9s a la informaci\u00f3 p\u00fablica del perfil.<\/p>\n<p>Publicaci\u00f3 al perfil de la PERSONA USU\u00c0RIA de tota aquella informaci\u00f3 ja publicada a la xarxa social del RESPONSABLE.<\/p>\n<p>Enviar missatges personals i individuals a trav\u00e9s dels canals de la xarxa social.<\/p>\n<p>Actualitzacions de l&#039;estat de la p\u00e0gina que es publicaran al perfil de la PERSONA USU\u00c0RIA.<\/p>\n<p>La PERSONA USU\u00c0RIA sempre pot controlar les connexions, eliminar els continguts que deixin d&#039;interessar-li i restringir amb qui comparteix les connexions; per aix\u00f2 haur\u00e0 d&#039;accedir a la seva configuraci\u00f3 on trobareu diferents possibilitats de configuraci\u00f3 en relaci\u00f3 al grau de privadesa del perfil d&#039;usuari a la xarxa social.<\/p>\n<h2>3. Publicacions<\/h2>\n<p>L&#039;objecte de les xarxes socials \u00e9s donar visibilitat i difusi\u00f3 a les activitats que desenvolupa el RESPONSABLE. Aquestes eines emmagatzemen dades personals als servidors dels serveis respectius i es regeixen per la seva pr\u00f2pia pol\u00edtica de privadesa.<\/p>\n<p>La PERSONA USU\u00c0RIA, una vegada sigui seguidora o s&#039;hagi unit a la xarxa social del RESPONSABLE, podr\u00e0 publicar-hi comentaris, enlla\u00e7os, imatges, fotografies o qualsevol altre tipus de contingut multim\u00e8dia suportat per aquesta. La PERSONA USU\u00c0RIA en tots els casos, ha de ser titular del contingut publicat, gaudir dels drets d&#039;autor i de propietat intel\u00b7lectual o comptar amb el consentiment dels tercers afectats.<\/p>\n<p>Es prohibeix expressament qualsevol publicaci\u00f3 a la xarxa social, ja siguin textos, gr\u00e0fics, fotografies, v\u00eddeos, etc. que atemptin o siguin susceptibles d&#039;atemptar contra la moral, l&#039;\u00e8tica, el bon gust o el dec\u00f2rum, i\/o que infringeixin, violin o trenquin els drets de propietat intel\u00b7lectual o industrial, el dret a la imatge o la Llei. No es toleraran comentaris o contingut ofensiu, difamatori, il\u00b7legal o inapropiat als perfils de l&#039;empresa. L&#039;empresa es reserva el dret d&#039;eliminar aquests comentaris o contingut i bloquejar els usuaris responsables.<\/p>\n<p>En aquests casos, el RESPONSABLE es reserva el dret a retirar immediatament el contingut, sense comunicaci\u00f3 pr\u00e8via, podent sol\u00b7licitar el bloqueig permanent de la PERSONA USU\u00c0RIA.<\/p>\n<p>El RESPONSABLE no es far\u00e0 responsable dels continguts que ha publicat lliurement la PERSONA USU\u00c0RIA.<\/p>\n<p>La PERSONA USU\u00c0RIA ha de tenir present que les seves publicacions seran conegudes per altres usuaris, per la qual cosa ell mateix \u00e9s el principal responsable de la seva privadesa.<\/p>\n<p>Les imatges que puguin publicar-se a la xarxa social no seran emmagatzemades en cap fitxer per part del RESPONSABLE, per\u00f2 s\u00ed que romandran a la xarxa social.<\/p>\n<h2>4. Dades de menors dedat o persones amb capacitats especials<\/h2>\n<p>Es recomana la revisi\u00f3 i la lectura de les condicions d\u00fas i pol\u00edtica de privadesa de cada xarxa social en el moment de registre, tenint en compte els diferents requisits dedat per a la seva realitzaci\u00f3.<\/p>\n<p>Aix\u00ed mateix, el RESPONSABLE quedar\u00e0 expressament exonerat de qualsevol responsabilitat que pogu\u00e9s derivar-se de l&#039;\u00fas de les xarxes socials per part de menors o persones amb capacitats especials i l&#039;acc\u00e9s de les quals s&#039;hauria de fer sota la supervisi\u00f3 i el control dels seus representants legals.<\/p>\n<p>El RESPONSABLE es reserva el dret de modificar aquesta pol\u00edtica a qualsevol moment. Els canvis seran comunicats a trav\u00e9s dels nostres perfils de xarxes socials i\/o el nostre lloc web.<\/p>\n<p>[\/et_pb_text][\/et_pb_column][\/et_pb_row][\/et_pb_section]<\/p>\n<span class=\"et_bloom_bottom_trigger\"><\/span>","protected":false},"excerpt":{"rendered":"<p>[et_pb_section fb_built=&quot;1&quot; _builder_version=&quot;4.7.5&quot; _module_preset=&quot;default&quot; background_color=&quot;#169ace&quot; min_height=&quot;400px&quot; da_disable_devices=&quot;off|off|off&quot; da_is_pop= da_has_close=&quot;on&quot; da_alt_close=&quot;off&quot; da_dark_close=&quot;off&quot; da_not_modal=&quot;on&quot; da_is_singular=&quot;off&quot; da_with_loader=&quot;off&quot; da_has_shadow=&quot;on&quot;][et_pb_row _4_builder. _module_preset=&quot;default&quot; positioning=&quot;absolute&quot; position_origin_a=&quot;center_center&quot;][et_pb_column type=&quot;4_4&quot; _builder_version=&quot;4.7.5&quot; _module_preset=&quot;default&quot;][et_pb_text _builder. _module_preset=\u00bbdefault\u00bb header_font_size=\u00bb5em\u00bb hover_enabled=\u00bb0\u2033 sticky_enabled=\u00bb0\u2033] Pol\u00edtica de privadesa de Xarxes socials [\/et_pb_text][\/et_pb_column][\/et_pb_row][\/et_pb_section]= _builder_version=&quot;4.7.5&quot; _module_preset=&quot;default&quot; da_disable_devices=&quot;off|off|off&quot; da_is_popup=&quot;off&quot; da_exit_intent=&quot;off&quot; da_has_close=&quot;on&quot; da_is_singular=&quot;off&quot; da_with_loader=&quot;off&quot; da_has_shadow=&quot;on&quot;][et_pb_row _builder_version=&quot;4.7.5&quot; _module_preset=&quot;default&quot;][et_pb_column type=&quot;4_4&quot; _builder_version= _module_preset=\u00bbdefault\u00bb][et_pb_text _builder_version=\u00bb4.7.6\u2033 _module_preset=\u00bbdefault\u00bb [\u2026]<\/p>","protected":false},"author":4,"featured_media":0,"parent":0,"menu_order":0,"comment_status":"closed","ping_status":"closed","template":"","meta":{"_et_pb_use_builder":"on","_et_pb_old_content":"","_et_gb_content_width":""},"yoast_head":"<!-- This site is optimized with the Yoast SEO plugin v21.5 - https:\/\/yoast.com\/wordpress\/plugins\/seo\/ -->\n<title>Pol\u00edtica de Redes Sociales | Hamilton Global<\/title>\n<meta name=\"robots\" content=\"index, follow, max-snippet:-1, max-image-preview:large, max-video-preview:-1\" \/>\n<link rel=\"canonical\" href=\"https:\/\/hamilton.global\/ca\/politica-de-redes-sociales\/\" \/>\n<meta property=\"og:locale\" content=\"ca_ES\" \/>\n<meta property=\"og:type\" content=\"article\" \/>\n<meta property=\"og:title\" content=\"Pol\u00edtica de Redes Sociales | Hamilton Global\" \/>\n<meta property=\"og:description\" content=\"[et_pb_section fb_built=\u00bb1&#8243; _builder_version=\u00bb4.7.5&#8243; _module_preset=\u00bbdefault\u00bb background_color=\u00bb#169ace\u00bb min_height=\u00bb400px\u00bb da_disable_devices=\u00bboff|off|off\u00bb da_is_popup=\u00bboff\u00bb da_exit_intent=\u00bboff\u00bb da_has_close=\u00bbon\u00bb da_alt_close=\u00bboff\u00bb da_dark_close=\u00bboff\u00bb da_not_modal=\u00bbon\u00bb da_is_singular=\u00bboff\u00bb da_with_loader=\u00bboff\u00bb da_has_shadow=\u00bbon\u00bb][et_pb_row _builder_version=\u00bb4.7.5&#8243; _module_preset=\u00bbdefault\u00bb positioning=\u00bbabsolute\u00bb position_origin_a=\u00bbcenter_center\u00bb][et_pb_column type=\u00bb4_4&#8243; _builder_version=\u00bb4.7.5&#8243; _module_preset=\u00bbdefault\u00bb][et_pb_text _builder_version=\u00bb4.7.6&#8243; _module_preset=\u00bbdefault\u00bb header_font_size=\u00bb5em\u00bb hover_enabled=\u00bb0&#8243; sticky_enabled=\u00bb0&#8243;] Pol\u00edtica de privacidad de Redes sociales [\/et_pb_text][\/et_pb_column][\/et_pb_row][\/et_pb_section][et_pb_section fb_built=\u00bb1&#8243; _builder_version=\u00bb4.7.5&#8243; _module_preset=\u00bbdefault\u00bb da_disable_devices=\u00bboff|off|off\u00bb da_is_popup=\u00bboff\u00bb da_exit_intent=\u00bboff\u00bb da_has_close=\u00bbon\u00bb da_alt_close=\u00bboff\u00bb da_dark_close=\u00bboff\u00bb da_not_modal=\u00bbon\u00bb da_is_singular=\u00bboff\u00bb da_with_loader=\u00bboff\u00bb da_has_shadow=\u00bbon\u00bb][et_pb_row _builder_version=\u00bb4.7.5&#8243; _module_preset=\u00bbdefault\u00bb][et_pb_column type=\u00bb4_4&#8243; _builder_version=\u00bb4.7.5&#8243; _module_preset=\u00bbdefault\u00bb][et_pb_text _builder_version=\u00bb4.7.6&#8243; _module_preset=\u00bbdefault\u00bb [&hellip;]\" \/>\n<meta property=\"og:url\" content=\"https:\/\/hamilton.global\/ca\/politica-de-redes-sociales\/\" \/>\n<meta property=\"og:site_name\" content=\"Hamilton\" \/>\n<meta property=\"article:modified_time\" content=\"2024-11-26T13:04:10+00:00\" \/>\n<meta name=\"twitter:card\" content=\"summary_large_image\" \/>\n<meta name=\"twitter:label1\" content=\"Temps estimat de lectura\" \/>\n\t<meta name=\"twitter:data1\" content=\"6 minuts\" \/>\n<script type=\"application\/ld+json\" class=\"yoast-schema-graph\">{\"@context\":\"https:\/\/schema.org\",\"@graph\":[{\"@type\":\"WebPage\",\"@id\":\"https:\/\/hamilton.global\/politica-de-redes-sociales\/\",\"url\":\"https:\/\/hamilton.global\/politica-de-redes-sociales\/\",\"name\":\"Pol\u00edtica de Redes Sociales | Hamilton Global\",\"isPartOf\":{\"@id\":\"https:\/\/hamilton.global\/#website\"},\"datePublished\":\"2024-11-26T12:59:18+00:00\",\"dateModified\":\"2024-11-26T13:04:10+00:00\",\"breadcrumb\":{\"@id\":\"https:\/\/hamilton.global\/politica-de-redes-sociales\/#breadcrumb\"},\"inLanguage\":\"ca\",\"potentialAction\":[{\"@type\":\"ReadAction\",\"target\":[\"https:\/\/hamilton.global\/politica-de-redes-sociales\/\"]}]},{\"@type\":\"BreadcrumbList\",\"@id\":\"https:\/\/hamilton.global\/politica-de-redes-sociales\/#breadcrumb\",\"itemListElement\":[{\"@type\":\"ListItem\",\"position\":1,\"name\":\"Home\",\"item\":\"https:\/\/hamilton.global\/\"},{\"@type\":\"ListItem\",\"position\":2,\"name\":\"Pol\u00edtica de Redes Sociales\"}]},{\"@type\":\"WebSite\",\"@id\":\"https:\/\/hamilton.global\/#website\",\"url\":\"https:\/\/hamilton.global\/\",\"name\":\"Hamilton Global\",\"description\":\"Market Intelligence Consulting Company\",\"potentialAction\":[{\"@type\":\"SearchAction\",\"target\":{\"@type\":\"EntryPoint\",\"urlTemplate\":\"https:\/\/hamilton.global\/?s={search_term_string}\"},\"query-input\":\"required name=search_term_string\"}],\"inLanguage\":\"ca\"}]}<\/script>\n<!-- \/ Yoast SEO plugin. -->","yoast_head_json":{"title":"Pol\u00edtica de Redes Sociales | Hamilton Global","robots":{"index":"index","follow":"follow","max-snippet":"max-snippet:-1","max-image-preview":"max-image-preview:large","max-video-preview":"max-video-preview:-1"},"canonical":"https:\/\/hamilton.global\/ca\/politica-de-redes-sociales\/","og_locale":"ca_ES","og_type":"article","og_title":"Pol\u00edtica de Redes Sociales | Hamilton Global","og_description":"[et_pb_section fb_built=\u00bb1&#8243; _builder_version=\u00bb4.7.5&#8243; _module_preset=\u00bbdefault\u00bb background_color=\u00bb#169ace\u00bb min_height=\u00bb400px\u00bb da_disable_devices=\u00bboff|off|off\u00bb da_is_popup=\u00bboff\u00bb da_exit_intent=\u00bboff\u00bb da_has_close=\u00bbon\u00bb da_alt_close=\u00bboff\u00bb da_dark_close=\u00bboff\u00bb da_not_modal=\u00bbon\u00bb da_is_singular=\u00bboff\u00bb da_with_loader=\u00bboff\u00bb da_has_shadow=\u00bbon\u00bb][et_pb_row _builder_version=\u00bb4.7.5&#8243; _module_preset=\u00bbdefault\u00bb positioning=\u00bbabsolute\u00bb position_origin_a=\u00bbcenter_center\u00bb][et_pb_column type=\u00bb4_4&#8243; _builder_version=\u00bb4.7.5&#8243; _module_preset=\u00bbdefault\u00bb][et_pb_text _builder_version=\u00bb4.7.6&#8243; _module_preset=\u00bbdefault\u00bb header_font_size=\u00bb5em\u00bb hover_enabled=\u00bb0&#8243; sticky_enabled=\u00bb0&#8243;] Pol\u00edtica de privacidad de Redes sociales [\/et_pb_text][\/et_pb_column][\/et_pb_row][\/et_pb_section][et_pb_section fb_built=\u00bb1&#8243; _builder_version=\u00bb4.7.5&#8243; _module_preset=\u00bbdefault\u00bb da_disable_devices=\u00bboff|off|off\u00bb da_is_popup=\u00bboff\u00bb da_exit_intent=\u00bboff\u00bb da_has_close=\u00bbon\u00bb da_alt_close=\u00bboff\u00bb da_dark_close=\u00bboff\u00bb da_not_modal=\u00bbon\u00bb da_is_singular=\u00bboff\u00bb da_with_loader=\u00bboff\u00bb da_has_shadow=\u00bbon\u00bb][et_pb_row _builder_version=\u00bb4.7.5&#8243; _module_preset=\u00bbdefault\u00bb][et_pb_column type=\u00bb4_4&#8243; _builder_version=\u00bb4.7.5&#8243; _module_preset=\u00bbdefault\u00bb][et_pb_text _builder_version=\u00bb4.7.6&#8243; _module_preset=\u00bbdefault\u00bb [&hellip;]","og_url":"https:\/\/hamilton.global\/ca\/politica-de-redes-sociales\/","og_site_name":"Hamilton","article_modified_time":"2024-11-26T13:04:10+00:00","twitter_card":"summary_large_image","twitter_misc":{"Temps estimat de lectura":"6 minuts"},"schema":{"@context":"https:\/\/schema.org","@graph":[{"@type":"WebPage","@id":"https:\/\/hamilton.global\/politica-de-redes-sociales\/","url":"https:\/\/hamilton.global\/politica-de-redes-sociales\/","name":"Pol\u00edtica de Redes Sociales | Hamilton Global","isPartOf":{"@id":"https:\/\/hamilton.global\/#website"},"datePublished":"2024-11-26T12:59:18+00:00","dateModified":"2024-11-26T13:04:10+00:00","breadcrumb":{"@id":"https:\/\/hamilton.global\/politica-de-redes-sociales\/#breadcrumb"},"inLanguage":"ca","potentialAction":[{"@type":"ReadAction","target":["https:\/\/hamilton.global\/politica-de-redes-sociales\/"]}]},{"@type":"BreadcrumbList","@id":"https:\/\/hamilton.global\/politica-de-redes-sociales\/#breadcrumb","itemListElement":[{"@type":"ListItem","position":1,"name":"Home","item":"https:\/\/hamilton.global\/"},{"@type":"ListItem","position":2,"name":"Pol\u00edtica de Redes Sociales"}]},{"@type":"WebSite","@id":"https:\/\/hamilton.global\/#website","url":"https:\/\/hamilton.global\/","name":"Hamilton Global","description":"Market Intelligence Consulting Company","potentialAction":[{"@type":"SearchAction","target":{"@type":"EntryPoint","urlTemplate":"https:\/\/hamilton.global\/?s={search_term_string}"},"query-input":"required name=search_term_string"}],"inLanguage":"ca"}]}},"_links":{"self":[{"href":"https:\/\/hamilton.global\/ca\/wp-json\/wp\/v2\/pages\/5140"}],"collection":[{"href":"https:\/\/hamilton.global\/ca\/wp-json\/wp\/v2\/pages"}],"about":[{"href":"https:\/\/hamilton.global\/ca\/wp-json\/wp\/v2\/types\/page"}],"author":[{"embeddable":true,"href":"https:\/\/hamilton.global\/ca\/wp-json\/wp\/v2\/users\/4"}],"replies":[{"embeddable":true,"href":"https:\/\/hamilton.global\/ca\/wp-json\/wp\/v2\/comments?post=5140"}],"version-history":[{"count":3,"href":"https:\/\/hamilton.global\/ca\/wp-json\/wp\/v2\/pages\/5140\/revisions"}],"predecessor-version":[{"id":5143,"href":"https:\/\/hamilton.global\/ca\/wp-json\/wp\/v2\/pages\/5140\/revisions\/5143"}],"wp:attachment":[{"href":"https:\/\/hamilton.global\/ca\/wp-json\/wp\/v2\/media?parent=5140"}],"curies":[{"name":"wp","href":"https:\/\/api.w.org\/{rel}","templated":true}]}}