{"id":3331,"date":"2020-12-16T11:42:38","date_gmt":"2020-12-16T11:42:38","guid":{"rendered":"http:\/\/hamilton.global\/?page_id=3331"},"modified":"2024-11-26T12:52:29","modified_gmt":"2024-11-26T12:52:29","slug":"aviso-legal","status":"publish","type":"page","link":"https:\/\/hamilton.global\/ca\/aviso-legal\/","title":{"rendered":"AV\u00cdS LEGAL"},"content":{"rendered":"<p>[et_pb_section fb_built=&quot;1&quot; _builder_version=&quot;4.7.5&quot; _module_preset=&quot;default&quot; background_color=&quot;#169ace&quot; min_height=&quot;400px&quot; da_disable_devices=&quot;off|off|off&quot; da_is_pop= da_has_close=&quot;on&quot; da_alt_close=&quot;off&quot; da_dark_close=&quot;off&quot; da_not_modal=&quot;on&quot; da_is_singular=&quot;off&quot; da_with_loader=&quot;off&quot; da_has_shadow=&quot;on&quot;][et_pb_row _4_builder. _module_preset=&quot;default&quot; positioning=&quot;absolute&quot; position_origin_a=&quot;center_center&quot;][et_pb_column type=&quot;4_4&quot; _builder_version=&quot;4.7.5&quot; _module_preset=&quot;default&quot;][et_pb_text _builder. _module_preset=\u00bbdefault\u00bb header_font_size=\u00bb5em\u00bb]<\/p>\n<h1>Av\u00eds Legal<\/h1>\n<p>[\/et_pb_text][\/et_pb_column][\/et_pb_row][\/et_pb_section][et_pb_section fb_built=&quot;1&quot; _builder_version=&quot;4.7.5&quot; _module_preset=&quot;default&quot; off_disable_devices=&quot;off|off| da_exit_intent=&quot;off&quot; da_has_close=&quot;on&quot; da_alt_close=&quot;off&quot; da_dark_close=&quot;off&quot; da_not_modal=&quot;on&quot; da_is_singular=&quot;off&quot; da_with_loader=&quot;off&quot; da_has_shadow=\u00bbon\u00bb _builder_version=&quot;4.7.5&quot; _module_preset=&quot;default&quot;][et_pb_column type=&quot;4_4&quot; _builder_version=&quot;4.7.5&quot; _module_preset=&quot;default&quot;][et_pb_text _builder_version=&quot;4.7.6&quot; _ sticky_enabled=\u00bb0\u2033]<\/p>\n<h2 align=\"center\" style=\"margin-left: .05pt; text-align: center; text-indent: 0cm;\">LLEI<span style=\"letter-spacing: -.05pt;\"> <\/span>DE<span style=\"letter-spacing: -.05pt;\"> <\/span>ELS<span style=\"letter-spacing: -.05pt;\"> <\/span>SERVEIS DE<span style=\"letter-spacing: -.05pt;\"> <\/span>LA<span style=\"letter-spacing: -.05pt;\"> <\/span>SOCIETAT<span style=\"letter-spacing: -.05pt;\"> <\/span>DE<span style=\"letter-spacing: -.05pt;\"> <\/span>LA<span style=\"letter-spacing: -.05pt;\"> <\/span>INFORMACI\u00d3 <span style=\"letter-spacing: -.1pt;\">(LSSI)<\/span><o:p><\/o:p><\/h2>\n<p><span style=\"font-weight: 400;\">\u00a0<\/span><\/p>\n<p>HAMILTON INVESTIGACI\u00d3N ESTRAT\u00c8GICA, SL, responsable del lloc web, d&#039;ara endavant RESPONSABLE, posa a disposici\u00f3 dels usuaris aquest document, amb el qual pret\u00e9n donar compliment a les obligacions disposades a la Llei 34\/2002, d&#039;11 de juliol, de Serveis de la Societat de la Informaci\u00f3 i de Comer\u00e7 Electr\u00f2nic (LSSICE), BOE N\u00ba 166, aix\u00ed com informar tots els usuaris del lloc web respecte a quines s\u00f3n les condicions d\u00fas.<\/p>\n<p>Tota persona que accedeixi a aquest lloc web assumeix el paper d&#039;usuari, comprometent-se a l&#039;observan\u00e7a i el compliment rigor\u00f3s de les disposicions aqu\u00ed disposades, aix\u00ed com a qualsevol altra disposici\u00f3 legal que sigui aplicable.<\/p>\n<p>HAMILTON INVESTIGACI\u00d3N ESTRAT\u00c8GICA, SL es reserva el dret de modificar qualsevol tipus d&#039;informaci\u00f3 que pogu\u00e9s apar\u00e8ixer al lloc web, sense que hi hagi obligaci\u00f3 de preavisar o posar en coneixement dels usuaris aquestes obligacions, entenent-se com suficient amb la publicaci\u00f3 al lloc web de HAMILTON INVESTIGACI\u00d3 ESTRAT\u00c8GICA, SL.<\/p>\n<h2>1. Dades identificatives<\/h2>\n<ul>\n<li><strong>Nom de domini<\/strong>: hamilton.global<\/li>\n<li><strong>Nom comercial<\/strong>: Hamilton Global<\/li>\n<li><strong>Denominaci\u00f3 social<\/strong>: HAMILTON INVESTIGACI\u00d3 ESTRAT\u00c8GICA, SL<\/li>\n<li><strong>NIF<\/strong>: B61834024<\/li>\n<li><strong>Domicili social<\/strong>: C\/ Mallorca, 221 \u2013 08008 BARCELONA Tel\u00e8fon: 932370992<\/li>\n<li><strong>E-mail<\/strong>: <a href=\"mailto:info@hamilton.global\">info@hamilton.global<\/a><\/li>\n<li><strong>Inscrita al Registre (Mercantil \/ P\u00fablic)<\/strong>: Barcelona, Tom 31270, Foli 0111, Full N\u00famero 192564<\/li>\n<\/ul>\n<h2>2. Drets de propietat intel\u00b7lectual i industrial<\/h2>\n<p>El lloc web, incloent a t\u00edtol enunciatiu, per\u00f2 no limitatiu la seva programaci\u00f3, edici\u00f3, compilaci\u00f3 i altres elements necessaris per al seu funcionament, els dissenys, logotips, text i\/o gr\u00e0fics, s\u00f3n propietat del RESPONSABLE o, si escau, disposa de llic\u00e8ncia o autoritzaci\u00f3 expressa per part dels autors. Tots els continguts del lloc web es troben degudament protegits per la normativa de propietat intel\u00b7lectual i industrial, aix\u00ed com inscrits als registres p\u00fablics corresponents.<\/p>\n<p>Independentment de la finalitat per a la qual fossin destinats, la reproducci\u00f3 total o parcial, \u00fas, explotaci\u00f3, distribuci\u00f3 i comercialitzaci\u00f3 requereix en tot cas l&#039;autoritzaci\u00f3 escrita pr\u00e8via per part del RESPONSABLE. Qualsevol \u00fas no autoritzat pr\u00e8viament es considera un incompliment greu dels drets de propietat intel\u00b7lectual o industrial de lautor.<\/p>\n<p>Els dissenys, logotips, text i\/o gr\u00e0fics aliens al RESPONSABLE i que poguessin apar\u00e8ixer al lloc web, pertanyen als seus respectius propietaris, sent ells mateixos responsables de qualsevol possible controv\u00e8rsia que pogu\u00e9s suscitar-se respecte a aquests. El RESPONSABLE autoritza expressament que tercers puguin redirigir directament els continguts concrets del lloc web, i en tot cas redirigir al lloc web principal de hamilton.global.<\/p>\n<p>El RESPONSABLE reconeix a favor dels seus titulars els corresponents drets de propietat intel\u00b7lectual i industrial, no implicant la seva sola menci\u00f3 o aparici\u00f3 al lloc web l&#039;exist\u00e8ncia de drets o responsabilitat sobre aquests, com tampoc suport, patrocini o recomanaci\u00f3 per part del mateix .<\/p>\n<p>Per fer qualsevol tipus d&#039;observaci\u00f3 respecte a possibles incompliments dels drets de propietat intel\u00b7lectual o industrial, aix\u00ed com sobre qualsevol dels continguts del lloc web, podeu fer-ho a trav\u00e9s del correu electr\u00f2nic <a href=\"mailto:info@hamilton.global\">info@hamilton.global.<\/a><\/p>\n<h2>3. Exempci\u00f3 de responsabilitats<\/h2>\n<p>El RESPONSABLE s&#039;eximeix de qualsevol tipus de responsabilitat derivada de la informaci\u00f3 publicada al vostre lloc web sempre que aquesta informaci\u00f3 hagi estat manipulada o introdu\u00efda per un tercer ali\u00e8 al mateix.<\/p>\n<h3>\u00das de galetes<\/h3>\n<p>Aquest lloc web pot utilitzar cookies t\u00e8cniques (petits arxius dinformaci\u00f3 que el servidor envia a lordinador de qui accedeix a la p\u00e0gina) per dur a terme determinades funcions que s\u00f3n considerades imprescindibles per al correcte funcionament i visualitzaci\u00f3 del lloc. Les galetes utilitzades tenen, en tot cas, car\u00e0cter temporal, amb l&#039;\u00fanica finalitat de fer m\u00e9s efica\u00e7 la navegaci\u00f3, i desapareixen en acabar la sessi\u00f3 de l&#039;usuari. En cap cas, aquestes galetes proporcionen per si mateixes dades de car\u00e0cter personal i no s&#039;utilitzaran per a la recollida dels mateixos.<\/p>\n<p>Mitjan\u00e7ant l&#039;\u00fas de cookies tamb\u00e9 \u00e9s possible que el servidor on es troba la web reconegui el navegador utilitzat per l&#039;usuari amb la finalitat que la navegaci\u00f3 sigui m\u00e9s senzilla, permetent, per exemple, l&#039;acc\u00e9s dels usuaris que s&#039;hagin registrat pr\u00e8viament les \u00e0rees, serveis, promocions o concursos reservats exclusivament a ells sense haver de registrar-se a cada visita. Tamb\u00e9 es poden utilitzar per mesurar l&#039;audi\u00e8ncia, par\u00e0metres de tr\u00e0nsit, controlar el progr\u00e9s i el nombre d&#039;entrades, etc., en aquests casos s\u00f3n galetes prescindibles t\u00e8cnicament, per\u00f2 beneficioses per a l&#039;usuari. Aquest lloc web no instal\u00b7lar\u00e0 galetes prescindibles sense el consentiment previ de l&#039;usuari.<\/p>\n<p>L&#039;usuari t\u00e9 la possibilitat de configurar el vostre navegador per ser alertat de la recepci\u00f3 de cookies i per impedir la seva instal\u00b7laci\u00f3 al vostre equip. Si us plau, consulteu les instruccions del vostre navegador per ampliar aquesta informaci\u00f3.<\/p>\n<h3>Pol\u00edtica d&#039;enlla\u00e7os<\/h3>\n<p>Des del lloc web, \u00e9s possible que es redirigeixi a continguts de tercers llocs web. At\u00e8s que el RESPONSABLE no pot controlar sempre els continguts introdu\u00efts pels tercers als seus respectius llocs web, no assumeix cap tipus de responsabilitat respecte a aquests continguts. En tot cas, procedir\u00e0 a la retirada immediata de qualsevol contingut que pogu\u00e9s contravenir la legislaci\u00f3 nacional o internacional, la moral o l&#039;ordre p\u00fablic, procedint a la retirada immediata de la redirecci\u00f3 a aquest lloc web, posant en coneixement de les autoritats competents el contingut en q\u00fcesti\u00f3.<\/p>\n<p>El RESPONSABLE no es fa responsable de la informaci\u00f3 i continguts emmagatzemats, a t\u00edtol enunciatiu, per\u00f2 no limitatiu, en f\u00f2rums, xats, generadors de blocs, comentaris, xarxes socials o qualsevol altre mitj\u00e0 que permeti a tercers publicar continguts de forma independent a la p\u00e0gina web del RESPONSABLE. No obstant aix\u00f2, i en compliment del que disposen els articles 11 i 16 de la LSSICE, es posa a disposici\u00f3 de tots els usuaris, autoritats i forces de seguretat, col\u00b7laborant de forma activa en la retirada o, si escau, bloqueig de tots aquells continguts que puguin afectar o contravenir la legislaci\u00f3 nacional o internacional, els drets de tercers o la moral i lordre p\u00fablic. En cas que l&#039;usuari consideri que hi ha al lloc web algun contingut que pogu\u00e9s ser susceptible d&#039;aquesta classificaci\u00f3, es prega que ho notifiqui de manera immediata a l&#039;administrador del lloc web.<\/p>\n<p>Aquest lloc web ha estat revisat i provat perqu\u00e8 funcioni correctament. En principi, es pot garantir el funcionament correcte els 365 dies de l&#039;any, 24 hores al dia. Tot i aix\u00f2, el RESPONSABLE no descarta la possibilitat que hi hagi certs errors de programaci\u00f3, o que esdevinguin causes de for\u00e7a major, cat\u00e0strofes naturals, vagues o circumst\u00e0ncies semblants que facin impossible l&#039;acc\u00e9s a la p\u00e0gina web.<\/p>\n<h3>Adreces IP<\/h3>\n<p>Els servidors del lloc web podran detectar autom\u00e0ticament l&#039;adre\u00e7a IP i el nom de domini utilitzats per l&#039;usuari. Una adre\u00e7a IP \u00e9s un n\u00famero assignat autom\u00e0ticament a un ordinador quan aquest es connecta a Internet. Tota aquesta informaci\u00f3 \u00e9s registrada en un fitxer d&#039;activitat del servidor degudament inscrit que permet el processament posterior de les dades per tal d&#039;obtenir mesures \u00fanicament estad\u00edstiques que permetin con\u00e8ixer el nombre d&#039;impressions de p\u00e0gines, el nombre de visites realitzades als servidors web, ordre de visites, punt d&#039;acc\u00e9s, etc.<\/p>\n<h2>4. Llei aplicable i jurisdisci\u00f3<\/h2>\n<p>La llei aplicable en cas de disputa o conflicte dinterpretaci\u00f3 dels termes que conformen els textos legals, aix\u00ed com qualsevol q\u00fcesti\u00f3 relacionada amb els serveis del present web, ser\u00e0 la llei espanyola.<\/p>\n<p>&nbsp;<\/p>\n<p><em>Darrera actualitzaci\u00f3: 21\/11\/2024<\/em><\/p>\n<h2><\/h2>\n<p>&nbsp;<\/p>\n<p>[\/et_pb_text][\/et_pb_column][\/et_pb_row][\/et_pb_section]<\/p>\n<span class=\"et_bloom_bottom_trigger\"><\/span>","protected":false},"excerpt":{"rendered":"<p>[et_pb_section fb_built=&quot;1&quot; _builder_version=&quot;4.7.5&quot; _module_preset=&quot;default&quot; background_color=&quot;#169ace&quot; min_height=&quot;400px&quot; da_disable_devices=&quot;off|off|off&quot; da_is_pop= da_has_close=&quot;on&quot; da_alt_close=&quot;off&quot; da_dark_close=&quot;off&quot; da_not_modal=&quot;on&quot; da_is_singular=&quot;off&quot; da_with_loader=&quot;off&quot; da_has_shadow=&quot;on&quot;][et_pb_row _4_builder. _module_preset=&quot;default&quot; positioning=&quot;absolute&quot; position_origin_a=&quot;center_center&quot;][et_pb_column type=&quot;4_4&quot; _builder_version=&quot;4.7.5&quot; _module_preset=&quot;default&quot;][et_pb_text _builder. _module_preset=\u00bbdefault\u00bb header_font_size=\u00bb5em\u00bb] Av\u00eds Legal [\/et_pb_text][\/et_pb_column][\/et_pb_row][\/et_pb_section][et_pb_section fb_built=\u00bb1\u2033 _builder_version=\u00bb4. da_disable_devices=&quot;off|off|off&quot; da_is_popup=&quot;off&quot; da_exit_intent=&quot;off&quot; da_has_close=&quot;on&quot; da_alt_close=&quot;off&quot; da_dark_close=&quot;off&quot; da_has_shadow=\u00bbon\u00bb][et_pb_row _builder_version=\u00bb4.7.5\u2033 _module_preset=\u00bbdefault\u00bb][et_pb_column type=\u00bb4_4\u2033 _builder_version=\u00bb4.7.5\u2033 _module_preset=\u00bbdefault\u00bb][et_. _module_preset=\u00bbdefault\u00bb hover_enabled=\u00bb0\u2033 sticky_enabled=\u00bb0\u2033] LLEI DELS SERVEIS [\u2026]<\/p>","protected":false},"author":2,"featured_media":0,"parent":0,"menu_order":0,"comment_status":"closed","ping_status":"closed","template":"","meta":{"_et_pb_use_builder":"on","_et_pb_old_content":"","_et_gb_content_width":""},"yoast_head":"<!-- This site is optimized with the Yoast SEO plugin v21.5 - https:\/\/yoast.com\/wordpress\/plugins\/seo\/ -->\n<title>AVISO LEGAL |<\/title>\n<meta name=\"robots\" content=\"index, follow, max-snippet:-1, max-image-preview:large, max-video-preview:-1\" \/>\n<link rel=\"canonical\" href=\"https:\/\/hamilton.global\/ca\/aviso-legal\/\" \/>\n<meta property=\"og:locale\" content=\"ca_ES\" \/>\n<meta property=\"og:type\" content=\"article\" \/>\n<meta property=\"og:title\" content=\"AVISO LEGAL |\" \/>\n<meta property=\"og:description\" content=\"[et_pb_section fb_built=\u00bb1&#8243; _builder_version=\u00bb4.7.5&#8243; _module_preset=\u00bbdefault\u00bb background_color=\u00bb#169ace\u00bb min_height=\u00bb400px\u00bb da_disable_devices=\u00bboff|off|off\u00bb da_is_popup=\u00bboff\u00bb da_exit_intent=\u00bboff\u00bb da_has_close=\u00bbon\u00bb da_alt_close=\u00bboff\u00bb da_dark_close=\u00bboff\u00bb da_not_modal=\u00bbon\u00bb da_is_singular=\u00bboff\u00bb da_with_loader=\u00bboff\u00bb da_has_shadow=\u00bbon\u00bb][et_pb_row _builder_version=\u00bb4.7.5&#8243; _module_preset=\u00bbdefault\u00bb positioning=\u00bbabsolute\u00bb position_origin_a=\u00bbcenter_center\u00bb][et_pb_column type=\u00bb4_4&#8243; _builder_version=\u00bb4.7.5&#8243; _module_preset=\u00bbdefault\u00bb][et_pb_text _builder_version=\u00bb4.7.6&#8243; _module_preset=\u00bbdefault\u00bb header_font_size=\u00bb5em\u00bb] Aviso Legal [\/et_pb_text][\/et_pb_column][\/et_pb_row][\/et_pb_section][et_pb_section fb_built=\u00bb1&#8243; _builder_version=\u00bb4.7.5&#8243; _module_preset=\u00bbdefault\u00bb da_disable_devices=\u00bboff|off|off\u00bb da_is_popup=\u00bboff\u00bb da_exit_intent=\u00bboff\u00bb da_has_close=\u00bbon\u00bb da_alt_close=\u00bboff\u00bb da_dark_close=\u00bboff\u00bb da_not_modal=\u00bbon\u00bb da_is_singular=\u00bboff\u00bb da_with_loader=\u00bboff\u00bb da_has_shadow=\u00bbon\u00bb][et_pb_row _builder_version=\u00bb4.7.5&#8243; _module_preset=\u00bbdefault\u00bb][et_pb_column type=\u00bb4_4&#8243; _builder_version=\u00bb4.7.5&#8243; _module_preset=\u00bbdefault\u00bb][et_pb_text _builder_version=\u00bb4.7.6&#8243; _module_preset=\u00bbdefault\u00bb hover_enabled=\u00bb0&#8243; sticky_enabled=\u00bb0&#8243;] LEY DE LOS SERVICIOS [&hellip;]\" \/>\n<meta property=\"og:url\" content=\"https:\/\/hamilton.global\/ca\/aviso-legal\/\" \/>\n<meta property=\"og:site_name\" content=\"Hamilton\" \/>\n<meta property=\"article:modified_time\" content=\"2024-11-26T12:52:29+00:00\" \/>\n<meta name=\"twitter:card\" content=\"summary_large_image\" \/>\n<meta name=\"twitter:label1\" content=\"Temps estimat de lectura\" \/>\n\t<meta name=\"twitter:data1\" content=\"8 minuts\" \/>\n<script type=\"application\/ld+json\" class=\"yoast-schema-graph\">{\"@context\":\"https:\/\/schema.org\",\"@graph\":[{\"@type\":\"WebPage\",\"@id\":\"https:\/\/hamilton.global\/aviso-legal\/\",\"url\":\"https:\/\/hamilton.global\/aviso-legal\/\",\"name\":\"AVISO LEGAL |\",\"isPartOf\":{\"@id\":\"https:\/\/hamilton.global\/#website\"},\"datePublished\":\"2020-12-16T11:42:38+00:00\",\"dateModified\":\"2024-11-26T12:52:29+00:00\",\"breadcrumb\":{\"@id\":\"https:\/\/hamilton.global\/aviso-legal\/#breadcrumb\"},\"inLanguage\":\"ca\",\"potentialAction\":[{\"@type\":\"ReadAction\",\"target\":[\"https:\/\/hamilton.global\/aviso-legal\/\"]}]},{\"@type\":\"BreadcrumbList\",\"@id\":\"https:\/\/hamilton.global\/aviso-legal\/#breadcrumb\",\"itemListElement\":[{\"@type\":\"ListItem\",\"position\":1,\"name\":\"Home\",\"item\":\"https:\/\/hamilton.global\/\"},{\"@type\":\"ListItem\",\"position\":2,\"name\":\"AVISO LEGAL\"}]},{\"@type\":\"WebSite\",\"@id\":\"https:\/\/hamilton.global\/#website\",\"url\":\"https:\/\/hamilton.global\/\",\"name\":\"Hamilton Global\",\"description\":\"Market Intelligence Consulting Company\",\"potentialAction\":[{\"@type\":\"SearchAction\",\"target\":{\"@type\":\"EntryPoint\",\"urlTemplate\":\"https:\/\/hamilton.global\/?s={search_term_string}\"},\"query-input\":\"required name=search_term_string\"}],\"inLanguage\":\"ca\"}]}<\/script>\n<!-- \/ Yoast SEO plugin. -->","yoast_head_json":{"title":"AVISO LEGAL |","robots":{"index":"index","follow":"follow","max-snippet":"max-snippet:-1","max-image-preview":"max-image-preview:large","max-video-preview":"max-video-preview:-1"},"canonical":"https:\/\/hamilton.global\/ca\/aviso-legal\/","og_locale":"ca_ES","og_type":"article","og_title":"AVISO LEGAL |","og_description":"[et_pb_section fb_built=\u00bb1&#8243; _builder_version=\u00bb4.7.5&#8243; _module_preset=\u00bbdefault\u00bb background_color=\u00bb#169ace\u00bb min_height=\u00bb400px\u00bb da_disable_devices=\u00bboff|off|off\u00bb da_is_popup=\u00bboff\u00bb da_exit_intent=\u00bboff\u00bb da_has_close=\u00bbon\u00bb da_alt_close=\u00bboff\u00bb da_dark_close=\u00bboff\u00bb da_not_modal=\u00bbon\u00bb da_is_singular=\u00bboff\u00bb da_with_loader=\u00bboff\u00bb da_has_shadow=\u00bbon\u00bb][et_pb_row _builder_version=\u00bb4.7.5&#8243; _module_preset=\u00bbdefault\u00bb positioning=\u00bbabsolute\u00bb position_origin_a=\u00bbcenter_center\u00bb][et_pb_column type=\u00bb4_4&#8243; _builder_version=\u00bb4.7.5&#8243; _module_preset=\u00bbdefault\u00bb][et_pb_text _builder_version=\u00bb4.7.6&#8243; _module_preset=\u00bbdefault\u00bb header_font_size=\u00bb5em\u00bb] Aviso Legal [\/et_pb_text][\/et_pb_column][\/et_pb_row][\/et_pb_section][et_pb_section fb_built=\u00bb1&#8243; _builder_version=\u00bb4.7.5&#8243; _module_preset=\u00bbdefault\u00bb da_disable_devices=\u00bboff|off|off\u00bb da_is_popup=\u00bboff\u00bb da_exit_intent=\u00bboff\u00bb da_has_close=\u00bbon\u00bb da_alt_close=\u00bboff\u00bb da_dark_close=\u00bboff\u00bb da_not_modal=\u00bbon\u00bb da_is_singular=\u00bboff\u00bb da_with_loader=\u00bboff\u00bb da_has_shadow=\u00bbon\u00bb][et_pb_row _builder_version=\u00bb4.7.5&#8243; _module_preset=\u00bbdefault\u00bb][et_pb_column type=\u00bb4_4&#8243; _builder_version=\u00bb4.7.5&#8243; _module_preset=\u00bbdefault\u00bb][et_pb_text _builder_version=\u00bb4.7.6&#8243; _module_preset=\u00bbdefault\u00bb hover_enabled=\u00bb0&#8243; sticky_enabled=\u00bb0&#8243;] LEY DE LOS SERVICIOS [&hellip;]","og_url":"https:\/\/hamilton.global\/ca\/aviso-legal\/","og_site_name":"Hamilton","article_modified_time":"2024-11-26T12:52:29+00:00","twitter_card":"summary_large_image","twitter_misc":{"Temps estimat de lectura":"8 minuts"},"schema":{"@context":"https:\/\/schema.org","@graph":[{"@type":"WebPage","@id":"https:\/\/hamilton.global\/aviso-legal\/","url":"https:\/\/hamilton.global\/aviso-legal\/","name":"AVISO LEGAL |","isPartOf":{"@id":"https:\/\/hamilton.global\/#website"},"datePublished":"2020-12-16T11:42:38+00:00","dateModified":"2024-11-26T12:52:29+00:00","breadcrumb":{"@id":"https:\/\/hamilton.global\/aviso-legal\/#breadcrumb"},"inLanguage":"ca","potentialAction":[{"@type":"ReadAction","target":["https:\/\/hamilton.global\/aviso-legal\/"]}]},{"@type":"BreadcrumbList","@id":"https:\/\/hamilton.global\/aviso-legal\/#breadcrumb","itemListElement":[{"@type":"ListItem","position":1,"name":"Home","item":"https:\/\/hamilton.global\/"},{"@type":"ListItem","position":2,"name":"AVISO LEGAL"}]},{"@type":"WebSite","@id":"https:\/\/hamilton.global\/#website","url":"https:\/\/hamilton.global\/","name":"Hamilton Global","description":"Market Intelligence Consulting Company","potentialAction":[{"@type":"SearchAction","target":{"@type":"EntryPoint","urlTemplate":"https:\/\/hamilton.global\/?s={search_term_string}"},"query-input":"required name=search_term_string"}],"inLanguage":"ca"}]}},"_links":{"self":[{"href":"https:\/\/hamilton.global\/ca\/wp-json\/wp\/v2\/pages\/3331"}],"collection":[{"href":"https:\/\/hamilton.global\/ca\/wp-json\/wp\/v2\/pages"}],"about":[{"href":"https:\/\/hamilton.global\/ca\/wp-json\/wp\/v2\/types\/page"}],"author":[{"embeddable":true,"href":"https:\/\/hamilton.global\/ca\/wp-json\/wp\/v2\/users\/2"}],"replies":[{"embeddable":true,"href":"https:\/\/hamilton.global\/ca\/wp-json\/wp\/v2\/comments?post=3331"}],"version-history":[{"count":2,"href":"https:\/\/hamilton.global\/ca\/wp-json\/wp\/v2\/pages\/3331\/revisions"}],"predecessor-version":[{"id":5136,"href":"https:\/\/hamilton.global\/ca\/wp-json\/wp\/v2\/pages\/3331\/revisions\/5136"}],"wp:attachment":[{"href":"https:\/\/hamilton.global\/ca\/wp-json\/wp\/v2\/media?parent=3331"}],"curies":[{"name":"wp","href":"https:\/\/api.w.org\/{rel}","templated":true}]}}