{"id":3317,"date":"2020-12-16T11:20:32","date_gmt":"2020-12-16T11:20:32","guid":{"rendered":"http:\/\/hamilton.global\/?page_id=3317"},"modified":"2023-11-08T07:46:09","modified_gmt":"2023-11-08T07:46:09","slug":"aviso-legal-2","status":"publish","type":"page","link":"https:\/\/hamilton.global\/ca\/aviso-legal-2\/","title":{"rendered":"Av\u00eds legal"},"content":{"rendered":"<p>[et_pb_section fb_built=&quot;1&quot; _builder_version=&quot;4.7.5&quot; _module_preset=&quot;default&quot; background_color=&quot;#169ace&quot; min_height=&quot;400px&quot;][et_pb_row _builder_version=&quot;4.7.5&quot; _origin_a =\u00bbcenter_center\u00bb][et_pb_column type=&quot;4_4&quot; _builder_version=&quot;4.7.5&quot; _module_preset=&quot;default&quot;][et_pb_text _builder_version=&quot;4.7.6&quot; _module_preset=&quot;default&quot; header_font_size=&quot; =\u00bb0\u2033]<\/p>\n<h1>Legal Warning<\/h1>\n<p>[\/et_pb_text][\/et_pb_column][\/et_pb_row][\/et_pb_section][et_pb_section fb_built=&quot;1&quot; _builder_version=&quot;4.7.5&quot; _module_preset=&quot;default&quot;][et_pb_row _builder_version ][et_pb_column type=&quot;4_4&quot; _builder_version=&quot;4.7.5&quot; _module_preset=&quot;default&quot;][et_pb_text _builder_version=&quot;4.7.6&quot; _module_preset=&quot;default&quot; hover_enabled=&quot;0&quot; sticky_enable<\/p>\n<h2><b>Accessing the website:<\/b><\/h2>\n<p><span style=\"font-weight: 400;\"><br \/> <\/span>Aquest disclaimer regula Users&#039; access and use of the website in order to provide information about the institution&#039;s services and products and allow all Internet Users general access thereto.<\/p>\n<p>Persons accessing and\/or using the website considered to holding the position of Users and implies their acceptance, with no reservations of any kind, of each and all of these general terms and conditions, as well as ither special terms and conditions, if any, on governa la utilitzaci\u00f3 del portal i serveis associats a therewith.<\/p>\n<p>Users must carefully read the Disclaimer and the Privacy and Cookies Policies when they intend to use the website, sincere HAMILTON GLOBAL INTELLIGENCE reserva les right, at any time and with no prior notice being necessary, to carry out any modification or update serveis, accedir i utilitzar provisions i, en termes generals, any element inclosos al lloc web design i configuraci\u00f3. Per a les persones que no acceptin condicions per accedir i utilitzar, es mostren abstain de la website i els seus contents.<\/p>\n<p>&nbsp;<\/p>\n<h2><b>Using the Website:<\/b><\/h2>\n<p><span style=\"font-weight: 400;\"><br \/> <\/span>Users must carefully use the website, as well as the information related to the services and\/or activitats offered there, being fully subject to the applicable regulations as well as the rules for moral and generally accepted good conduct and public order, as well as the condicions per accedir i utilitzar i per a altres termes i condicions que inclouen el lloc web.<\/p>\n<p>Moreover, Users must refrain from using any of contents for illegal purposes or objectives that are prohibited by virtue this document and that could harm the rights and interests of third parties, or could damage, disable, overload, harmor the website&#039;s contents, altres Users or any other Internet User (hardware and software).<\/p>\n<p>&nbsp;<\/p>\n<h2><b> Functioning of the Website:<\/b><\/h2>\n<p>&nbsp;<\/p>\n<p>If the User fails to comply with the times and conditions in this Disclaimer or the Privacy and Cookies Policies, HAMILTON GLOBAL INTELLIGENCE reserveu right to restrict, suspend and\/or refuse access to the website, adopting any technical measures thy may purpose. HAMILTON GLOBAL INTELLIGENCE will make every possible effort per maintain la correcci\u00f3 functioning of the website, avoiding any errors or repairing them, and to keep contents up-to-date. HAMILTON GLOBAL INTEL\u00b7LIGENCE no \u00e9s guarantee l&#039;availability o continuity of access to the web site of the absence of errors in the contents thereof.<\/p>\n<p>&nbsp;<\/p>\n<h2><strong>Liability:<\/strong><\/h2>\n<p>&nbsp;<\/p>\n<p>Users are the sole parties responsible per a l&#039;\u00fas d&#039;aquest could make of any of the website&#039;s information or mechanisms.<\/p>\n<p>HAMILTON GLOBAL INTELLIGENCE no s&#039;ha pogut esperar per any damage per a Users&#039; maquinari i\/o programari causat per accedir o mitjan\u00e7ant el lloc web. Similarment, aix\u00f2 s&#039;ha de no ser llegible per a damages, que s&#039;est\u00e0 causant per accedir i utilitzar la informaci\u00f3 en el lloc web, i en particular, per\u00f2 que t\u00e9 lloc en IT sistemes o causats per virus i cyber-attacks , crashes, interrupcions, abs\u00e8ncia or defect in sistemes de comunicaci\u00f3 i\/o d&#039;Internet.<\/p>\n<p>Users s&#039;han validat per any damagues que HAMILTON GLOBAL INTELLIGENCE pot causar-se com a resultat failing to complete s any of the obligations undertaken virtue of this Disclaimer, aplicable regulacions i Privacy and Cookies Policies.<\/p>\n<p>&nbsp;<\/p>\n<h2><strong>Policy on links (linking website and linked website):<\/strong><\/h2>\n<p>&nbsp;<\/p>\n<p><strong>Linking website<\/strong>:<br \/> Les parties que inclouen inclouen l&#039;enlla\u00e7 a aquest lloc web a diferents llocs web s&#039;han fet fulls a la for\u00e7a i mai no s\u00f3n hosts inapropiats, il\u00b7legals, pornographics o violents contents, etc.<br \/> Un no circumstances whatsoever shall HAMILTON GLOBAL INTEL\u00b7LIGENCE pot ser llegible per contents de la p\u00e0gina web del seu promote, guarantee, monitor or recomen\u00e7a contents thereof.<br \/> Per a l&#039;enlla\u00e7 Website no estan complets per any d&#039;aprofitaments de terminis i condicions, que s&#039;han delectat a l&#039;enlla\u00e7 immediately.<br \/> <strong><\/strong><\/p>\n<p><strong>Linked website<\/strong>:<br \/> Aquest website mai inclou links a llocs web per 3 parts que users allowed to access. However, HAMILTON GLOBAL INTELLIGENCE s&#039;ha de respondre per contents d&#039;aquestes p\u00e0gines website, instead Users s&#039;han responsible per acceptar i permetre que l&#039;enlla\u00e7 sigui el temps.<br \/> purpose aquestes links o notificacions que no imply el suport, approval, m\u00e0rqueting or any relationship whatsoever between HAMILTON GLOBAL INTELLIGENCE i persones o institucions que el seu lloc on s\u00f3n located.<\/p>\n<p>&nbsp;<\/p>\n<h2><strong>Intel\u00b7lectual i industrial property rights for the contents:<\/strong><\/h2>\n<p>&nbsp;<\/p>\n<p>HAMILTON GLOBAL INTELLIGENCE or els seus llicensors s\u00f3n holders d&#039;all\u00f2 intelectual property rights regarding contents of the website, this being deemed per mean all the designs, databases, underlying computer programs (including source codes), as well as the website (texts, imatges, photos, colours, etc.), structure, order, etc. Les trademarks and trade names (\u201cdistinctive signs\u201d) s\u00f3n owned by HAMILTON GLOBAL INTELLIGENCE or the licensors.<\/p>\n<p>Utilitzeu el lloc web per a les persones que no imply la assignaci\u00f3 d&#039;any intel\u00b7lectual o industrial propera a trav\u00e9s d&#039;aquest. The User es categorically prohibited from reproducing, copying, distributing, providing or, in any other manner, publicly disclosing, convertint or modifying the contents or the distinctive signs, unless it ha obtained authorisation from the holder of the corresponding rights, legally allowed.<\/p>\n<p>&nbsp;<\/p>\n<h2><strong>Advertising:<\/strong><\/h2>\n<p>&nbsp;<\/p>\n<p>The website mai host advertising or sponsored contents. Els advertisers or sponsors s\u00f3n sols responsibles per ensurir que el material submitted per a incloure&#039;s en els llocs web fullfils a la feina que es pot aplicar en el seu cas.<\/p>\n<p>HAMILTON GLOBAL INTEL\u00b7LIGENCE no s&#039;ha pogut evitar l&#039;any error, inaccuraci\u00f3 o irregularitat que s&#039;advertising i sponsored contents mai comptain.<\/p>\n<p>&nbsp;<\/p>\n<h2><strong>Applicable law:<\/strong><\/h2>\n<p>&nbsp;<\/p>\n<p>Aquest disclaimer shall be governed and construed according to Spanish law.<\/p>\n<p>Les parts hereby agreen el submit any disputat que mai s&#039;aplica a l&#039;acc\u00e9s al lloc web a la jurisdicci\u00f3 d&#039;algunes courts i tribunals, acord amb el consumer i les regulacions.<\/p>\n<p>&nbsp;<\/p>\n<h2><strong>Contact:<\/strong><\/h2>\n<p>&nbsp;<\/p>\n<p><span>Users mai contact us through this email address: <a href=\"mailto:info@hamilton-globa\u00f1\">info@hamilton.global\u00a0<\/a>\u00a0per any query or comment regarding this disclaimer.<\/span><\/p>\n<p>&nbsp;<\/p>\n<p>[\/et_pb_text][\/et_pb_column][\/et_pb_row][\/et_pb_section]<\/p>\n<span class=\"et_bloom_bottom_trigger\"><\/span>","protected":false},"excerpt":{"rendered":"<p>[et_pb_section fb_built=&quot;1&quot; _builder_version=&quot;4.7.5&quot; _module_preset=&quot;default&quot; background_color=&quot;#169ace&quot; min_height=&quot;400px&quot;][et_pb_row _builder_version=&quot;4.7.5&quot; _origin_a =\u00bbcenter_center\u00bb][et_pb_column type=&quot;4_4&quot; _builder_version=&quot;4.7.5&quot; _module_preset=&quot;default&quot;][et_pb_text _builder_version=&quot;4.7.6&quot; _module_preset=&quot;default&quot; header_font_size=&quot; =\u00bb0\u2033] Legal Warning [\/et_pb_text][\/et_pb_column][\/et_pb_row][\/et_pb_section][et_pb_section fb_built=\u00bb1\u2033 _builder_version=\u00bb4.7.5\u2033 _module_preset=\u00bbdefault\u00bb][et_p. 5\u2033 _module_preset=\u00bbdefault\u00bb][et_pb_column type=\u00bb4_4\u2033 _builder_version=\u00bb4.7.5\u2033 _module_preset=\u00bbdefault\u00bb][et_pb_text _builder_version=\u00bb4.7.6\u2033 _module_preset=\u00bbdefault\u00bb 0\u2033] Accessing the website: Aquest disclaimer regula Users&#039; access and use of the website in order to provide information about the institution&#039;s services [...]<\/p>","protected":false},"author":2,"featured_media":0,"parent":0,"menu_order":0,"comment_status":"closed","ping_status":"closed","template":"","meta":{"_et_pb_use_builder":"on","_et_pb_old_content":"","_et_gb_content_width":""},"yoast_head":"<!-- This site is optimized with the Yoast SEO plugin v21.5 - https:\/\/yoast.com\/wordpress\/plugins\/seo\/ -->\n<title>Aviso legal |<\/title>\n<meta name=\"robots\" content=\"index, follow, max-snippet:-1, max-image-preview:large, max-video-preview:-1\" \/>\n<link rel=\"canonical\" href=\"https:\/\/hamilton.global\/ca\/aviso-legal-2\/\" \/>\n<meta property=\"og:locale\" content=\"ca_ES\" \/>\n<meta property=\"og:type\" content=\"article\" \/>\n<meta property=\"og:title\" content=\"Aviso legal |\" \/>\n<meta property=\"og:description\" content=\"[et_pb_section fb_built=\u00bb1&#8243; _builder_version=\u00bb4.7.5&#8243; _module_preset=\u00bbdefault\u00bb background_color=\u00bb#169ace\u00bb min_height=\u00bb400px\u00bb][et_pb_row _builder_version=\u00bb4.7.5&#8243; _module_preset=\u00bbdefault\u00bb positioning=\u00bbabsolute\u00bb position_origin_a=\u00bbcenter_center\u00bb][et_pb_column type=\u00bb4_4&#8243; _builder_version=\u00bb4.7.5&#8243; _module_preset=\u00bbdefault\u00bb][et_pb_text _builder_version=\u00bb4.7.6&#8243; _module_preset=\u00bbdefault\u00bb header_font_size=\u00bb5em\u00bb hover_enabled=\u00bb0&#8243; sticky_enabled=\u00bb0&#8243;] Legal Warning [\/et_pb_text][\/et_pb_column][\/et_pb_row][\/et_pb_section][et_pb_section fb_built=\u00bb1&#8243; _builder_version=\u00bb4.7.5&#8243; _module_preset=\u00bbdefault\u00bb][et_pb_row _builder_version=\u00bb4.7.5&#8243; _module_preset=\u00bbdefault\u00bb][et_pb_column type=\u00bb4_4&#8243; _builder_version=\u00bb4.7.5&#8243; _module_preset=\u00bbdefault\u00bb][et_pb_text _builder_version=\u00bb4.7.6&#8243; _module_preset=\u00bbdefault\u00bb hover_enabled=\u00bb0&#8243; sticky_enabled=\u00bb0&#8243;] Accessing the website: This Disclaimer regulates Users\u2019 access and use of the website in order to provide information about the institution\u2019s services [&hellip;]\" \/>\n<meta property=\"og:url\" content=\"https:\/\/hamilton.global\/ca\/aviso-legal-2\/\" \/>\n<meta property=\"og:site_name\" content=\"Hamilton\" \/>\n<meta property=\"article:modified_time\" content=\"2023-11-08T07:46:09+00:00\" \/>\n<meta name=\"twitter:card\" content=\"summary_large_image\" \/>\n<meta name=\"twitter:label1\" content=\"Temps estimat de lectura\" \/>\n\t<meta name=\"twitter:data1\" content=\"6 minuts\" \/>\n<script type=\"application\/ld+json\" class=\"yoast-schema-graph\">{\"@context\":\"https:\/\/schema.org\",\"@graph\":[{\"@type\":\"WebPage\",\"@id\":\"https:\/\/hamilton.global\/aviso-legal-2\/\",\"url\":\"https:\/\/hamilton.global\/aviso-legal-2\/\",\"name\":\"Aviso legal |\",\"isPartOf\":{\"@id\":\"https:\/\/hamilton.global\/#website\"},\"datePublished\":\"2020-12-16T11:20:32+00:00\",\"dateModified\":\"2023-11-08T07:46:09+00:00\",\"breadcrumb\":{\"@id\":\"https:\/\/hamilton.global\/aviso-legal-2\/#breadcrumb\"},\"inLanguage\":\"ca\",\"potentialAction\":[{\"@type\":\"ReadAction\",\"target\":[\"https:\/\/hamilton.global\/aviso-legal-2\/\"]}]},{\"@type\":\"BreadcrumbList\",\"@id\":\"https:\/\/hamilton.global\/aviso-legal-2\/#breadcrumb\",\"itemListElement\":[{\"@type\":\"ListItem\",\"position\":1,\"name\":\"Home\",\"item\":\"https:\/\/hamilton.global\/\"},{\"@type\":\"ListItem\",\"position\":2,\"name\":\"Aviso legal\"}]},{\"@type\":\"WebSite\",\"@id\":\"https:\/\/hamilton.global\/#website\",\"url\":\"https:\/\/hamilton.global\/\",\"name\":\"Hamilton Global\",\"description\":\"Market Intelligence Consulting Company\",\"potentialAction\":[{\"@type\":\"SearchAction\",\"target\":{\"@type\":\"EntryPoint\",\"urlTemplate\":\"https:\/\/hamilton.global\/?s={search_term_string}\"},\"query-input\":\"required name=search_term_string\"}],\"inLanguage\":\"ca\"}]}<\/script>\n<!-- \/ Yoast SEO plugin. -->","yoast_head_json":{"title":"Aviso legal |","robots":{"index":"index","follow":"follow","max-snippet":"max-snippet:-1","max-image-preview":"max-image-preview:large","max-video-preview":"max-video-preview:-1"},"canonical":"https:\/\/hamilton.global\/ca\/aviso-legal-2\/","og_locale":"ca_ES","og_type":"article","og_title":"Aviso legal |","og_description":"[et_pb_section fb_built=\u00bb1&#8243; _builder_version=\u00bb4.7.5&#8243; _module_preset=\u00bbdefault\u00bb background_color=\u00bb#169ace\u00bb min_height=\u00bb400px\u00bb][et_pb_row _builder_version=\u00bb4.7.5&#8243; _module_preset=\u00bbdefault\u00bb positioning=\u00bbabsolute\u00bb position_origin_a=\u00bbcenter_center\u00bb][et_pb_column type=\u00bb4_4&#8243; _builder_version=\u00bb4.7.5&#8243; _module_preset=\u00bbdefault\u00bb][et_pb_text _builder_version=\u00bb4.7.6&#8243; _module_preset=\u00bbdefault\u00bb header_font_size=\u00bb5em\u00bb hover_enabled=\u00bb0&#8243; sticky_enabled=\u00bb0&#8243;] Legal Warning [\/et_pb_text][\/et_pb_column][\/et_pb_row][\/et_pb_section][et_pb_section fb_built=\u00bb1&#8243; _builder_version=\u00bb4.7.5&#8243; _module_preset=\u00bbdefault\u00bb][et_pb_row _builder_version=\u00bb4.7.5&#8243; _module_preset=\u00bbdefault\u00bb][et_pb_column type=\u00bb4_4&#8243; _builder_version=\u00bb4.7.5&#8243; _module_preset=\u00bbdefault\u00bb][et_pb_text _builder_version=\u00bb4.7.6&#8243; _module_preset=\u00bbdefault\u00bb hover_enabled=\u00bb0&#8243; sticky_enabled=\u00bb0&#8243;] Accessing the website: This Disclaimer regulates Users\u2019 access and use of the website in order to provide information about the institution\u2019s services [&hellip;]","og_url":"https:\/\/hamilton.global\/ca\/aviso-legal-2\/","og_site_name":"Hamilton","article_modified_time":"2023-11-08T07:46:09+00:00","twitter_card":"summary_large_image","twitter_misc":{"Temps estimat de lectura":"6 minuts"},"schema":{"@context":"https:\/\/schema.org","@graph":[{"@type":"WebPage","@id":"https:\/\/hamilton.global\/aviso-legal-2\/","url":"https:\/\/hamilton.global\/aviso-legal-2\/","name":"Aviso legal |","isPartOf":{"@id":"https:\/\/hamilton.global\/#website"},"datePublished":"2020-12-16T11:20:32+00:00","dateModified":"2023-11-08T07:46:09+00:00","breadcrumb":{"@id":"https:\/\/hamilton.global\/aviso-legal-2\/#breadcrumb"},"inLanguage":"ca","potentialAction":[{"@type":"ReadAction","target":["https:\/\/hamilton.global\/aviso-legal-2\/"]}]},{"@type":"BreadcrumbList","@id":"https:\/\/hamilton.global\/aviso-legal-2\/#breadcrumb","itemListElement":[{"@type":"ListItem","position":1,"name":"Home","item":"https:\/\/hamilton.global\/"},{"@type":"ListItem","position":2,"name":"Aviso legal"}]},{"@type":"WebSite","@id":"https:\/\/hamilton.global\/#website","url":"https:\/\/hamilton.global\/","name":"Hamilton Global","description":"Market Intelligence Consulting Company","potentialAction":[{"@type":"SearchAction","target":{"@type":"EntryPoint","urlTemplate":"https:\/\/hamilton.global\/?s={search_term_string}"},"query-input":"required name=search_term_string"}],"inLanguage":"ca"}]}},"_links":{"self":[{"href":"https:\/\/hamilton.global\/ca\/wp-json\/wp\/v2\/pages\/3317"}],"collection":[{"href":"https:\/\/hamilton.global\/ca\/wp-json\/wp\/v2\/pages"}],"about":[{"href":"https:\/\/hamilton.global\/ca\/wp-json\/wp\/v2\/types\/page"}],"author":[{"embeddable":true,"href":"https:\/\/hamilton.global\/ca\/wp-json\/wp\/v2\/users\/2"}],"replies":[{"embeddable":true,"href":"https:\/\/hamilton.global\/ca\/wp-json\/wp\/v2\/comments?post=3317"}],"version-history":[{"count":0,"href":"https:\/\/hamilton.global\/ca\/wp-json\/wp\/v2\/pages\/3317\/revisions"}],"wp:attachment":[{"href":"https:\/\/hamilton.global\/ca\/wp-json\/wp\/v2\/media?parent=3317"}],"curies":[{"name":"wp","href":"https:\/\/api.w.org\/{rel}","templated":true}]}}