{"id":3291,"date":"2020-12-12T13:36:46","date_gmt":"2020-12-12T13:36:46","guid":{"rendered":"http:\/\/hamilton.global\/?page_id=3291"},"modified":"2024-11-26T12:38:00","modified_gmt":"2024-11-26T12:38:00","slug":"politica-de-privacidad","status":"publish","type":"page","link":"https:\/\/hamilton.global\/ca\/politica-de-privacidad\/","title":{"rendered":"Pol\u00edtica de Privadesa"},"content":{"rendered":"<p>[et_pb_section fb_built=&quot;1&quot; _builder_version=&quot;4.7.5&quot; _module_preset=&quot;default&quot; background_color=&quot;#169ace&quot; min_height=&quot;400px&quot; da_disable_devices=&quot;off|off|off&quot; da_is_pop= da_has_close=&quot;on&quot; da_alt_close=&quot;off&quot; da_dark_close=&quot;off&quot; da_not_modal=&quot;on&quot; da_is_singular=&quot;off&quot; da_with_loader=&quot;off&quot; da_has_shadow=&quot;on&quot;][et_pb_row _4_builder. _module_preset=&quot;default&quot; positioning=&quot;absolute&quot; position_origin_a=&quot;center_center&quot;][et_pb_column type=&quot;4_4&quot; _builder_version=&quot;4.7.5&quot; _module_preset=&quot;default&quot;][et_pb_text _builder. _module_preset=\u00bbdefault\u00bb header_font_size=\u00bb5em\u00bb]<\/p>\n<h1>Pol\u00edtica de privadesa Web<\/h1>\n<p>[\/et_pb_text][\/et_pb_column][\/et_pb_row][\/et_pb_section][et_pb_section fb_built=&quot;1&quot; _builder_version=&quot;4.7.5&quot; _module_preset=&quot;default&quot; off_disable_devices=&quot;off|off| da_exit_intent=&quot;off&quot; da_has_close=&quot;on&quot; da_alt_close=&quot;off&quot; da_dark_close=&quot;off&quot; da_not_modal=&quot;on&quot; da_is_singular=&quot;off&quot; da_with_loader=&quot;off&quot; da_has_shadow=\u00bbon\u00bb _builder_version=&quot;4.7.5&quot; _module_preset=&quot;default&quot;][et_pb_column type=&quot;4_4&quot; _builder_version=&quot;4.7.5&quot; _module_preset=&quot;default&quot;][et_pb_text _builder_version=&quot;4.7.6&quot; _ sticky_enabled=\u00bb0\u2033]<\/p>\n<h2><strong>Responsable del Tractament<\/strong><\/h2>\n<p>L&#039;empresa responsable del tractament de les vostres dades en virtut d&#039;aquesta Pol\u00edtica de privadesa \u00e9s: HAMILTON INVESTIGACI\u00d3N ESTRAT\u00c8GICA, SL<\/p>\n<ul>\n<li><strong>NIF<\/strong>: B61834024<\/li>\n<li><strong>Domicili<\/strong>: C\/ Mallorca, 221 \u2013 08008 BARCELONA Adre\u00e7a de correu electr\u00f2nic: <a href=\"mailto:info@hamilton.global\">info@hamilton.global<\/a><\/li>\n<li><strong>Web<\/strong>: hamilton.global<\/li>\n<li><strong>Tel\u00e8fon<\/strong>: 932370992<\/li>\n<li><strong>Inscrita al Registre Mercantil:<\/strong>\u00a0Barcelona, Tom 31270, Foli 0111, Full N\u00famero 192564<\/li>\n<\/ul>\n<p>A HAMILTON INVESTIGACI\u00d3N ESTRAT\u00c8GICA, SL, reconeixem la import\u00e0ncia de protegir la seva informaci\u00f3 personal i estem compromesos a tractar-la amb responsabilitat i de conformitat amb les lleis de protecci\u00f3 de dades.<\/p>\n<p>Aquesta pol\u00edtica de privadesa pret\u00e9n regular tots els aspectes relatius al tractament de dades dels diferents usuaris que naveguen o faciliten les seves dades personals a trav\u00e9s dels diferents formularis situats a la web.<\/p>\n<h2><strong>Dades Personals<\/strong><\/h2>\n<p>Una dada personal \u00e9s la informaci\u00f3 que us identifica o us fa identificable. etc., aix\u00ed com totes aquelles dades que volunt\u00e0riament ens proporcioni a trav\u00e9s de qualsevol de les xarxes socials de les quals l&#039;usuari est\u00e0 registrat. En aquest cas, la privadesa dependr\u00e0 de la pr\u00f2pia configuraci\u00f3 establerta per l&#039;usuari aix\u00ed com dels termes i condicions de la pr\u00f2pia xarxa social.<\/p>\n<p>La visita de l&#039;usuari a la web no implica que hagi de facilitar cap informaci\u00f3 sobre les vostres dades personals. No obstant aix\u00f2, en cas de facilitar-los, les dades seran tractades de forma l\u00edcita amb subjecci\u00f3 en tot moment als principis i drets recollits al RGPD 2016\/679 de 27 d&#039;abril de 2016 i la LOPDGDD 3\/2018 del 5 de desembre.<\/p>\n<h2><strong>Finalitat, durada i legitimaci\u00f3 del tractament<\/strong><\/h2>\n<p>Les dades que l&#039;usuari ens proporcioni les tractarem amb les finalitats seg\u00fcents:<\/p>\n<p>Atendre la sol\u00b7licitud o petici\u00f3 realitzada per l&#039;usuari a trav\u00e9s del <strong>formulari de contacte <\/strong>situat a la web. Recollim i tractem les dades personals de l&#039;usuari per poder tramitar i gestionar la vostra sol\u00b7licitud, una consulta o qualsevol petici\u00f3 que realitzeu a trav\u00e9s d&#039;aquest formulari. Aquestes dades les conservarem durant el temps necessari per donar compliment a la vostra petici\u00f3 i durant el temps establert per la llei amb una durada m\u00ednima de 3 anys.<\/p>\n<p>La base de legitimaci\u00f3 del tractament de les dades ser\u00e0 el consentiment que atorga l&#039;usuari en seleccionar la casella d&#039;acceptaci\u00f3 de la nostra pol\u00edtica de privadesa abans d&#039;enviar la petici\u00f3. L&#039;usuari t\u00e9 dret a revocar el consentiment en qualsevol moment sense que aix\u00f2 afecti la licitud del tractament basat en el consentiment previ a la seva retirada.<\/p>\n<p>Millorar la vostra experi\u00e8ncia en navegar per la web. Aquestes dades les conservarem mentre l&#039;usuari no revoqui el seu consentiment al seu tractament eliminant les galetes i durant el temps establert per la llei amb una durada m\u00ednima de 3 anys.<\/p>\n<p>La base de legitimaci\u00f3 per millorar la vostra experi\u00e8ncia en navegar per la web \u00e9s el consentiment que atorga l&#039;usuari en acceptar les cookies. L&#039;usuari t\u00e9 dret a revocar el consentiment en qualsevol moment sense que aix\u00f2 afecti la licitud del tractament basat en el consentiment previ a la seva retirada.<\/p>\n<p>Gestionar les nostres <strong>xarxes socials <\/strong>i enviar informaci\u00f3 sobre les nostres activitats i productes. Aquestes dades les conservarem mentre l&#039;usuari no revoqui el seu consentiment al seu tractament i durant el temps establert per la llei amb una durada m\u00ednima de 3 anys.<\/p>\n<p>La base leg\u00edtima per gestionar les nostres xarxes socials i enviar-li les nostres activitats i novetats \u00e9s el consentiment que ens atorga. L&#039;usuari t\u00e9 dret a revocar el consentiment en qualsevol moment sense que aix\u00f2 afecti la licitud del tractament basat en el consentiment previ a la seva retirada.<\/p>\n<p>Enviar <strong>comunicacions, butlletins o newsletters <\/strong>sobre productes de HAMILTON INVESTIGACI\u00d3 ESTRAT\u00c8GICA, SL. Sota el consentiment de l&#039;usuari recollim i tractem les vostres dades personals per poder enviar-vos informaci\u00f3 sobre els nostres productes i serveis. Aquestes dades les conservarem mentre l&#039;usuari no revoqui el seu consentiment al seu tractament i durant el temps establert per la llei amb una durada m\u00ednima de 3 anys.<\/p>\n<p>La base de legitimaci\u00f3 del tractament de les dades ser\u00e0 el consentiment que atorga l&#039;usuari en seleccionar la casella d&#039;acceptaci\u00f3 de la nostra pol\u00edtica de privadesa abans de subscriure&#039;s a la newsletter en formulari habilitat a aquest efecte al web. L&#039;usuari t\u00e9 dret a revocar el consentiment en qualsevol moment sense que aix\u00f2 afecti la licitud del tractament basat en el consentiment previ a la seva retirada.<\/p>\n<h2><strong>Cessi\u00f3 o comunicaci\u00f3 de dades personals i transfer\u00e8ncies internacionals<\/strong><\/h2>\n<p>Les vostres dades no es comunicaran ni seran cedides a tercers, llevat que hi hagi alguna obligaci\u00f3 legal o aquells prestadors vinculats al Responsable que actuen com a encarregats del tractament.<\/p>\n<p>\u200bEls nostres servidors estan ubicats a la Uni\u00f3 Europea, i amb car\u00e0cter general, contractem prestadors de serveis ubicats tamb\u00e9 dins de l&#039;Espai Econ\u00f2mic Europeu o en pa\u00efsos que han estat declarats amb un nivell adequat de protecci\u00f3.<\/p>\n<p>Si necessitem utilitzar prove\u00efdors de serveis externs que requereixin la transmissi\u00f3 de dades personals fora de la Uni\u00f3 Europea o en pa\u00efsos que no han estat declarats amb un nivell adequat de protecci\u00f3, ens assegurarem de garantir la seguretat i legitimitat del tractament de les dades mitjan\u00e7ant decisions dadequaci\u00f3, cl\u00e0usules tipus, normes corporatives vinculants, excepcions o qualsevol altre instrument aprovat per lautoritat de control que ofereixi les garanties adequades per a la realitzaci\u00f3 de la transfer\u00e8ncia internacional de dades.<\/p>\n<h2><strong>Actualitzaci\u00f3 de dades<\/strong><\/h2>\n<p>\u00c9s important que perqu\u00e8 puguem mantenir les dades personals actualitzades, l&#039;usuari ens informi sempre que hi hagi hagut alguna modificaci\u00f3, en cas contrari, no responem de la seva veracitat.<\/p>\n<p>L&#039;usuari garanteix que les dades personals facilitades s\u00f3n veraces garantint que tota la informaci\u00f3 facilitada correspon a la situaci\u00f3 real, que est\u00e0 actualitzada i \u00e9s exacta, i queda obligat a comunicar qualsevol modificaci\u00f3.<\/p>\n<h2><strong>Dades de Tercers<\/strong><\/h2>\n<p>Si l&#039;usuari facilita dades de terceres persones per a qualsevol finalitat a HAMILTON INVESTIGACI\u00d3N ESTRAT\u00c8GICA, SL, garanteix que ha obtingut aquestes dades de forma l\u00edcita, que ha informat pr\u00e8viament els afectats, obtenint el seu consentiment per comunicar-los i que la informaci\u00f3 facilitada \u00e9s exacta i vera\u00e7 .<\/p>\n<h2><strong>Car\u00e0cter obligatori de la informaci\u00f3 sol\u00b7licitada<\/strong><\/h2>\n<p>Tots els nostres formularis compten amb un asterisc (*) a les dades obligat\u00f2ries. Si l&#039;usuari no facilita aquests camps, o b\u00e9 no marca la casella d&#039;acceptaci\u00f3 de la pol\u00edtica de privadesa, no es permetr\u00e0 l&#039;enviament de la informaci\u00f3.<\/p>\n<h2><strong>Drets de les persones interessades<\/strong><\/h2>\n<p>Teniu dret a accedir a les vostres dades ia obtenir confirmaci\u00f3 sobre el vostre tractament, aix\u00ed com una c\u00f2pia de les dades personals objecte de tractament. T\u00e9 dret a actualitzar-los i sol\u00b7licitar la rectificaci\u00f3 de les dades que siguin inexactes o sol\u00b7licitar la supressi\u00f3 quan les dades no siguin necess\u00e0ries per als fins per als quals van ser demanades. Podeu sol\u00b7licitar la limitaci\u00f3 en el tractament de les vostres dades i oposar-vos al tractament d&#039;aquestes dades revocant el vostre consentiment, aix\u00ed com exercir el dret a la portabilitat de les dades. De la mateixa manera, t\u00e9 dret a no ser objecte de decisions basades \u00fanicament en el tractament automatitzat de les dades personals. Podeu exercir els vostres drets contactant amb nosaltres <a href=\"mailto:info@hamilton.global\">info@hamilton.global<\/a><\/p>\n<p>Si considereu que els vostres drets no s&#039;han at\u00e8s degudament, teniu dret a presentar una reclamaci\u00f3 davant l&#039;autoritat de control a <a href=\"http:\/\/www.aepd.es\/\">www.aepd.es.<\/a><\/p>\n<h2><strong>Tractament de dades de menors d&#039;edat<\/strong><\/h2>\n<p>Qui facilita les dades a trav\u00e9s dels formularis d&#039;aquesta web i accepta el seu tractament declara ser major de 14 anys, i queda prohibit l&#039;acc\u00e9s i l&#039;\u00fas del portal a menors d&#039;aquesta edat. Si en algun moment, el Responsable detecta que un menor de 14 anys ha proporcionat dades de car\u00e0cter personal, procedirem a cancel\u00b7lar-les. Aix\u00ed mateix, els pares o tutors podran en qualsevol cas dirigir-se a HAMILTON INVESTIGACI\u00d3N ESTRAT\u00c8GICA, SL per bloquejar el compte d&#039;acc\u00e9s dels menors a c\u00e0rrec seu que s&#039;haguessin registrat falsejant la seva identitat.<\/p>\n<p><strong>Xarxes socials<\/strong><\/p>\n<p>L&#039;objecte de les eines com ara Facebook, Twitter, Instagram, etc. o altres xarxes socials \u00e9s donar visibilitat i difusi\u00f3 a les activitats que desenvolupa la nostra organitzaci\u00f3. Aquestes eines emmagatzemen dades personals als servidors dels serveis respectius i es regeixen per la seva pr\u00f2pia pol\u00edtica de privadesa. Es recomana la revisi\u00f3 i la lectura de les condicions d&#039;\u00fas i pol\u00edtica de privadesa de la xarxa social en el moment de registrar-se, tenint en compte les diferents possibilitats de configuraci\u00f3 en relaci\u00f3 amb el grau de privadesa del perfil d&#039;usuari a la xarxa social.<\/p>\n<p>Aix\u00ed mateix, el Responsable es reserva el dret d&#039;eliminar de les xarxes socials qualsevol informaci\u00f3 publicada per tercers que vulneri la legalitat, inciti a fer-ho o contingui missatges que atemptin contra la dignitat de persones o institucions. Com tamb\u00e9 el dret a bloquejar o denunciar el perfil autor daquests missatges.<\/p>\n<p><strong>Tractament de galetes<\/strong><\/p>\n<p>Una galeta \u00e9s un petit fitxer que es descarrega i emmagatzema a l&#039;ordinador de l&#039;usuari quan aquest accedeix a una p\u00e0gina web. Les Cookies permeten al web, entre altres coses, emmagatzemar i recuperar informaci\u00f3 sobre els h\u00e0bits de navegaci\u00f3 de l&#039;usuari o del seu equip i, depenent de la informaci\u00f3 que continguin i de la manera com utilitzi el seu equip, es poden utilitzar per recon\u00e8ixer l&#039;usuari .<\/p>\n<p>L&#039;usuari t\u00e9 l&#039;opci\u00f3 d&#039;impedir la generaci\u00f3 de cookies, mitjan\u00e7ant la selecci\u00f3 de la corresponent opci\u00f3 al vostre programa de navegador. Podeu obtenir m\u00e9s informaci\u00f3 llegint la nostra <a href=\"https:\/\/hamilton.global\/ca\/politica-de-cookies\/\" target=\"_blank\" rel=\"noopener noreferrer\" style=\"color: #000!important;\"><u>Pol\u00edtica de Cookies<\/u><\/a>.[\/et_pb_text][\/et_pb_column][\/et_pb_row][\/et_pb_section]<\/p>\n<span class=\"et_bloom_bottom_trigger\"><\/span>","protected":false},"excerpt":{"rendered":"<p>[et_pb_section fb_built=&quot;1&quot; _builder_version=&quot;4.7.5&quot; _module_preset=&quot;default&quot; background_color=&quot;#169ace&quot; min_height=&quot;400px&quot; da_disable_devices=&quot;off|off|off&quot; da_is_pop= da_has_close=&quot;on&quot; da_alt_close=&quot;off&quot; da_dark_close=&quot;off&quot; da_not_modal=&quot;on&quot; da_is_singular=&quot;off&quot; da_with_loader=&quot;off&quot; da_has_shadow=&quot;on&quot;][et_pb_row _4_builder. _module_preset=&quot;default&quot; positioning=&quot;absolute&quot; position_origin_a=&quot;center_center&quot;][et_pb_column type=&quot;4_4&quot; _builder_version=&quot;4.7.5&quot; _module_preset=&quot;default&quot;][et_pb_text _builder. _module_preset=\u00bbdefault\u00bb header_font_size=\u00bb5em\u00bb] Pol\u00edtica de privadesa Web [\/et_pb_text][\/et_pb_column][\/et_pb_row][\/et_pb_section][et_pb_section fb_built=\u00bb1\u2033 _builder_version=\u00bb da_disable_devices=&quot;off|off|off&quot; da_is_popup=&quot;off&quot; da_exit_intent=&quot;off&quot; da_has_close=&quot;on&quot; da_alt_close=&quot;off&quot; da_dark_close=&quot;off&quot; da_has_shadow=\u00bbon\u00bb][et_pb_row _builder_version=\u00bb4.7.5\u2033 _module_preset=\u00bbdefault\u00bb][et_pb_column type=\u00bb4_4\u2033 _builder_version=\u00bb4.7.5\u2033 _module_preset=\u00bbdefault\u00bb][et_. _module_preset=\u00bbdefault\u00bb hover_enabled=\u00bb0\u2033 sticky_enabled=\u00bb0\u2033] Responsable del [\u2026]<\/p>","protected":false},"author":1,"featured_media":0,"parent":0,"menu_order":0,"comment_status":"closed","ping_status":"closed","template":"","meta":{"_et_pb_use_builder":"on","_et_pb_old_content":"","_et_gb_content_width":""},"yoast_head":"<!-- This site is optimized with the Yoast SEO plugin v21.5 - https:\/\/yoast.com\/wordpress\/plugins\/seo\/ -->\n<title>Pol\u00edtica de Privacidad |<\/title>\n<meta name=\"robots\" content=\"index, follow, max-snippet:-1, max-image-preview:large, max-video-preview:-1\" \/>\n<link rel=\"canonical\" href=\"https:\/\/hamilton.global\/ca\/politica-de-privacidad\/\" \/>\n<meta property=\"og:locale\" content=\"ca_ES\" \/>\n<meta property=\"og:type\" content=\"article\" \/>\n<meta property=\"og:title\" content=\"Pol\u00edtica de Privacidad |\" \/>\n<meta property=\"og:description\" content=\"[et_pb_section fb_built=\u00bb1&#8243; _builder_version=\u00bb4.7.5&#8243; _module_preset=\u00bbdefault\u00bb background_color=\u00bb#169ace\u00bb min_height=\u00bb400px\u00bb da_disable_devices=\u00bboff|off|off\u00bb da_is_popup=\u00bboff\u00bb da_exit_intent=\u00bboff\u00bb da_has_close=\u00bbon\u00bb da_alt_close=\u00bboff\u00bb da_dark_close=\u00bboff\u00bb da_not_modal=\u00bbon\u00bb da_is_singular=\u00bboff\u00bb da_with_loader=\u00bboff\u00bb da_has_shadow=\u00bbon\u00bb][et_pb_row _builder_version=\u00bb4.7.5&#8243; _module_preset=\u00bbdefault\u00bb positioning=\u00bbabsolute\u00bb position_origin_a=\u00bbcenter_center\u00bb][et_pb_column type=\u00bb4_4&#8243; _builder_version=\u00bb4.7.5&#8243; _module_preset=\u00bbdefault\u00bb][et_pb_text _builder_version=\u00bb4.7.6&#8243; _module_preset=\u00bbdefault\u00bb header_font_size=\u00bb5em\u00bb] Pol\u00edtica de privacidad Web [\/et_pb_text][\/et_pb_column][\/et_pb_row][\/et_pb_section][et_pb_section fb_built=\u00bb1&#8243; _builder_version=\u00bb4.7.5&#8243; _module_preset=\u00bbdefault\u00bb da_disable_devices=\u00bboff|off|off\u00bb da_is_popup=\u00bboff\u00bb da_exit_intent=\u00bboff\u00bb da_has_close=\u00bbon\u00bb da_alt_close=\u00bboff\u00bb da_dark_close=\u00bboff\u00bb da_not_modal=\u00bbon\u00bb da_is_singular=\u00bboff\u00bb da_with_loader=\u00bboff\u00bb da_has_shadow=\u00bbon\u00bb][et_pb_row _builder_version=\u00bb4.7.5&#8243; _module_preset=\u00bbdefault\u00bb][et_pb_column type=\u00bb4_4&#8243; _builder_version=\u00bb4.7.5&#8243; _module_preset=\u00bbdefault\u00bb][et_pb_text _builder_version=\u00bb4.7.6&#8243; _module_preset=\u00bbdefault\u00bb hover_enabled=\u00bb0&#8243; sticky_enabled=\u00bb0&#8243;] Responsable del [&hellip;]\" \/>\n<meta property=\"og:url\" content=\"https:\/\/hamilton.global\/ca\/politica-de-privacidad\/\" \/>\n<meta property=\"og:site_name\" content=\"Hamilton\" \/>\n<meta property=\"article:modified_time\" content=\"2024-11-26T12:38:00+00:00\" \/>\n<meta name=\"twitter:card\" content=\"summary_large_image\" \/>\n<meta name=\"twitter:label1\" content=\"Temps estimat de lectura\" \/>\n\t<meta name=\"twitter:data1\" content=\"9 minuts\" \/>\n<script type=\"application\/ld+json\" class=\"yoast-schema-graph\">{\"@context\":\"https:\/\/schema.org\",\"@graph\":[{\"@type\":\"WebPage\",\"@id\":\"https:\/\/hamilton.global\/politica-de-privacidad\/\",\"url\":\"https:\/\/hamilton.global\/politica-de-privacidad\/\",\"name\":\"Pol\u00edtica de Privacidad |\",\"isPartOf\":{\"@id\":\"https:\/\/hamilton.global\/#website\"},\"datePublished\":\"2020-12-12T13:36:46+00:00\",\"dateModified\":\"2024-11-26T12:38:00+00:00\",\"breadcrumb\":{\"@id\":\"https:\/\/hamilton.global\/politica-de-privacidad\/#breadcrumb\"},\"inLanguage\":\"ca\",\"potentialAction\":[{\"@type\":\"ReadAction\",\"target\":[\"https:\/\/hamilton.global\/politica-de-privacidad\/\"]}]},{\"@type\":\"BreadcrumbList\",\"@id\":\"https:\/\/hamilton.global\/politica-de-privacidad\/#breadcrumb\",\"itemListElement\":[{\"@type\":\"ListItem\",\"position\":1,\"name\":\"Home\",\"item\":\"https:\/\/hamilton.global\/\"},{\"@type\":\"ListItem\",\"position\":2,\"name\":\"Pol\u00edtica de Privacidad\"}]},{\"@type\":\"WebSite\",\"@id\":\"https:\/\/hamilton.global\/#website\",\"url\":\"https:\/\/hamilton.global\/\",\"name\":\"Hamilton Global\",\"description\":\"Market Intelligence Consulting Company\",\"potentialAction\":[{\"@type\":\"SearchAction\",\"target\":{\"@type\":\"EntryPoint\",\"urlTemplate\":\"https:\/\/hamilton.global\/?s={search_term_string}\"},\"query-input\":\"required name=search_term_string\"}],\"inLanguage\":\"ca\"}]}<\/script>\n<!-- \/ Yoast SEO plugin. -->","yoast_head_json":{"title":"Pol\u00edtica de Privacidad |","robots":{"index":"index","follow":"follow","max-snippet":"max-snippet:-1","max-image-preview":"max-image-preview:large","max-video-preview":"max-video-preview:-1"},"canonical":"https:\/\/hamilton.global\/ca\/politica-de-privacidad\/","og_locale":"ca_ES","og_type":"article","og_title":"Pol\u00edtica de Privacidad |","og_description":"[et_pb_section fb_built=\u00bb1&#8243; _builder_version=\u00bb4.7.5&#8243; _module_preset=\u00bbdefault\u00bb background_color=\u00bb#169ace\u00bb min_height=\u00bb400px\u00bb da_disable_devices=\u00bboff|off|off\u00bb da_is_popup=\u00bboff\u00bb da_exit_intent=\u00bboff\u00bb da_has_close=\u00bbon\u00bb da_alt_close=\u00bboff\u00bb da_dark_close=\u00bboff\u00bb da_not_modal=\u00bbon\u00bb da_is_singular=\u00bboff\u00bb da_with_loader=\u00bboff\u00bb da_has_shadow=\u00bbon\u00bb][et_pb_row _builder_version=\u00bb4.7.5&#8243; _module_preset=\u00bbdefault\u00bb positioning=\u00bbabsolute\u00bb position_origin_a=\u00bbcenter_center\u00bb][et_pb_column type=\u00bb4_4&#8243; _builder_version=\u00bb4.7.5&#8243; _module_preset=\u00bbdefault\u00bb][et_pb_text _builder_version=\u00bb4.7.6&#8243; _module_preset=\u00bbdefault\u00bb header_font_size=\u00bb5em\u00bb] Pol\u00edtica de privacidad Web [\/et_pb_text][\/et_pb_column][\/et_pb_row][\/et_pb_section][et_pb_section fb_built=\u00bb1&#8243; _builder_version=\u00bb4.7.5&#8243; _module_preset=\u00bbdefault\u00bb da_disable_devices=\u00bboff|off|off\u00bb da_is_popup=\u00bboff\u00bb da_exit_intent=\u00bboff\u00bb da_has_close=\u00bbon\u00bb da_alt_close=\u00bboff\u00bb da_dark_close=\u00bboff\u00bb da_not_modal=\u00bbon\u00bb da_is_singular=\u00bboff\u00bb da_with_loader=\u00bboff\u00bb da_has_shadow=\u00bbon\u00bb][et_pb_row _builder_version=\u00bb4.7.5&#8243; _module_preset=\u00bbdefault\u00bb][et_pb_column type=\u00bb4_4&#8243; _builder_version=\u00bb4.7.5&#8243; _module_preset=\u00bbdefault\u00bb][et_pb_text _builder_version=\u00bb4.7.6&#8243; _module_preset=\u00bbdefault\u00bb hover_enabled=\u00bb0&#8243; sticky_enabled=\u00bb0&#8243;] Responsable del [&hellip;]","og_url":"https:\/\/hamilton.global\/ca\/politica-de-privacidad\/","og_site_name":"Hamilton","article_modified_time":"2024-11-26T12:38:00+00:00","twitter_card":"summary_large_image","twitter_misc":{"Temps estimat de lectura":"9 minuts"},"schema":{"@context":"https:\/\/schema.org","@graph":[{"@type":"WebPage","@id":"https:\/\/hamilton.global\/politica-de-privacidad\/","url":"https:\/\/hamilton.global\/politica-de-privacidad\/","name":"Pol\u00edtica de Privacidad |","isPartOf":{"@id":"https:\/\/hamilton.global\/#website"},"datePublished":"2020-12-12T13:36:46+00:00","dateModified":"2024-11-26T12:38:00+00:00","breadcrumb":{"@id":"https:\/\/hamilton.global\/politica-de-privacidad\/#breadcrumb"},"inLanguage":"ca","potentialAction":[{"@type":"ReadAction","target":["https:\/\/hamilton.global\/politica-de-privacidad\/"]}]},{"@type":"BreadcrumbList","@id":"https:\/\/hamilton.global\/politica-de-privacidad\/#breadcrumb","itemListElement":[{"@type":"ListItem","position":1,"name":"Home","item":"https:\/\/hamilton.global\/"},{"@type":"ListItem","position":2,"name":"Pol\u00edtica de Privacidad"}]},{"@type":"WebSite","@id":"https:\/\/hamilton.global\/#website","url":"https:\/\/hamilton.global\/","name":"Hamilton Global","description":"Market Intelligence Consulting Company","potentialAction":[{"@type":"SearchAction","target":{"@type":"EntryPoint","urlTemplate":"https:\/\/hamilton.global\/?s={search_term_string}"},"query-input":"required name=search_term_string"}],"inLanguage":"ca"}]}},"_links":{"self":[{"href":"https:\/\/hamilton.global\/ca\/wp-json\/wp\/v2\/pages\/3291"}],"collection":[{"href":"https:\/\/hamilton.global\/ca\/wp-json\/wp\/v2\/pages"}],"about":[{"href":"https:\/\/hamilton.global\/ca\/wp-json\/wp\/v2\/types\/page"}],"author":[{"embeddable":true,"href":"https:\/\/hamilton.global\/ca\/wp-json\/wp\/v2\/users\/1"}],"replies":[{"embeddable":true,"href":"https:\/\/hamilton.global\/ca\/wp-json\/wp\/v2\/comments?post=3291"}],"version-history":[{"count":4,"href":"https:\/\/hamilton.global\/ca\/wp-json\/wp\/v2\/pages\/3291\/revisions"}],"predecessor-version":[{"id":5130,"href":"https:\/\/hamilton.global\/ca\/wp-json\/wp\/v2\/pages\/3291\/revisions\/5130"}],"wp:attachment":[{"href":"https:\/\/hamilton.global\/ca\/wp-json\/wp\/v2\/media?parent=3291"}],"curies":[{"name":"wp","href":"https:\/\/api.w.org\/{rel}","templated":true}]}}