{"id":232,"date":"2020-11-10T20:38:37","date_gmt":"2020-11-10T20:38:37","guid":{"rendered":"http:\/\/hamilton.global\/?page_id=232"},"modified":"2023-11-29T10:19:55","modified_gmt":"2023-11-29T10:19:55","slug":"global-intelligence","status":"publish","type":"page","link":"https:\/\/hamilton.global\/ca\/global-intelligence\/","title":{"rendered":"GLOBAL INTELLIGENCE"},"content":{"rendered":"<p>[et_pb_section fb_built=&quot;1&quot; _builder_version=&quot;4.7.4&quot; _module_preset=&quot;default&quot; background_video_mp4=&quot;https:\/\/hamilton.global\/wp-content\/uploads\/2020\/11\/GLOBAL-INTELLIGENCE_1.mp0&quot; \u00bb background_video_height=&quot;100%&quot; min_height=&quot;44vw&quot; min_height_tablet=&quot;80vw&quot; min_height_phone=&quot;90vw&quot; min_height_last_edited=&quot;on|phone&quot; d\u00f3na_disable_devices=&quot;off|off|off&quot; locked=&quot;off&quot; off da_has_close=&quot;on&quot; da_alt_close=&quot;off&quot; da_dark_close=&quot;off&quot; da_not_modal=&quot;on&quot; da_is_singular=&quot;off&quot; da_with_loader=&quot;off&quot; da_has_shadow=&quot;on&quot;][et_pb_row_&quot; default\u00bb positioning=\u00bbabsolut\u00bb position_origin_a=\u00bbcenter_center\u00bb][et_pb_column type=\u00bb4_4\u2033 _builder_version=\u00bb4.6.6\u2033 _module_preset=\u00bbdefault\u00bb][et_pb_text _builder_version=\u00bb4.7. |800|||||||\u00bb text_text_color=\u00bb#ffffff\u00bb text_orientation=\u00bbcenter\u00bb hover_enabled=\u00bb0\u2033 sticky_enabled=\u00bb0\u2033]<span class=\"tituloCabecera\">GLOBAL SCOPE<\/span>[\/et_pb_text][\/et_pb_column][\/et_pb_row][\/et_pb_section][et_pb_section fb_built=\u00bb1\u2033 custom_padding_last_edited=\u00bbon|phone\u00bb _builder_version=\u00bb4.7.4\u2033 0module_preset=\u00bb tablet=\u00bb 0px\u00bb min_height_phone=\u00bb\u00bb min_height_last_edited=\u00bbon|tablet\u00bb custom_margin=\u00bb0px||0px||false|false\u00bb custom_padding=\u00bb0px||0.3%||false|false\u00bb custom_padding_tablet=\u00bb\u00bb cus 0%||false|false\u00bb da_disable_devices=&quot;off|off|off&quot; saved_tabs=&quot;all&quot; locked=&quot;off&quot; da_is_popup=&quot;off&quot; da_exit_intent=&quot;off&quot; da_has_close=&quot;on&quot; da_alt_close=&quot;off&quot; da_da \u00bb da_not_modal=&quot;on&quot; da_is_singular=&quot;off&quot; da_with_loader=&quot;off&quot; da_has_shadow=&quot;on&quot;][et_pb_row _builder_version=&quot;4.7.4&quot; _module_preset=&quot;default| custom_padding=&quot;0px| et_pb_column type=\u00bb4_4\u2033 _builder_version=\u00bb4.6.6\u2033 _module_preset=\u00bbdefault\u00bb][et_pb_image src=\u00bbhttps:\/\/hamilton.global\/wp-content\/uploads\/2020\/12\/seta.gif\u00bb title_text=\u00bbseta \u00bb url=&quot;#down&quot; align=&quot;center&quot; _builder_version=&quot;4.7.4&quot; _module_preset=&quot;default&quot; max_width=&quot;28px&quot; module_alignment=&quot;center&quot; custom_padding=&quot;1em||||false|false&quot;][\/ [\/et_pb_column][\/et_pb_row][\/et_pb_section][et_pb_section fb_built=&quot;1&quot; custom_padding_last_edited=&quot;on|phone&quot; _builder_version=&quot;4.7.4&quot; _module_preset=&quot;default&quot; background_color= = &quot;contain&quot; background_position=&quot;center_right&quot; module_alignment=&quot;right&quot; custom_margin=&quot;0px|0px|0px|0px|false|false&quot; custom_padding=&quot;||0px||false|false&quot; custom_padding_tablet=&quot;&quot; custom_pad |0px|0px|false|false\u00bb background_last_edited=\u00bbon|tablet\u00bb background_image_tablet=\u00bbhttps:\/\/hamilton.global\/wp-content\/uploads\/2020\/11\/mapa-bg.png\u00bb background_enable_image_tablet=\u00bbon\u00bb background_size_tablet= \u00bbinitial\u00bb background_position_tablet=\u00bbcenter_left\u00bb custom_css_main_element=\u00bboverflow:hidden;\u00bb da_disable_devices=&quot;off|off|off&quot; title_text_tablet=&quot;mapa bg&quot; da_is_popup=&quot;off&quot; da_exit_intent=&quot;off&quot; da_has_close=&quot;on&quot; da_alt_close=&quot;off&quot; da_dark_close=&quot;off&quot; da_not_modal= da_with_loader=&quot;off&quot; da_has_shadow=&quot;on&quot;][et_pb_row column_structure=&quot;1_4,3_4&quot; module_id=&quot;mapa&quot; _builder_version=&quot;4.7.4&quot; _module_preset=&quot;default&quot; background_enable_color=&quot;off&quot; 100%&quot; max_width=&quot;100%&quot; height=&quot;0px&quot; custom_margin=&quot;0px|0px|0px|0px|false|false&quot; custom_padding=&quot;0px|0px|0px|0px|false|false&quot;][et_ _builder_version=&quot;4.7.4&quot; _module_preset=&quot;default&quot;][\/et_pb_column][et_pb_column type=&quot;3_4&quot; _builder_version=&quot;4.7.4&quot; _module_preset=&quot;default&quot;][et_pb_code _builder_version= \u00bb]<script<!--___noise___ 1001--&gt; src=\u00bbhttps:\/\/unpkg.com\/@lottiefiles\/lottie-player@latest\/dist\/lottie-player.js\u00bb&gt;<\/script><lottie-player src=\"https:\/\/assets8.lottiefiles.com\/packages\/lf20_e8movvb0\/mapa\/mapa.json\" background=\"transparent\" speed=\"1\" style=\"width: 100%; height: 100%;\" loop autoplay><\/lottie-player>[\/et_pb_code][\/et_pb_column][\/et_pb_row][\/et_pb_section][et_pb_section fb_built=&quot;1&quot; custom_padding_last_edited=&quot;on|tablet&quot; _builder_version=&quot;4.7.4&quot; _module_preset= _margin=\u00bb -20vw||||false|false&quot; custom_margin_tablet=&quot;0vw||||false|false&quot; custom_margin_phone=&quot;&quot; custom_margin_last_edited=&quot;on|tablet&quot; custom_padding=&quot;0px||350px||false|false&quot; cus ||150px||false|false&quot; custom_padding_phone=&quot;&quot; da_disable_devices=&quot;off|off|off&quot; da_is_popup=&quot;off&quot; da_exit_intent=&quot;off&quot; da_has_close=&quot;on&quot; da_alt_close=&quot;off&quot; da_dark_clo da_is_singular=&quot;off&quot; da_with_loader=&quot;off&quot; da_has_shadow=&quot;on&quot;][et_pb_row column_structure=&quot;1_2,1_2&quot; _builder_version=&quot;4.7.4&quot; _module_preset=&quot;default&quot;][et_pb_column 4.6.6\u2033 _module_preset=\u00bbdefault\u00bb][et_pb_text module_id=\u00bbdown\u00bb _builder_version=\u00bb4.7.6\u2033 _module_preset=\u00bbdefault\u00bb header_2_font=\u00bb|800||||||||\u00bb header_3_font=\u00bbMontserrat|800|||||||\u00bb header_3_text_color=&quot;#ffffff&quot; header_3_font_size=&quot;42px&quot; header_3_line_height=&quot;1.3em&quot; z_index=&quot;500&quot; width=&quot;100%&quot; custom_margin=&quot;||15%|_false|false| es\u00bb custom_margin_phone=\u00bb\u00bb custom_margin_last_edited=\u00bbon|tablet\u00bb header_3_font_size_tablet=\u00bb\u00bb header_3_font_size_phone=\u00bb28px\u00bb header_3_font_size_last_edited=\u00bbon|phone\u00bb]<\/p>\n<h3>Tenim un comprom\u00eds amb els nostres clients que parteix de la nostra identitat amb intel\u00b7lig\u00e8ncia global<\/h3>\n<p>[\/et_pb_text][et_pb_text _builder_version=\u00bb4.7.4\u2033 _module_preset=\u00bbdefault\u00bb text_font=\u00bbMontserrat|300|||||||\u00bb text_text_color=&quot;#ffffff&quot; text_font_size=&quot;20px&quot; text_line_height=&quot;1.5em&quot; header_5_font=&quot;Montserrat|700||||||||&quot; header_5_text_color=&quot;#ffffff&quot; header_5_font_size=&quot;20px&quot; header_6_font=&quot;Montserrat|300|||||||&quot; header_6_text_color=&quot;#ffffff&quot; header_6_font_size=&quot;16px&quot; header_6_line_height=&quot;1.6em&quot; custom_padding=&quot;||20px||false|false&quot;]<\/p>\n<p>Un apassionant viatge cultural i social que ens connecta amb el nostre entorn, les seves marques, els seus consumidors i la societat a qu\u00e8 pertanyen i estan vinculats.<\/p>\n<p><span style=\"font-size: 20px;\">La nostra experi\u00e8ncia a m\u00e9s de 40 pa\u00efsos ens permet una visi\u00f3 global del m\u00f3n en qu\u00e8 vivim, aportant solucions diferenciades i adaptades als diferents contextos de cada part del nostre planeta.<\/span><\/p>\n<p>[\/et_pb_text][\/et_pb_column][et_pb_column type=&quot;1_2&quot; _builder_version=&quot;4.7.4&quot; _module_preset=&quot;default&quot; custom_padding=&quot;38%||||false|false&quot; custom_padding_tableT=|31 false\u00bb custom_padding_phone=\u00bb\u00bb custom_padding_last_edited=\u00bbon|tablet\u00bb][et_pb_text _builder_version=\u00bb4.7.4\u2033 _module_preset=\u00bbdefault\u00bb text_font=\u00bbMontserrat|300||||||||\u00bb text_text_color=&quot;#ffffff&quot; text_font_size=&quot;20px&quot; text_line_height=&quot;1.5em&quot; header_5_font=&quot;Montserrat|700||||||||&quot; header_5_text_color=&quot;#ffffff&quot; header_5_font_size=&quot;18px&quot; header_6_font=&quot;Montserrat|300|||||||&quot; header_6_text_color=&quot;#ffffff&quot; header_6_font_size=&quot;16px&quot; header_6_line_height=&quot;1.6em&quot; custom_padding=&quot;||20px||false|false&quot;]<\/p>\n<h5 style=\"margin-bottom: 12px;\">Hem desenvolupat projectes a:<\/h5>\n<h6>Alg\u00e8ria \u00b7 Andorra \u00b7 Argentina \u00b7 \u00c0ustria \u00b7 Belgium \u00b7 Brazil \u00b7 Canad\u00e0 \u00b7 Txad \u00b7 Xile \u00b7 Xina \u00b7 Col\u00f2mbia \u00b7 DRC \u00b7 Egypt \u00b7 El Salvador \u00b7 Finland \u00b7 Fran\u00e7a \u00b7 Germany \u00b7 Ghana \u00b7 Guatemala \u00b7 Guinea Conakry \u00b7 Hong Kong \u00b7 Hondures \u00b7 Iraq \u00b7 Italy \u00b7 Ivory Coast \u00b7 Kenya \u00b7 Mal\u00e0isia \u00b7 M\u00e8xic \u00b7 Morocco \u00b7 Netherlands \u00b7 Nig\u00e8ria \u00b7 Norway \u00b7 Panama \u00b7 Peru \u00b7 Philippines \u00b7 Portugal \u00b7 Romania \u00b7 R\u00fassia \u00b7 Rwanda \u00b7 Saudi Ar\u00e0bia \u00b7 Senegal \u00b7 Singapur \u00b7 South Africa \u00b7 Spain \u00b7 Sweden \u00b7 Switzerland \u00b7 Tanz\u00e0nia Thailand \u00b7 T\u00fansia \u00b7 Turkey \u00b7 UAE \u00b7 UK \u00b7 Uruguai \u00b7 USA \u00b7 Vietnam<\/h6>\n<p>[\/et_pb_text][\/et_pb_column][\/et_pb_row][\/et_pb_section][et_pb_section fb_built=\u00bb1&#8243; _builder_version=\u00bb4.7.4&#8243; _module_preset=\u00bbdefault\u00bb background_enable_color=\u00bboff\u00bb background_enable_image=\u00bboff\u00bb custom_padding=\u00bb5%||0%||false|false\u00bb da_disable_devices=\u00bboff|off|off\u00bb da_is_popup=\u00bboff\u00bb da_exit_intent=\u00bboff\u00bb da_has_close=\u00bbon\u00bb da_alt_close=\u00bboff\u00bb da_dark_close=\u00bboff\u00bb da_not_modal=\u00bbon\u00bb da_is_singular=\u00bboff\u00bb da_with_loader=\u00bboff\u00bb da_has_shadow=\u00bbon\u00bb][et_pb_row _builder_version=\u00bb4.6.6&#8243; _module_preset=\u00bbdefault\u00bb custom_margin=\u00bb0px||||false|false\u00bb custom_padding=\u00bb0px||||false|false\u00bb][et_pb_column type=\u00bb4_4&#8243; _builder_version=\u00bb4.6.6&#8243; _module_preset=\u00bbdefault\u00bb][et_pb_image src=\u00bbhttps:\/\/hamilton.global\/wp-content\/uploads\/2020\/11\/business-team-and-manager-in-meeting-1.png\u00bb title_text=\u00bbbusiness-team-and-manager-in-meeting\u00bb align=\u00bbcenter\u00bb _builder_version=\u00bb4.6.6&#8243; _module_preset=\u00bbdefault\u00bb custom_margin=\u00bb-35%||||false|false\u00bb][\/et_pb_image][\/et_pb_column][\/et_pb_row][et_pb_row _builder_version=\u00bb4.7.4&#8243; _module_preset=\u00bbdefault\u00bb custom_margin=\u00bb||30px||false|false\u00bb custom_padding=\u00bb||||false|false\u00bb custom_css_before=\u00bbcontent : %22%22;||position: absolute;||margin    : auto;||right: 0;||left: 0;||bottom  : 0;||height  : 1px;||width   : 70px;  \/* or 100px *\/||  border-bottom:1px solid #000000;\u00bb][et_pb_column type=\u00bb4_4&#8243; _builder_version=\u00bb4.6.6&#8243; _module_preset=\u00bbdefault\u00bb][et_pb_text _builder_version=\u00bb4.7.4&#8243; _module_preset=\u00bbdefault\u00bb header_2_font=\u00bb|800|||||||\u00bb header_2_text_align=\u00bbcenter\u00bb header_2_font_size=\u00bb60px\u00bb animation_style=\u00bbslide\u00bb animation_direction=\u00bbbottom\u00bb animation_intensity_slide=\u00bb5%\u00bb header_font_size_tablet=\u00bb2em\u00bb header_font_size_phone=\u00bb\u00bb header_font_size_last_edited=\u00bbon|tablet\u00bb header_2_font_size_tablet=\u00bb40px\u00bb header_2_font_size_phone=\u00bb\u00bb header_2_font_size_last_edited=\u00bbon|tablet\u00bb]<\/p>\n<h2>ELS NOSTRES CLIENTS<\/h2>\n<p>[\/et_pb_text][et_pb_text _builder_version=&quot;4.7.4&quot; _module_preset=&quot;default&quot; text_font_size=&quot;24px&quot; text_line_height=&quot;1.8em&quot; text_orientation=&quot;center&quot; width=&quot;80%&quot; module_align =\u00bbtop\u00bb animation_delay=\u00bb150ms\u00bb animation_intensity_slide=\u00bb5%\u00bb text_font_size_tablet=\u00bb18px\u00bb text_font_size_phone=\u00bb text_font_size_last_edited=\u00bbon|tablet\u00bb]<\/p>\n<p>Treballem juntament amb els nostres clients com un sol equip per construir estrat\u00e8gies que desenvolupin productes i marques rellevants en diferents sectors del mercat a nivell mundial.<\/p>\n<p>[\/et_pb_text][\/et_pb_column][\/et_pb_row][et_pb_row _builder_version=&quot;4.7.4&quot; _module_preset=&quot;default&quot; custom_margin=&quot;8%||1%||false|false&quot;][et_pb_column 4.7.4\u2033 _module_preset=\u00bbdefault\u00bb][et_pb_text _builder_version=\u00bb4.7.4\u2033 _module_preset=\u00bbdefault\u00bb text_font=\u00bbMontserrat|800|||||||\u00bb text_text_color=&quot;#0099CC&quot; text_font_size=&quot;24px&quot; text_orientation=&quot;center&quot;]<\/p>\n<p>ALGUNS CASE STUDIES PER SECTORS<\/p>\n<p>[\/et_pb_text][\/et_pb_column][\/et_pb_row][\/et_pb_section][et_pb_section fb_built=&quot;1&quot; fullwidth=&quot;on&quot; _builder_version=&quot;4.6.6&quot; _module_preset=&quot;default|da_disable =&quot;off&quot; da_exit_intent=&quot;off&quot; da_has_close=&quot;on&quot; da_alt_close=&quot;off&quot; da_dark_close=&quot;off&quot; da_not_modal=&quot;on&quot; da_is_singular=&quot;off&quot; da_with_loader=&quot;off&quot; da_has_shadow= off&quot; posts_number=&quot;-1&quot; show_title=&quot;off&quot; show_categories=&quot;off&quot; show_pagination=&quot;off&quot; module_id=&quot;portifoli&quot; _builder_version=&quot;4.7.4&quot; _module_preset=&quot;default&quot; text_orientation=&quot;center&quot; filter_font_size_table =\u00bb\u00bb filter_font_size_last_edited=\u00bbon|tablet\u00bb custom_css_portfolio_filters_last_edited=\u00bbon|tablet\u00bb custom_css_portfolio_filters_tablet=\u00bbpadding-bottom: 5px;||\u00bb][\/et_pb_filterable_portfolio t=\u00bb1\u2033 _builder_version=\u00bb4.7. 6\u2033 _module_preset=\u00bbdefault\u00bb background_color=\u00bb#000000\u2033 custom_margin=\u00bb||-2px||false|false\u00bb custom_padding=\u00bb0px||0px||false|false\u00bb da_disable_devices=\u00bboff|off|off\u00bb da off&quot; da_exit_intent=&quot;off&quot; da_has_close=&quot;on&quot; da_alt_close=&quot;off&quot; da_dark_close=&quot;off&quot; da_not_modal=&quot;on&quot; da_is_singular=&quot;off&quot; da_with_loader=&quot;off&quot; da_has_shadow=\u00bb. 6\u2033 _module_preset=&quot;default&quot;][et_pb_column type=&quot;4_4&quot; _builder_version=&quot;4.7.6&quot; _module_preset=&quot;default&quot;][et_pb_text _builder_version=&quot;4.7.6&quot; _module_preset=&quot;00 ||-2px||false|false\u00bb custom_padding=\u00bb0px||0px||false|false\u00bb]<\/p>\n<div class=\"claimCTA\">\n<h1 class=\"tituloCTA\"><strong>La investigaci\u00f3 de mercats d&#039;abast global i multisectorial<\/strong><\/h1>\n<p class=\"subtituloCTA\">Especialistes en explorar i con\u00e8ixer el consumidor<\/p>\n<\/div>\n<p>[\/et_pb_text][\/et_pb_column][\/et_pb_row][\/et_pb_section]<\/p>\n<span class=\"et_bloom_bottom_trigger\"><\/span>","protected":false},"excerpt":{"rendered":"<p>[et_pb_section fb_built=&quot;1&quot; _builder_version=&quot;4.7.4&quot; _module_preset=&quot;default&quot; background_video_mp4=&quot;https:\/\/hamilton.global\/wp-content\/uploads\/2020\/11\/GLOBAL-INTELLIGENCE_1.mp0&quot; \u00bb background_video_height=&quot;100%&quot; min_height=&quot;44vw&quot; min_height_tablet=&quot;80vw&quot; min_height_phone=&quot;90vw&quot; min_height_last_edited=&quot;on|phone&quot; d\u00f3na_disable_devices=&quot;off|off|off&quot; locked=&quot;off&quot; off da_has_close=&quot;on&quot; da_alt_close=&quot;off&quot; da_dark_close=&quot;off&quot; da_not_modal=&quot;on&quot; da_is_singular=&quot;off&quot; da_with_loader=&quot;off&quot; da_has_shadow=&quot;on&quot;][et_pb_row_&quot; default\u00bb positioning=\u00bbabsolut\u00bb position_origin_a=\u00bbcenter_center\u00bb][et_pb_column type=\u00bb4_4\u2033 _builder_version=\u00bb4.6.6\u2033 _module_preset=\u00bbdefault\u00bb][et_pb_text _builder_version=\u00bb4.7. |800|||||||\u00bb text_text_color=\u00bb#ffffff\u00bb text_orientation=\u00bbcenter\u00bb hover_enabled=\u00bb0\u2033 sticky_enabled=\u00bb0\u2033]GLOBAL SCOPE[\/et_pb_text][\/et_pb_column][\/et_pb_row][\/et_pb_section][et_pb_section fb_built=\u00bb1\u2033 custom_padding_last_edited=\u00bbon |phone&quot; _builder_version=&quot;4.7.4&quot; _module_preset=&quot;default&quot; background_color=&quot;#000000&quot; min_height_tablet=&quot;0px&quot; min_height_phone=&quot;&quot; min_height_last_edited=&quot;on|tablet&quot; custom_margin=&quot;0px =&quot;0px||0.3%||false|false&quot; custom_padding_tablet=&quot;&quot;custom_padding_phone=&quot;24px||0%||false|false&quot; da_disable_devices=&quot;off|off|off&quot; saved_tabs=&quot;all&quot; locked=&quot;off&quot; da =\u00bboff\u00bb da_exit_intent=\u00bboff\u00bb da_has_close=\u00bbon\u00bb [\u2026]<\/p>","protected":false},"author":2,"featured_media":0,"parent":0,"menu_order":0,"comment_status":"closed","ping_status":"closed","template":"","meta":{"_et_pb_use_builder":"on","_et_pb_old_content":"","_et_gb_content_width":""},"yoast_head":"<!-- This site is optimized with the Yoast SEO plugin v21.5 - https:\/\/yoast.com\/wordpress\/plugins\/seo\/ -->\n<title>GLOBAL INTELLIGENCE |<\/title>\n<meta name=\"robots\" content=\"index, follow, max-snippet:-1, max-image-preview:large, max-video-preview:-1\" \/>\n<link rel=\"canonical\" href=\"https:\/\/hamilton.global\/ca\/global-intelligence\/\" \/>\n<meta property=\"og:locale\" content=\"ca_ES\" \/>\n<meta property=\"og:type\" content=\"article\" \/>\n<meta property=\"og:title\" content=\"GLOBAL INTELLIGENCE |\" \/>\n<meta property=\"og:description\" content=\"[et_pb_section fb_built=\u00bb1&#8243; _builder_version=\u00bb4.7.4&#8243; _module_preset=\u00bbdefault\u00bb background_video_mp4=\u00bbhttps:\/\/hamilton.global\/wp-content\/uploads\/2020\/11\/GLOBAL-INTELLIGENCE_1.mp4&#8243; background_video_width=\u00bb100%\u00bb background_video_height=\u00bb100%\u00bb min_height=\u00bb44vw\u00bb min_height_tablet=\u00bb80vw\u00bb min_height_phone=\u00bb90vw\u00bb min_height_last_edited=\u00bbon|phone\u00bb da_disable_devices=\u00bboff|off|off\u00bb locked=\u00bboff\u00bb da_is_popup=\u00bboff\u00bb da_exit_intent=\u00bboff\u00bb da_has_close=\u00bbon\u00bb da_alt_close=\u00bboff\u00bb da_dark_close=\u00bboff\u00bb da_not_modal=\u00bbon\u00bb da_is_singular=\u00bboff\u00bb da_with_loader=\u00bboff\u00bb da_has_shadow=\u00bbon\u00bb][et_pb_row _builder_version=\u00bb4.7.6&#8243; _module_preset=\u00bbdefault\u00bb positioning=\u00bbabsolute\u00bb position_origin_a=\u00bbcenter_center\u00bb][et_pb_column type=\u00bb4_4&#8243; _builder_version=\u00bb4.6.6&#8243; _module_preset=\u00bbdefault\u00bb][et_pb_text _builder_version=\u00bb4.7.6&#8243; _module_preset=\u00bbdefault\u00bb text_font=\u00bb|800|||||||\u00bb text_text_color=\u00bb#ffffff\u00bb text_orientation=\u00bbcenter\u00bb hover_enabled=\u00bb0&#8243; sticky_enabled=\u00bb0&#8243;]GLOBAL SCOPE[\/et_pb_text][\/et_pb_column][\/et_pb_row][\/et_pb_section][et_pb_section fb_built=\u00bb1&#8243; custom_padding_last_edited=\u00bbon|phone\u00bb _builder_version=\u00bb4.7.4&#8243; _module_preset=\u00bbdefault\u00bb background_color=\u00bb#000000&#8243; min_height_tablet=\u00bb0px\u00bb min_height_phone=\u00bb\u00bb min_height_last_edited=\u00bbon|tablet\u00bb custom_margin=\u00bb0px||0px||false|false\u00bb custom_padding=\u00bb0px||0.3%||false|false\u00bb custom_padding_tablet=\u00bb\u00bb custom_padding_phone=\u00bb24px||0%||false|false\u00bb da_disable_devices=\u00bboff|off|off\u00bb saved_tabs=\u00bball\u00bb locked=\u00bboff\u00bb da_is_popup=\u00bboff\u00bb da_exit_intent=\u00bboff\u00bb da_has_close=\u00bbon\u00bb [&hellip;]\" \/>\n<meta property=\"og:url\" content=\"https:\/\/hamilton.global\/ca\/global-intelligence\/\" \/>\n<meta property=\"og:site_name\" content=\"Hamilton\" \/>\n<meta property=\"article:modified_time\" content=\"2023-11-29T10:19:55+00:00\" \/>\n<meta name=\"twitter:card\" content=\"summary_large_image\" \/>\n<meta name=\"twitter:label1\" content=\"Temps estimat de lectura\" \/>\n\t<meta name=\"twitter:data1\" content=\"8 minuts\" \/>\n<script type=\"application\/ld+json\" class=\"yoast-schema-graph\">{\"@context\":\"https:\/\/schema.org\",\"@graph\":[{\"@type\":\"WebPage\",\"@id\":\"https:\/\/hamilton.global\/global-intelligence\/\",\"url\":\"https:\/\/hamilton.global\/global-intelligence\/\",\"name\":\"GLOBAL INTELLIGENCE |\",\"isPartOf\":{\"@id\":\"https:\/\/hamilton.global\/#website\"},\"datePublished\":\"2020-11-10T20:38:37+00:00\",\"dateModified\":\"2023-11-29T10:19:55+00:00\",\"breadcrumb\":{\"@id\":\"https:\/\/hamilton.global\/global-intelligence\/#breadcrumb\"},\"inLanguage\":\"ca\",\"potentialAction\":[{\"@type\":\"ReadAction\",\"target\":[\"https:\/\/hamilton.global\/global-intelligence\/\"]}]},{\"@type\":\"BreadcrumbList\",\"@id\":\"https:\/\/hamilton.global\/global-intelligence\/#breadcrumb\",\"itemListElement\":[{\"@type\":\"ListItem\",\"position\":1,\"name\":\"Home\",\"item\":\"https:\/\/hamilton.global\/\"},{\"@type\":\"ListItem\",\"position\":2,\"name\":\"GLOBAL INTELLIGENCE\"}]},{\"@type\":\"WebSite\",\"@id\":\"https:\/\/hamilton.global\/#website\",\"url\":\"https:\/\/hamilton.global\/\",\"name\":\"Hamilton Global\",\"description\":\"Market Intelligence Consulting Company\",\"potentialAction\":[{\"@type\":\"SearchAction\",\"target\":{\"@type\":\"EntryPoint\",\"urlTemplate\":\"https:\/\/hamilton.global\/?s={search_term_string}\"},\"query-input\":\"required name=search_term_string\"}],\"inLanguage\":\"ca\"}]}<\/script>\n<!-- \/ Yoast SEO plugin. -->","yoast_head_json":{"title":"GLOBAL INTELLIGENCE |","robots":{"index":"index","follow":"follow","max-snippet":"max-snippet:-1","max-image-preview":"max-image-preview:large","max-video-preview":"max-video-preview:-1"},"canonical":"https:\/\/hamilton.global\/ca\/global-intelligence\/","og_locale":"ca_ES","og_type":"article","og_title":"GLOBAL INTELLIGENCE |","og_description":"[et_pb_section fb_built=\u00bb1&#8243; _builder_version=\u00bb4.7.4&#8243; _module_preset=\u00bbdefault\u00bb background_video_mp4=\u00bbhttps:\/\/hamilton.global\/wp-content\/uploads\/2020\/11\/GLOBAL-INTELLIGENCE_1.mp4&#8243; background_video_width=\u00bb100%\u00bb background_video_height=\u00bb100%\u00bb min_height=\u00bb44vw\u00bb min_height_tablet=\u00bb80vw\u00bb min_height_phone=\u00bb90vw\u00bb min_height_last_edited=\u00bbon|phone\u00bb da_disable_devices=\u00bboff|off|off\u00bb locked=\u00bboff\u00bb da_is_popup=\u00bboff\u00bb da_exit_intent=\u00bboff\u00bb da_has_close=\u00bbon\u00bb da_alt_close=\u00bboff\u00bb da_dark_close=\u00bboff\u00bb da_not_modal=\u00bbon\u00bb da_is_singular=\u00bboff\u00bb da_with_loader=\u00bboff\u00bb da_has_shadow=\u00bbon\u00bb][et_pb_row _builder_version=\u00bb4.7.6&#8243; _module_preset=\u00bbdefault\u00bb positioning=\u00bbabsolute\u00bb position_origin_a=\u00bbcenter_center\u00bb][et_pb_column type=\u00bb4_4&#8243; _builder_version=\u00bb4.6.6&#8243; _module_preset=\u00bbdefault\u00bb][et_pb_text _builder_version=\u00bb4.7.6&#8243; _module_preset=\u00bbdefault\u00bb text_font=\u00bb|800|||||||\u00bb text_text_color=\u00bb#ffffff\u00bb text_orientation=\u00bbcenter\u00bb hover_enabled=\u00bb0&#8243; sticky_enabled=\u00bb0&#8243;]GLOBAL SCOPE[\/et_pb_text][\/et_pb_column][\/et_pb_row][\/et_pb_section][et_pb_section fb_built=\u00bb1&#8243; custom_padding_last_edited=\u00bbon|phone\u00bb _builder_version=\u00bb4.7.4&#8243; _module_preset=\u00bbdefault\u00bb background_color=\u00bb#000000&#8243; min_height_tablet=\u00bb0px\u00bb min_height_phone=\u00bb\u00bb min_height_last_edited=\u00bbon|tablet\u00bb custom_margin=\u00bb0px||0px||false|false\u00bb custom_padding=\u00bb0px||0.3%||false|false\u00bb custom_padding_tablet=\u00bb\u00bb custom_padding_phone=\u00bb24px||0%||false|false\u00bb da_disable_devices=\u00bboff|off|off\u00bb saved_tabs=\u00bball\u00bb locked=\u00bboff\u00bb da_is_popup=\u00bboff\u00bb da_exit_intent=\u00bboff\u00bb da_has_close=\u00bbon\u00bb [&hellip;]","og_url":"https:\/\/hamilton.global\/ca\/global-intelligence\/","og_site_name":"Hamilton","article_modified_time":"2023-11-29T10:19:55+00:00","twitter_card":"summary_large_image","twitter_misc":{"Temps estimat de lectura":"8 minuts"},"schema":{"@context":"https:\/\/schema.org","@graph":[{"@type":"WebPage","@id":"https:\/\/hamilton.global\/global-intelligence\/","url":"https:\/\/hamilton.global\/global-intelligence\/","name":"GLOBAL INTELLIGENCE |","isPartOf":{"@id":"https:\/\/hamilton.global\/#website"},"datePublished":"2020-11-10T20:38:37+00:00","dateModified":"2023-11-29T10:19:55+00:00","breadcrumb":{"@id":"https:\/\/hamilton.global\/global-intelligence\/#breadcrumb"},"inLanguage":"ca","potentialAction":[{"@type":"ReadAction","target":["https:\/\/hamilton.global\/global-intelligence\/"]}]},{"@type":"BreadcrumbList","@id":"https:\/\/hamilton.global\/global-intelligence\/#breadcrumb","itemListElement":[{"@type":"ListItem","position":1,"name":"Home","item":"https:\/\/hamilton.global\/"},{"@type":"ListItem","position":2,"name":"GLOBAL INTELLIGENCE"}]},{"@type":"WebSite","@id":"https:\/\/hamilton.global\/#website","url":"https:\/\/hamilton.global\/","name":"Hamilton Global","description":"Market Intelligence Consulting Company","potentialAction":[{"@type":"SearchAction","target":{"@type":"EntryPoint","urlTemplate":"https:\/\/hamilton.global\/?s={search_term_string}"},"query-input":"required name=search_term_string"}],"inLanguage":"ca"}]}},"_links":{"self":[{"href":"https:\/\/hamilton.global\/ca\/wp-json\/wp\/v2\/pages\/232"}],"collection":[{"href":"https:\/\/hamilton.global\/ca\/wp-json\/wp\/v2\/pages"}],"about":[{"href":"https:\/\/hamilton.global\/ca\/wp-json\/wp\/v2\/types\/page"}],"author":[{"embeddable":true,"href":"https:\/\/hamilton.global\/ca\/wp-json\/wp\/v2\/users\/2"}],"replies":[{"embeddable":true,"href":"https:\/\/hamilton.global\/ca\/wp-json\/wp\/v2\/comments?post=232"}],"version-history":[{"count":2,"href":"https:\/\/hamilton.global\/ca\/wp-json\/wp\/v2\/pages\/232\/revisions"}],"predecessor-version":[{"id":4839,"href":"https:\/\/hamilton.global\/ca\/wp-json\/wp\/v2\/pages\/232\/revisions\/4839"}],"wp:attachment":[{"href":"https:\/\/hamilton.global\/ca\/wp-json\/wp\/v2\/media?parent=232"}],"curies":[{"name":"wp","href":"https:\/\/api.w.org\/{rel}","templated":true}]}}